{"id":24914,"date":"2025-01-13T17:53:12","date_gmt":"2025-01-14T08:16:03","guid":{"rendered":"https:\/\/www.grillsymbol.com\/?post_type=product&#038;p=24914"},"modified":"2025-01-14T08:16:04","modified_gmt":"2025-01-14T08:16:04","slug":"grillsymbol-marmite-avec-couvercle-98-l","status":"publish","type":"product","link":"https:\/\/www.grillsymbol.com\/fr\/shop\/equipement-de-bbq\/grillsymbol-marmite-avec-couvercle-98-l\/","title":{"rendered":"GrillSymbol Marmite avec couvercle 98 L"},"content":{"rendered":"<ul>\n<li>Capacit\u00e9 : 98 litres (jusqu\\&rsquo;\u00e0 280 portions)<\/li>\n<li>Dimensions : 50 x 50 cm, poids : 14 kg<\/li>\n<li>Mat\u00e9riau de la marmite : acier inoxydable (marque 304)<\/li>\n<li>\u00c9paisseur du fond : 5 mm, compatible avec les plaques \u00e0 induction<\/li>\n<li>Poign\u00e9es en acier inoxydable non chauffantes<\/li>\n<li>Couvercle avec orifices d\\&rsquo;\u00e9vacuation de la vapeur<\/li>\n<li>Compatible lave-vaisselle<\/li>\n<\/ul>\n<p>&nbsp;<\/p>\n<p>La marmite est dot\u00e9e d\\&rsquo;un fond sandwich \u00e0 trois couches combinant acier inoxydable, aluminium et acier magn\u00e9tique. Cette solution assure une r\u00e9partition homog\u00e8ne de la chaleur.<\/p>\n","protected":false},"excerpt":{"rendered":"<p>Une grande marmite \u00e0 soupe id\u00e9ale pour la maison, les cuisines professionnelles, les h\u00f4tels et les restaurants. Compatible avec tous types de feux. Fabriqu\u00e9e en acier inoxydable AISI 304 de haute qualit\u00e9. Fond triple \u00e9paisseur type sandwich pour une r\u00e9partition homog\u00e8ne de la chaleur.<\/p>\n","protected":false},"featured_media":25939,"comment_status":"open","ping_status":"closed","template":"","meta":{"footnotes":""},"class_list":["post-24914","product","type-product","status-publish","has-post-thumbnail","hentry","product_cat-equipement-de-bbq"],"_links":{"self":[{"href":"https:\/\/www.grillsymbol.com\/fr\/wp-json\/wp\/v2\/product\/24914","targetHints":{"allow":["GET"]}}],"collection":[{"href":"https:\/\/www.grillsymbol.com\/fr\/wp-json\/wp\/v2\/product"}],"about":[{"href":"https:\/\/www.grillsymbol.com\/fr\/wp-json\/wp\/v2\/types\/product"}],"replies":[{"embeddable":true,"href":"https:\/\/www.grillsymbol.com\/fr\/wp-json\/wp\/v2\/comments?post=24914"}],"version-history":[{"count":0,"href":"https:\/\/www.grillsymbol.com\/fr\/wp-json\/wp\/v2\/product\/24914\/revisions"}],"wp:featuredmedia":[{"embeddable":true,"href":"https:\/\/www.grillsymbol.com\/fr\/wp-json\/wp\/v2\/media\/25939"}],"wp:attachment":[{"href":"https:\/\/www.grillsymbol.com\/fr\/wp-json\/wp\/v2\/media?parent=24914"}],"curies":[{"name":"wp","href":"https:\/\/api.w.org\/{rel}","templated":true}]}}