{"id":25184,"date":"2025-05-21T07:52:44","date_gmt":"2025-05-21T07:52:44","guid":{"rendered":"https:\/\/www.grillsymbol.com\/shop\/uncategorized\/petteri-wiimaa-base-de-jardiniere-de-foyer-h50-cm-o-200-cm\/"},"modified":"2026-01-14T09:12:52","modified_gmt":"2026-01-14T09:12:52","slug":"petteri-wiimaa-base-de-jardiniere-de-foyer-h50-cm-o-200-cm","status":"publish","type":"product","link":"https:\/\/www.grillsymbol.com\/fr\/shop\/jardinieres-en-acier-corten\/petteri-wiimaa-base-de-jardiniere-de-foyer-h50-cm-o-200-cm\/","title":{"rendered":"Bordure jardin Petteri Wiimaa pour jardini\u00e8re\/brasero, H50 cm, \u00f8 200 cm"},"content":{"rendered":"<ul>\n<li>Ring-250 est fabriqu\u00e9 en acier Cor-Ten de 2-3 mm.<\/li>\n<li>Diam\u00e8tre\u00a0: 200 cm<\/li>\n<li>Hauteur : 50 cm<\/li>\n<li>Poids : environ 80 kg<\/li>\n<li>Le produit est livr\u00e9 en cinq pi\u00e8ces, temps de montage estim\u00e9\u00a0: 30\u00a0minutes.<\/li>\n<li>Disponible \u00e9galement en mod\u00e8le avec socle et pieds, pour une utilisation en milieu urbain. D\u00e9pla\u00e7able avec Rocla ou chariot \u00e9l\u00e9vateur si n\u00e9cessaire.<\/li>\n<\/ul>\n<p>&nbsp;<\/p>\n<p>NB\u00a0! Les produits en acier Cor-Ten sont livr\u00e9s avec une surface rugueuse. \u00c0 l\\&rsquo;\u00e9tat neuf, l\\&rsquo;acier COR-TEN pr\u00e9sente la m\u00eame couleur grise que l\\&rsquo;acier lamin\u00e9 \u00e0 chaud classique. Les instructions de vieillissement sont disponibles sur notre site web ou scann\u00e9es directement sur le produit.<\/p>\n<p>&nbsp;<\/p>\n<h5><a href=\"https:\/\/www.grillsymbol.com\/fr\/a-propos-des-differentes-poeles\/instructions-de-vieillissement-des-produits-en-acier-cor-ten\/\" target=\"_blank\" rel=\"noopener\">Regardez ici : Instructions de vieillissement des produits en acier Cor-Ten<\/a><\/h5>\n","protected":false},"excerpt":{"rendered":"<p>Fabriqu\u00e9 en acier Cor-Ten, ce produit polyvalent peut servir de massif de fleurs, de bordure d\\&rsquo;arbres, de mur de sout\u00e8nement pour jardini\u00e8re ou de brasero. Il peut \u00eatre install\u00e9 sur terrain plat ou en pente, en creusant une partie du diam\u00e8tre du sol. Le produit peut \u00eatre rempli de terre, de pierres d\u00e9coratives, de sable, de morceaux de bois, etc., selon l\\&rsquo;usage pr\u00e9vu.<\/p>\n","protected":false},"featured_media":25177,"comment_status":"open","ping_status":"closed","template":"","meta":{"footnotes":""},"class_list":["post-25184","product","type-product","status-publish","has-post-thumbnail","hentry","product_cat-accessoires-de-jardin","product_cat-jardinieres-en-acier-corten"],"_links":{"self":[{"href":"https:\/\/www.grillsymbol.com\/fr\/wp-json\/wp\/v2\/product\/25184","targetHints":{"allow":["GET"]}}],"collection":[{"href":"https:\/\/www.grillsymbol.com\/fr\/wp-json\/wp\/v2\/product"}],"about":[{"href":"https:\/\/www.grillsymbol.com\/fr\/wp-json\/wp\/v2\/types\/product"}],"replies":[{"embeddable":true,"href":"https:\/\/www.grillsymbol.com\/fr\/wp-json\/wp\/v2\/comments?post=25184"}],"version-history":[{"count":1,"href":"https:\/\/www.grillsymbol.com\/fr\/wp-json\/wp\/v2\/product\/25184\/revisions"}],"predecessor-version":[{"id":32678,"href":"https:\/\/www.grillsymbol.com\/fr\/wp-json\/wp\/v2\/product\/25184\/revisions\/32678"}],"wp:featuredmedia":[{"embeddable":true,"href":"https:\/\/www.grillsymbol.com\/fr\/wp-json\/wp\/v2\/media\/25177"}],"wp:attachment":[{"href":"https:\/\/www.grillsymbol.com\/fr\/wp-json\/wp\/v2\/media?parent=25184"}],"curies":[{"name":"wp","href":"https:\/\/api.w.org\/{rel}","templated":true}]}}