{"id":25216,"date":"2025-05-22T10:33:31","date_gmt":"2025-05-22T10:33:32","guid":{"rendered":"https:\/\/www.grillsymbol.com\/shop\/uncategorized\/grillsymbol-barbecue-argentin-48-x-68-cm\/"},"modified":"2025-08-29T09:03:36","modified_gmt":"2025-08-29T09:03:36","slug":"grillsymbol-argentina-grill-48-x-68-cm","status":"publish","type":"product","link":"https:\/\/www.grillsymbol.com\/fr\/shop\/accessoires-de-barbecue\/grillsymbol-argentina-grill-48-x-68-cm\/","title":{"rendered":"GrillSymbol Module de cuisson Asado argentin 48 x 68 cm ARG-XXL"},"content":{"rendered":"<ul>\n<li>Fabriqu\u00e9 en acier inoxydable (304)<\/li>\n<li>Dimensions de la grille de cuisson : 68 x 49 cm<\/li>\n<li>Avec r\u00e9cup\u00e9rateur de graisse et cadre : 69 x 52 cm<\/li>\n<li>Poids : environ 15 kg<\/li>\n<li>Hauteur de la grille r\u00e9glable gr\u00e2ce \u00e0 un m\u00e9canisme de levage (solution technique : manivelle et plaque filet\u00e9e)<\/li>\n<li>Vidange facile du r\u00e9cup\u00e9rateur de graisse (PAS pendant la cuisson !)<\/li>\n<li>Compatible avec les mod\u00e8les Chef-XXL et Chef-NXXL (mod\u00e8les Cor-Ten et Silver)<\/li>\n<\/ul>\n<p>&nbsp;<\/p>\n<p>Gr\u00e2ce au r\u00e9cup\u00e9rateur de graisse et aux grilles en V, la cuisson sur la grille argentine est plus homog\u00e8ne et le go\u00fbt de br\u00fbl\u00e9 est r\u00e9duit.<\/p>\n<p>&nbsp;<\/p>\n<p>Savourez les meilleurs steaks, travers de porc, saucisses ou l\u00e9gumes avec le GrillSymbol Argentine XXL\u00a0!<\/p>\n<p>&nbsp;<\/p>\n<p>NB\u00a0: Ce produit a \u00e9t\u00e9 passiv\u00e9, c\\&rsquo;est-\u00e0-dire qu\\&rsquo;il a subi un processus chimique qui \u00e9limine la couche d\\&rsquo;oxyde, les r\u00e9sidus de soudure et les traces d\\&rsquo;usinage de la surface de la pi\u00e8ce. En cons\u00e9quence, l\u2019acier inoxydable est plus r\u00e9sistant \u00e0 la corrosion et pr\u00e9sente une couleur gris\u00e2tre uniforme.<\/p>\n","protected":false},"excerpt":{"rendered":"<p>Grille de cuisson Argentine en acier inoxydable avec m\u00e9canisme de levage et r\u00e9cup\u00e9rateur de graisse. Ce dernier assure une cuisson optimale en r\u00e9duisant les flammes. Les profil\u00e9s en V, l\u00e9g\u00e8rement inclin\u00e9s, guident le bac de r\u00e9cup\u00e9ration des graisses. R\u00e9sultat\u00a0: une cuisson plus uniforme et moins de br\u00fbl\u00e9. Savourez des steaks, des travers de porc, des saucisses ou des l\u00e9gumes de qualit\u00e9 sup\u00e9rieure gr\u00e2ce \u00e0 la grille Argentine XXL de GrillSymbol\u00a0!<\/p>\n","protected":false},"featured_media":25203,"comment_status":"open","ping_status":"closed","template":"","meta":{"footnotes":""},"class_list":["post-25216","product","type-product","status-publish","has-post-thumbnail","hentry","product_cat-accessoires-de-barbecue"],"_links":{"self":[{"href":"https:\/\/www.grillsymbol.com\/fr\/wp-json\/wp\/v2\/product\/25216","targetHints":{"allow":["GET"]}}],"collection":[{"href":"https:\/\/www.grillsymbol.com\/fr\/wp-json\/wp\/v2\/product"}],"about":[{"href":"https:\/\/www.grillsymbol.com\/fr\/wp-json\/wp\/v2\/types\/product"}],"replies":[{"embeddable":true,"href":"https:\/\/www.grillsymbol.com\/fr\/wp-json\/wp\/v2\/comments?post=25216"}],"version-history":[{"count":0,"href":"https:\/\/www.grillsymbol.com\/fr\/wp-json\/wp\/v2\/product\/25216\/revisions"}],"wp:featuredmedia":[{"embeddable":true,"href":"https:\/\/www.grillsymbol.com\/fr\/wp-json\/wp\/v2\/media\/25203"}],"wp:attachment":[{"href":"https:\/\/www.grillsymbol.com\/fr\/wp-json\/wp\/v2\/media?parent=25216"}],"curies":[{"name":"wp","href":"https:\/\/api.w.org\/{rel}","templated":true}]}}