{"id":25275,"date":"2025-05-23T08:50:25","date_gmt":"2025-05-23T08:50:26","guid":{"rendered":"https:\/\/www.grillsymbol.com\/shop\/uncategorized\/grillsymbol-bbq-au-charbon-chef-xxl-silver\/"},"modified":"2026-04-22T15:48:58","modified_gmt":"2026-04-22T15:48:58","slug":"grillsymbol-bbq-au-charbon-chef-xxl-silver","status":"publish","type":"product","link":"https:\/\/www.grillsymbol.com\/fr\/shop\/bbq-fumoirs-et-barbecues-au-charbon\/grillsymbol-bbq-au-charbon-chef-xxl-silver\/","title":{"rendered":"GrillSymbol BBQ au charbon Chef XXL Silver OFFRE SP\u00c9CIALE Accessoires suppl\u00e9mentaires inclus pour 272 \u20ac"},"content":{"rendered":"<ul>\n<li>Dimensions\u00a0: 179 x 63 x 113\u00a0cm (largeur x profondeur x hauteur)<\/li>\n<li>Poids\u00a0: environ 120\u00a0kg<\/li>\n<li>Surface de cuisson\u00a0: 116 \u00d7 62\u00a0cm<\/li>\n<li>Hauteur\u00a0: niveau de la grille de cuisson\u00a0: 91\u00a0cm, avec couvercle\u00a0: 113\u00a0cm<\/li>\n<li>Tous les \u00e9l\u00e9ments du gril sont en acier inoxydable<\/li>\n<li>Le gril Chef-XXL Silver est livr\u00e9 avec 3 grilles de cuisson\u00a0: Meat-XXL inox, FTG-XXL inox, Classic-XXL inox<\/li>\n<li>Accessoires suppl\u00e9mentaires disponibles\u00a0: diff\u00e9rentes grilles de cuisson et un wok avec adaptateur et brochettes SKEW-77<\/li>\n<li>Cuisson au charbon de bois ou avec des briquettes<\/li>\n<li>Le gril est \u00e9quip\u00e9 de deux bacs \u00e0 charbon en acier inoxydable de tailles diff\u00e9rentes. Le bac le plus profond permet de pr\u00e9chauffer le charbon.<\/li>\n<li>Les c\u00f4t\u00e9s du gril sont dot\u00e9s d\u2019orifices de ventilation pour une bonne circulation de l\u2019air.<\/li>\n<li>Des encoches sur le bo\u00eetier du gril permettent de fixer les brochettes sur les quatre c\u00f4t\u00e9s.<\/li>\n<li>Le couvercle est dot\u00e9 de trois vannes d\\&rsquo;a\u00e9ration permettant de r\u00e9guler la ventilation. Il est \u00e9quip\u00e9 d\\&rsquo;un thermom\u00e8tre externe gradu\u00e9 de 0 \u00e0 300 \u00b0C.<\/li>\n<li>Roues \u00e0 entra\u00eenement direct recouvertes de caoutchouc\u00a0: diam\u00e8tre 100\u00a0mm<\/li>\n<li>Le produit est livr\u00e9 pr\u00e9-assembl\u00e9. Il suffit de fixer les tablettes lat\u00e9rales et de retirer le film protecteur des pi\u00e8ces en acier inoxydable (temps de montage\u00a0: 15 \u00e0 20\u00a0minutes).<\/li>\n<\/ul>\n<p>&nbsp;<\/p>\n<p><strong>NB\u00a0! Informations importantes\u00a0:<\/strong><\/p>\n<p>Ce produit ne doit pas \u00eatre install\u00e9 sur une surface en bois, car le gril pr\u00e9sente de petites ouvertures par lesquelles des cendres ou des \u00e9tincelles peuvent s\\&rsquo;\u00e9chapper. Nous recommandons d\\&rsquo;installer le gril sur une surface ignifuge ou d\\&rsquo;acheter un socle en Corten ou en acier inoxydable (option).<\/p>\n<p>&nbsp;<\/p>\n<p>Bien qu\\&rsquo;un peu d\\&rsquo;eau puisse s\\&rsquo;infiltrer \u00e0 l\\&rsquo;int\u00e9rieur du barbecue par la microfissure entre le couvercle et le bo\u00eetier en cas de fortes pluies, rien ne se passe\u00a0: l\\&rsquo;exc\u00e9dent d\\&rsquo;eau s\\&rsquo;\u00e9coule par l\\&rsquo;orifice d\\&rsquo;a\u00e9ration situ\u00e9 au fond du barbecue et n\\&rsquo;endommage pas le mat\u00e9riau, l\\&rsquo;acier inoxydable \u00e9tant un mat\u00e9riau durable.<\/p>\n<p>&nbsp;<\/p>\n<p>Lorsque le gril est utilis\u00e9 et expos\u00e9 \u00e0 la chaleur, il arrive que le corps en acier inoxydable du barbecue prenne une teinte violette. Gardez \u00e0 l\u2019esprit que l\u2019ext\u00e9rieur du barbecue changera de couleur avec le temps.<\/p>\n","protected":false},"excerpt":{"rendered":"<p><strong>En cadeau : un Presse \u00e0 Hamburger, (45 EUR), Brochettes 6 pcs x 77 cm (138 EUR), Thermom\u00e8tre Smart \u00e0 viande sans fil, avec 2 sondes (89 EUR) d\u2019une valeur de 272 euros!<\/strong><\/p>\n<p>Le Chef-XXL Silver est un gril \u00e0 grande surface de cuisson, con\u00e7u sans compromis sur les mat\u00e9riaux, garantissant une durabilit\u00e9 \u00e0 long terme. Il permet d\\&rsquo;utiliser jusqu\\&rsquo;\u00e0 trois grilles simultan\u00e9ment, couvrant ainsi toute la surface de cuisson de 116 \u00d7 62 cm. Gr\u00e2ce \u00e0 sa taille et \u00e0 ses performances, le Chef-XXL Silver est id\u00e9al aussi bien pour une terrasse de restaurant que pour l\\&rsquo;arri\u00e8re-cour d\\&rsquo;un v\u00e9ritable passionn\u00e9 de grillades.<\/p>\n<p>&nbsp;<\/p>\n<p>Les mat\u00e9riaux utilis\u00e9s sont d\\&rsquo;\u00e9poque et aucune d\u00e9pense n\u2019a \u00e9t\u00e9 \u00e9pargn\u00e9e ! Le gril est fabriqu\u00e9 en acier inoxydable de 3 mm qui maintient une temp\u00e9rature stable tout au long de la cuisson. Mais le plus impressionnant, ce sont les grilles massives en acier inoxydable de 5 mm, con\u00e7ues pour une exp\u00e9rience de barbecue parfaite.<\/p>\n<p>L\\&rsquo;acier inoxydable est un mat\u00e9riau r\u00e9sistant aux intemp\u00e9ries : le gril Chef XXL Silver vous attend 365 jours par an, en ext\u00e9rieur et par tous les temps.<\/p>\n","protected":false},"featured_media":25746,"comment_status":"open","ping_status":"closed","template":"","meta":{"footnotes":""},"class_list":["post-25275","product","type-product","status-publish","has-post-thumbnail","hentry","product_cat-bbq-fumoirs-et-barbecues-au-charbon"],"_links":{"self":[{"href":"https:\/\/www.grillsymbol.com\/fr\/wp-json\/wp\/v2\/product\/25275","targetHints":{"allow":["GET"]}}],"collection":[{"href":"https:\/\/www.grillsymbol.com\/fr\/wp-json\/wp\/v2\/product"}],"about":[{"href":"https:\/\/www.grillsymbol.com\/fr\/wp-json\/wp\/v2\/types\/product"}],"replies":[{"embeddable":true,"href":"https:\/\/www.grillsymbol.com\/fr\/wp-json\/wp\/v2\/comments?post=25275"}],"version-history":[{"count":1,"href":"https:\/\/www.grillsymbol.com\/fr\/wp-json\/wp\/v2\/product\/25275\/revisions"}],"predecessor-version":[{"id":35555,"href":"https:\/\/www.grillsymbol.com\/fr\/wp-json\/wp\/v2\/product\/25275\/revisions\/35555"}],"wp:featuredmedia":[{"embeddable":true,"href":"https:\/\/www.grillsymbol.com\/fr\/wp-json\/wp\/v2\/media\/25746"}],"wp:attachment":[{"href":"https:\/\/www.grillsymbol.com\/fr\/wp-json\/wp\/v2\/media?parent=25275"}],"curies":[{"name":"wp","href":"https:\/\/api.w.org\/{rel}","templated":true}]}}