{"id":25285,"date":"2025-05-23T09:35:01","date_gmt":"2025-05-23T09:35:01","guid":{"rendered":"https:\/\/www.grillsymbol.com\/shop\/uncategorized\/grillsymbol-bbq-au-charbon-chef-xxl-nouveau\/"},"modified":"2026-04-14T07:03:12","modified_gmt":"2026-04-14T07:03:12","slug":"grillsymbol-bbq-au-charbon-chef-xxl","status":"publish","type":"product","link":"https:\/\/www.grillsymbol.com\/fr\/shop\/bbq-fumoirs-et-barbecues-au-charbon\/grillsymbol-bbq-au-charbon-chef-xxl\/","title":{"rendered":"GrillSymbol BBQ au charbon Chef XXL"},"content":{"rendered":"<ul>\n<li>Dimensions\u00a0: 179 x 63 x 113\u00a0cm (largeur x profondeur x hauteur)<\/li>\n<li>Poids\u00a0: environ 120\u00a0kg<\/li>\n<li>Surface de cuisson\u00a0: 116\u00a0\u00d7\u00a062\u00a0cm<\/li>\n<li>Hauteur\u00a0: niveau de la grille\u00a0: 91\u00a0cm, avec couvercle\u00a0: 113\u00a0cm<\/li>\n<li>Grilles de cuisson en acier inoxydable de 5\u00a0mm, dimensions\u00a0: 61\u00a0\u00d7\u00a038\u00a0cm (poids par grille\u00a0: 10\u00a0kg)<\/li>\n<li>Le gril Chef-XXL est livr\u00e9 avec 3\u00a0grilles de cuisson en acier inoxydable\u00a0: Meat-XXL inox, FTG-XXL inox, Classic-XXL inox<\/li>\n<li>Accessoires suppl\u00e9mentaires disponibles\u00a0: diff\u00e9rentes grilles de cuisson, une po\u00eale WOK avec adaptateur et des brochettes SKEW-47.<\/li>\n<li>Utilisez du charbon de bois ou des briquettes pour la cuisson.<\/li>\n<li>Le gril est \u00e9quip\u00e9 de deux bacs \u00e0 charbon en acier inoxydable de tailles diff\u00e9rentes. Tous deux conviennent pour la cuisson au gril. Le bac le plus profond permet de pr\u00e9chauffer le charbon.<\/li>\n<li>Les c\u00f4t\u00e9s du gril sont dot\u00e9s d\\&rsquo;orifices de ventilation pour une bonne circulation de l\\&rsquo;air.<\/li>\n<li>Des encoches dans le bo\u00eetier permettent de fixer la position des brochettes sur les quatre c\u00f4t\u00e9s.<\/li>\n<li>Le couvercle est \u00e9quip\u00e9 de trois vannes de ventilation permettant de r\u00e9guler la ventilation. Un thermom\u00e8tre externe gradu\u00e9 de 0 \u00e0 300 \u00b0C est \u00e9galement pr\u00e9sent.<\/li>\n<li>Le couvercle, les panneaux lat\u00e9raux et la tablette inf\u00e9rieure sont en acier inoxydable.<\/li>\n<li>Roues \u00e0 entra\u00eenement direct recouvertes de caoutchouc\u00a0: diam\u00e8tre 100\u00a0mm.<\/li>\n<li>Le produit est livr\u00e9 pr\u00e9-assembl\u00e9. Il suffit de fixer les tablettes lat\u00e9rales et de retirer le film protecteur des pi\u00e8ces en acier inoxydable (temps de montage\u00a0: 15 \u00e0 20\u00a0minutes).<\/li>\n<\/ul>\n<p>&nbsp;<\/p>\n<p><strong>NB\u00a0! Informations importantes\u00a0:<\/strong><\/p>\n<p>Bien qu\\&rsquo;un peu d\\&rsquo;eau puisse s\\&rsquo;infiltrer \u00e0 l\\&rsquo;int\u00e9rieur du gril par la microfissure entre le couvercle et le bo\u00eetier en cas de fortes pluies, rien ne se passe\u00a0: l\\&rsquo;exc\u00e8s d\\&rsquo;eau s\\&rsquo;\u00e9coule par l\\&rsquo;orifice de ventilation situ\u00e9 au fond du gril et n\\&rsquo;endommage pas le mat\u00e9riau, l\\&rsquo;acier Cor-Ten \u00e9tant un mat\u00e9riau durable.<\/p>\n<p>La cuisson au barbecue et la chaleur qui l\\&rsquo;accompagne provoquent une coloration plus fonc\u00e9e de l\\&rsquo;acier Cor-Ten du bo\u00eetier du gril que celle illustr\u00e9e sur les photos.<\/p>\n<p>Ce produit ne doit pas \u00eatre install\u00e9 sur un support en bois, car le gril pr\u00e9sente de petites ouvertures par lesquelles de petites quantit\u00e9s de cendres ou d\\&rsquo;\u00e9tincelles peuvent s\\&rsquo;\u00e9chapper.<\/p>\n<p>Les produits en acier Cor-Ten sont livr\u00e9s non trait\u00e9s. \u00c0 l\\&rsquo;\u00e9tat neuf, l\\&rsquo;acier Cor-Ten est gris comme l\\&rsquo;acier lamin\u00e9 \u00e0 chaud. Vous trouverez les instructions de culottage sur notre site web ou vous pouvez scanner directement le produit.<\/p>\n<p>&nbsp;<\/p>\n<h5><a href=\"https:\/\/www.grillsymbol.com\/fr\/a-propos-des-differentes-poeles\/instructions-de-vieillissement-des-produits-en-acier-cor-ten\/\" target=\"_blank\" rel=\"noopener\">Regardez ici : Instructions de vieillissement des produits en acier Cor-Ten<\/a><\/h5>\n","protected":false},"excerpt":{"rendered":"<p>Le gril \u00e0 charbon Chef-XXL repr\u00e9sente une combinaison de bons vieux classiques BBQ et de mat\u00e9riaux contemporains. Ce grand barbecue \u00e0 surface de cuisson, con\u00e7u sans compromis sur les mat\u00e9riaux, garantit une durabilit\u00e9 \u00e0 long terme. Il permet d\\&rsquo;utiliser jusqu\\&rsquo;\u00e0 trois grilles simultan\u00e9ment, couvrant ainsi toute la surface de cuisson de 116 \u00d7 62 cm. Gr\u00e2ce \u00e0 sa taille et \u00e0 ses performances, le Chef-XXL est id\u00e9al aussi bien pour une terrasse de restaurant que pour l\\&rsquo;arri\u00e8re-cour d\\&rsquo;un v\u00e9ritable passionn\u00e9 de grillades.<\/p>\n<p>Son bo\u00eetier en acier Corten de 3 mm maintient une temp\u00e9rature stable tout au long de la cuisson. Ses imposantes grilles en acier inoxydable de 5 mm sont encore plus impressionnantes\u00a0: le tout pour une exp\u00e9rience de cuisson parfaite.<\/p>\n<p>La couleur brun-rouge du bo\u00eetier est assortie \u00e0 des d\u00e9tails en acier inoxydable. Ce gril n\u2019est pas simplement un excellent gril, mais un gril qui se distingue parmi d\u2019autres par son apparence frappante.<\/p>\n<p>&nbsp;<\/p>\n<p>Le Corten et l\\&rsquo;acier inoxydable sont des mat\u00e9riaux r\u00e9sistants aux intemp\u00e9ries : le gril Chef XXL vous attend 365 jours par an, \u00e0 l\\&rsquo;ext\u00e9rieur et par tous les temps imaginables.<\/p>\n","protected":false},"featured_media":25704,"comment_status":"open","ping_status":"closed","template":"","meta":{"footnotes":""},"class_list":["post-25285","product","type-product","status-publish","has-post-thumbnail","hentry","product_cat-bbq-fumoirs-et-barbecues-au-charbon"],"_links":{"self":[{"href":"https:\/\/www.grillsymbol.com\/fr\/wp-json\/wp\/v2\/product\/25285","targetHints":{"allow":["GET"]}}],"collection":[{"href":"https:\/\/www.grillsymbol.com\/fr\/wp-json\/wp\/v2\/product"}],"about":[{"href":"https:\/\/www.grillsymbol.com\/fr\/wp-json\/wp\/v2\/types\/product"}],"replies":[{"embeddable":true,"href":"https:\/\/www.grillsymbol.com\/fr\/wp-json\/wp\/v2\/comments?post=25285"}],"version-history":[{"count":0,"href":"https:\/\/www.grillsymbol.com\/fr\/wp-json\/wp\/v2\/product\/25285\/revisions"}],"wp:featuredmedia":[{"embeddable":true,"href":"https:\/\/www.grillsymbol.com\/fr\/wp-json\/wp\/v2\/media\/25704"}],"wp:attachment":[{"href":"https:\/\/www.grillsymbol.com\/fr\/wp-json\/wp\/v2\/media?parent=25285"}],"curies":[{"name":"wp","href":"https:\/\/api.w.org\/{rel}","templated":true}]}}