{"id":25378,"date":"2025-05-23T15:45:59","date_gmt":"2025-05-23T15:46:00","guid":{"rendered":"https:\/\/www.grillsymbol.com\/shop\/uncategorized\/grillsymbol-thermometre-a-viande-et-a-liquide\/"},"modified":"2025-05-23T15:46:00","modified_gmt":"2025-05-23T15:46:00","slug":"grillsymbol-thermometre-a-viande-et-a-liquide","status":"publish","type":"product","link":"https:\/\/www.grillsymbol.com\/fr\/shop\/accessoires-de-barbecue\/grillsymbol-thermometre-a-viande-et-a-liquide\/","title":{"rendered":"GrillSymbol Thermom\u00e8tre \u00e0 viande et \u00e0 liquide"},"content":{"rendered":"<ul>\n<li style=\"font-weight: 400\"><span style=\"font-weight: 400\">Thermom\u00e8tre num\u00e9rique<\/span><\/li>\n<li style=\"font-weight: 400\"><span style=\"font-weight: 400\">Dimensions : 11,5 x 235 mm, poids : 43 g<\/span><\/li>\n<li style=\"font-weight: 400\"><span style=\"font-weight: 400\">Mat\u00e9riau : acier inoxydable<\/span><\/li>\n<li style=\"font-weight: 400\"><span style=\"font-weight: 400\">Taille de l\u2019\u00e9cran : 28 x 12 mm<\/span><\/li>\n<li style=\"font-weight: 400\"><span style=\"font-weight: 400\">Alimentation : 3 piles LR44 (incluses)<\/span><\/li>\n<li style=\"font-weight: 400\"><span style=\"font-weight: 400\">Pr\u00e9cision de mesure : \u00b11 \u00b0C<\/span><\/li>\n<li style=\"font-weight: 400\"><span style=\"font-weight: 400\">Plage de temp\u00e9rature : -40 \u00b0C \u00e0 +300 \u00b0C<\/span><\/li>\n<li style=\"font-weight: 400\"><span style=\"font-weight: 400\">Fonctions : ON\/OFF\/HOLD, \u00b0C\/\u00b0F<\/span><\/li>\n<\/ul>\n","protected":false},"excerpt":{"rendered":"<p><span style=\"font-weight: 400\">Thermom\u00e8tre pratique, l\u00e9ger et ergonomique pour mesurer la temp\u00e9rature de la viande, du poisson, des liquides, des desserts et plus encore.<\/span><\/p>\n","protected":false},"featured_media":25399,"comment_status":"open","ping_status":"closed","template":"","meta":{"footnotes":""},"class_list":["post-25378","product","type-product","status-publish","has-post-thumbnail","hentry","product_cat-accessoires-de-barbecue"],"_links":{"self":[{"href":"https:\/\/www.grillsymbol.com\/fr\/wp-json\/wp\/v2\/product\/25378","targetHints":{"allow":["GET"]}}],"collection":[{"href":"https:\/\/www.grillsymbol.com\/fr\/wp-json\/wp\/v2\/product"}],"about":[{"href":"https:\/\/www.grillsymbol.com\/fr\/wp-json\/wp\/v2\/types\/product"}],"replies":[{"embeddable":true,"href":"https:\/\/www.grillsymbol.com\/fr\/wp-json\/wp\/v2\/comments?post=25378"}],"version-history":[{"count":0,"href":"https:\/\/www.grillsymbol.com\/fr\/wp-json\/wp\/v2\/product\/25378\/revisions"}],"wp:featuredmedia":[{"embeddable":true,"href":"https:\/\/www.grillsymbol.com\/fr\/wp-json\/wp\/v2\/media\/25399"}],"wp:attachment":[{"href":"https:\/\/www.grillsymbol.com\/fr\/wp-json\/wp\/v2\/media?parent=25378"}],"curies":[{"name":"wp","href":"https:\/\/api.w.org\/{rel}","templated":true}]}}