{"id":25445,"date":"2025-05-29T12:39:40","date_gmt":"2025-05-29T12:39:41","guid":{"rendered":"https:\/\/www.grillsymbol.com\/shop\/uncategorized\/grillsymbol-thermometre-a-viande-magnetique-avec-lecture-ultra-rapide\/"},"modified":"2025-05-29T12:39:41","modified_gmt":"2025-05-29T12:39:41","slug":"grillsymbol-thermometre-a-viande-magnetique-avec-lecture-ultra-rapide","status":"publish","type":"product","link":"https:\/\/www.grillsymbol.com\/fr\/shop\/accessoires-de-barbecue\/grillsymbol-thermometre-a-viande-magnetique-avec-lecture-ultra-rapide\/","title":{"rendered":"GrillSymbol Thermom\u00e8tre \u00e0 viande magn\u00e9tique avec lecture ultra-rapide"},"content":{"rendered":"<ul>\n<li style=\"font-weight: 400\"><span style=\"font-weight: 400\">Ultra-rapide \u2013 temps de mesure : 0,5 seconde<\/span><\/li>\n<li style=\"font-weight: 400\"><span style=\"font-weight: 400\">Thermom\u00e8tre num\u00e9rique avec affichage auto-rotatif \u00e0 180 degr\u00e9s<\/span><\/li>\n<li style=\"font-weight: 400\"><span style=\"font-weight: 400\">Dimensions pli\u00e9 : 170 x 45 x 23 mm<\/span><\/li>\n<li style=\"font-weight: 400\"><span style=\"font-weight: 400\">Sonde : acier inoxydable, diam\u00e8tre : 3,5 mm, diam\u00e8tre de la pointe : 1,7 mm, longueur : 129 mm<\/span><\/li>\n<li style=\"font-weight: 400\"><span style=\"font-weight: 400\">Corps : plastique robuste, r\u00e9sistant \u00e0 l\u2019eau et aux chutes<\/span><\/li>\n<li style=\"font-weight: 400\"><span style=\"font-weight: 400\">ON\/OFF automatique \u00e0 l\u2019ouverture ou au pliage de la sonde<\/span><\/li>\n<li style=\"font-weight: 400\"><span style=\"font-weight: 400\">Arr\u00eat automatique : s\u2019\u00e9teint automatiquement apr\u00e8s 120 secondes<\/span><\/li>\n<li style=\"font-weight: 400\"><span style=\"font-weight: 400\">Alimentation : 1 pile AAA (incluse)<\/span><\/li>\n<li style=\"font-weight: 400\"><span style=\"font-weight: 400\">Pr\u00e9cision de mesure : \u00b1 1 \u00b0C<\/span><\/li>\n<li style=\"font-weight: 400\"><span style=\"font-weight: 400\">Plage de temp\u00e9rature : -50 \u00b0C \u00e0 +300 \u00b0C<\/span><\/li>\n<li style=\"font-weight: 400\"><span style=\"font-weight: 400\">Fonctions : ON\/OFF\/HOLD, \u00b0C\/\u00b0F<\/span><\/li>\n<li style=\"font-weight: 400\"><span style=\"font-weight: 400\">Dos magn\u00e9tique<\/span><\/li>\n<li style=\"font-weight: 400\"><span style=\"font-weight: 400\">Tournevis inclus pour le remplacement des piles<\/span><\/li>\n<\/ul>\n","protected":false},"excerpt":{"rendered":"<p><span style=\"font-weight: 400\">Thermom\u00e8tre pliable pratique, rapide et ergonomique pour mesurer la temp\u00e9rature de la viande, du poisson, des liquides, des desserts et bien plus encore. R\u00e9sistant \u00e0 l\\&rsquo;eau et aux chutes.<\/span><\/p>\n","protected":false},"featured_media":25438,"comment_status":"open","ping_status":"closed","template":"","meta":{"footnotes":""},"class_list":["post-25445","product","type-product","status-publish","has-post-thumbnail","hentry","product_cat-accessoires-de-barbecue"],"_links":{"self":[{"href":"https:\/\/www.grillsymbol.com\/fr\/wp-json\/wp\/v2\/product\/25445","targetHints":{"allow":["GET"]}}],"collection":[{"href":"https:\/\/www.grillsymbol.com\/fr\/wp-json\/wp\/v2\/product"}],"about":[{"href":"https:\/\/www.grillsymbol.com\/fr\/wp-json\/wp\/v2\/types\/product"}],"replies":[{"embeddable":true,"href":"https:\/\/www.grillsymbol.com\/fr\/wp-json\/wp\/v2\/comments?post=25445"}],"version-history":[{"count":0,"href":"https:\/\/www.grillsymbol.com\/fr\/wp-json\/wp\/v2\/product\/25445\/revisions"}],"wp:featuredmedia":[{"embeddable":true,"href":"https:\/\/www.grillsymbol.com\/fr\/wp-json\/wp\/v2\/media\/25438"}],"wp:attachment":[{"href":"https:\/\/www.grillsymbol.com\/fr\/wp-json\/wp\/v2\/media?parent=25445"}],"curies":[{"name":"wp","href":"https:\/\/api.w.org\/{rel}","templated":true}]}}