{"id":25455,"date":"2025-05-29T12:49:57","date_gmt":"2025-05-29T12:49:58","guid":{"rendered":"https:\/\/www.grillsymbol.com\/shop\/uncategorized\/grillsymbol-thermometre-a-viande-magnetique-avec-lecture-instantanee\/"},"modified":"2025-05-29T12:49:58","modified_gmt":"2025-05-29T12:49:58","slug":"grillsymbol-thermometre-a-viande-magnetique-avec-lecture-instantanee","status":"publish","type":"product","link":"https:\/\/www.grillsymbol.com\/fr\/shop\/accessoires-de-barbecue\/grillsymbol-thermometre-a-viande-magnetique-avec-lecture-instantanee\/","title":{"rendered":"GrillSymbol Thermom\u00e8tre \u00e0 viande magn\u00e9tique avec lecture instantan\u00e9e"},"content":{"rendered":"<ul>\n<li style=\"font-weight: 400\"><span style=\"font-weight: 400\">Dimensions pli\u00e9 : 161 x 43 x 18 mm ; taille de l\u2019\u00e9cran : 41 x 23 mm<\/span><\/li>\n<li style=\"font-weight: 400\"><span style=\"font-weight: 400\">Sonde : acier inoxydable, diam\u00e8tre 3,5 mm, diam\u00e8tre de la pointe 1,7 mm, longueur 108 mm<\/span><\/li>\n<li style=\"font-weight: 400\"><span style=\"font-weight: 400\">Corps : plastique durable, r\u00e9sistant \u00e0 l\u2019eau et aux chutes<\/span><\/li>\n<li style=\"font-weight: 400\"><span style=\"font-weight: 400\">ON\/OFF automatique \u00e0 l\u2019ouverture ou au pliage de la sonde<\/span><\/li>\n<li style=\"font-weight: 400\"><span style=\"font-weight: 400\">Arr\u00eat automatique : s\u2019\u00e9teint automatiquement apr\u00e8s 10 minutes<\/span><\/li>\n<li style=\"font-weight: 400\"><span style=\"font-weight: 400\">Alimentation : pile CR2032 3 V, 1 pi\u00e8ce (incluse)<\/span><\/li>\n<li style=\"font-weight: 400\"><span style=\"font-weight: 400\">Pr\u00e9cision de mesure : \u00b1 1 \u00b0C<\/span><\/li>\n<li style=\"font-weight: 400\"><span style=\"font-weight: 400\">Plage de temp\u00e9rature : -50 \u00b0C \u00e0 +300 \u00b0C<\/span><\/li>\n<li style=\"font-weight: 400\"><span style=\"font-weight: 400\">Fonctions : ON\/OFF\/HOLD, \u00b0C\/\u00b0F<\/span><\/li>\n<li style=\"font-weight: 400\"><span style=\"font-weight: 400\">Dos magn\u00e9tique<\/span><\/li>\n<li style=\"font-weight: 400\"><span style=\"font-weight: 400\">D\u00e9capsuleur<\/span><\/li>\n<li style=\"font-weight: 400\"><span style=\"font-weight: 400\">Tournevis inclus pour le remplacement des piles<\/span><\/li>\n<\/ul>\n","protected":false},"excerpt":{"rendered":"<p><span style=\"font-weight: 400\">Thermom\u00e8tre pliable pratique, rapide et ergonomique pour mesurer la temp\u00e9rature de la viande, du poisson, des liquides, des desserts et bien plus encore. R\u00e9sistant \u00e0 l\\&rsquo;eau et aux chutes.<\/span><\/p>\n","protected":false},"featured_media":25448,"comment_status":"open","ping_status":"closed","template":"","meta":{"footnotes":""},"class_list":["post-25455","product","type-product","status-publish","has-post-thumbnail","hentry","product_cat-accessoires-de-barbecue"],"_links":{"self":[{"href":"https:\/\/www.grillsymbol.com\/fr\/wp-json\/wp\/v2\/product\/25455","targetHints":{"allow":["GET"]}}],"collection":[{"href":"https:\/\/www.grillsymbol.com\/fr\/wp-json\/wp\/v2\/product"}],"about":[{"href":"https:\/\/www.grillsymbol.com\/fr\/wp-json\/wp\/v2\/types\/product"}],"replies":[{"embeddable":true,"href":"https:\/\/www.grillsymbol.com\/fr\/wp-json\/wp\/v2\/comments?post=25455"}],"version-history":[{"count":0,"href":"https:\/\/www.grillsymbol.com\/fr\/wp-json\/wp\/v2\/product\/25455\/revisions"}],"wp:featuredmedia":[{"embeddable":true,"href":"https:\/\/www.grillsymbol.com\/fr\/wp-json\/wp\/v2\/media\/25448"}],"wp:attachment":[{"href":"https:\/\/www.grillsymbol.com\/fr\/wp-json\/wp\/v2\/media?parent=25455"}],"curies":[{"name":"wp","href":"https:\/\/api.w.org\/{rel}","templated":true}]}}