{"id":25480,"date":"2025-05-30T08:01:13","date_gmt":"2025-05-30T08:01:14","guid":{"rendered":"https:\/\/www.grillsymbol.com\/shop\/uncategorized\/grillsymbol-thermometre-smart-a-viande-sans-fil-avec-2-sondes\/"},"modified":"2025-05-30T08:01:14","modified_gmt":"2025-05-30T08:01:14","slug":"grillsymbol-thermometre-smart-a-viande-sans-fil-avec-2-sondes","status":"publish","type":"product","link":"https:\/\/www.grillsymbol.com\/fr\/shop\/accessoires-de-barbecue\/grillsymbol-thermometre-smart-a-viande-sans-fil-avec-2-sondes\/","title":{"rendered":"GrillSymbol Thermom\u00e8tre Smart \u00e0 viande sans fil, avec 2 sondes"},"content":{"rendered":"<p>&nbsp;<\/p>\n<ul>\n<li style=\"font-weight: 400\"><span style=\"font-weight: 400\">Connexion au t\u00e9l\u00e9phone via l\\&rsquo;application PROBE PLUS (iOS et Android)<\/span><\/li>\n<li style=\"font-weight: 400\"><span style=\"font-weight: 400\">Port\u00e9e entre la sonde et la station de charge : jusqu\\&rsquo;\u00e0 50 m<\/span><\/li>\n<li style=\"font-weight: 400\"><span style=\"font-weight: 400\">Port\u00e9e entre la sonde et le t\u00e9l\u00e9phone : jusqu\\&rsquo;\u00e0 80 m<\/span><\/li>\n<li style=\"font-weight: 400\"><span style=\"font-weight: 400\">Plage de mesure de la sonde : -10 \u00b0C \u00e0 100 \u00b0C<\/span><\/li>\n<li style=\"font-weight: 400\"><span style=\"font-weight: 400\">Tol\u00e9rance de temp\u00e9rature de la sonde : &lt; 100 \u00b0C ; pointe de la sonde &lt; 300 \u00b0C<\/span><\/li>\n<li style=\"font-weight: 400\"><span style=\"font-weight: 400\">Mat\u00e9riau de la sonde : acier inoxydable 304 ; pointe de la sonde en plastique r\u00e9sistant \u00e0 la chaleur<\/span><\/li>\n<li style=\"font-weight: 400\"><span style=\"font-weight: 400\">Pr\u00e9cision de mesure : \u00b1 1 \u00b0C<\/span><\/li>\n<li style=\"font-weight: 400\"><span style=\"font-weight: 400\">Dimensions de la sonde : 123,4 x 11,6 mm ; diam\u00e8tre de la sonde : 5,5 mm<\/span><\/li>\n<li style=\"font-weight: 400\"><span style=\"font-weight: 400\">Dimensions du chargeur : 146 x 158 x 23,5 mm<\/span><\/li>\n<li style=\"font-weight: 400\"><span style=\"font-weight: 400\">Type de batterie : supercondensateur dans la sonde ; batterie Li-ion 2000 mAh dans la t\u00e9l\u00e9commande<\/span><\/li>\n<li style=\"font-weight: 400\"><span style=\"font-weight: 400\">Temps de charge : sonde : environ 20 \u00e0 30 minutes ; t\u00e9l\u00e9commande : environ 6 heures<\/span><\/li>\n<li style=\"font-weight: 400\"><span style=\"font-weight: 400\">Temps d\\&rsquo;utilisation : sonde : jusqu\\&rsquo;\u00e0 24 heures \u00e0 25 \u00b0C ; Plus de 16 heures \u00e0 75 \u00b0C ; t\u00e9l\u00e9commande (charg\u00e9e) plus de 300 heures<\/span><\/li>\n<li style=\"font-weight: 400\"><span style=\"font-weight: 400\">\u00c9tanch\u00e9it\u00e9 : sonde OUI ; t\u00e9l\u00e9commande NON<\/span><\/li>\n<li style=\"font-weight: 400\"><span style=\"font-weight: 400\">R\u00e9sistance aux chutes : sonde OUI ; t\u00e9l\u00e9commande NON<\/span><\/li>\n<\/ul>\n","protected":false},"excerpt":{"rendered":"<p><span style=\"font-weight: 400\">Thermom\u00e8tre sans fil avec deux sondes, avec station de charge et t\u00e9l\u00e9commande. Port\u00e9e de fonctionnement jusqu\\&rsquo;\u00e0 50 m\u00e8tres, extensible par t\u00e9l\u00e9phone et Wi-Fi. L\\&rsquo;ensemble comprend 2 sondes, une t\u00e9l\u00e9commande et une station de charge en bambou.<\/span><\/p>\n","protected":false},"featured_media":25676,"comment_status":"open","ping_status":"closed","template":"","meta":{"footnotes":""},"class_list":["post-25480","product","type-product","status-publish","has-post-thumbnail","hentry","product_cat-accessoires-de-barbecue"],"_links":{"self":[{"href":"https:\/\/www.grillsymbol.com\/fr\/wp-json\/wp\/v2\/product\/25480","targetHints":{"allow":["GET"]}}],"collection":[{"href":"https:\/\/www.grillsymbol.com\/fr\/wp-json\/wp\/v2\/product"}],"about":[{"href":"https:\/\/www.grillsymbol.com\/fr\/wp-json\/wp\/v2\/types\/product"}],"replies":[{"embeddable":true,"href":"https:\/\/www.grillsymbol.com\/fr\/wp-json\/wp\/v2\/comments?post=25480"}],"version-history":[{"count":0,"href":"https:\/\/www.grillsymbol.com\/fr\/wp-json\/wp\/v2\/product\/25480\/revisions"}],"wp:featuredmedia":[{"embeddable":true,"href":"https:\/\/www.grillsymbol.com\/fr\/wp-json\/wp\/v2\/media\/25676"}],"wp:attachment":[{"href":"https:\/\/www.grillsymbol.com\/fr\/wp-json\/wp\/v2\/media?parent=25480"}],"curies":[{"name":"wp","href":"https:\/\/api.w.org\/{rel}","templated":true}]}}