{"id":25495,"date":"2025-06-11T13:31:01","date_gmt":"2025-06-11T13:31:02","guid":{"rendered":"https:\/\/www.grillsymbol.com\/shop\/uncategorized\/grillsymbol-couvercle-pour-foyer-exterieur-elias-legend\/"},"modified":"2025-06-11T13:31:02","modified_gmt":"2025-06-11T13:31:02","slug":"grillsymbol-couvercle-pour-foyer-exterieur-elias-legend","status":"publish","type":"product","link":"https:\/\/www.grillsymbol.com\/fr\/shop\/braseros-en-acier-corten\/grillsymbol-couvercle-pour-foyer-exterieur-elias-legend\/","title":{"rendered":"GrillSymbol Couvercle pour foyer ext\u00e9rieur Elias, Legend"},"content":{"rendered":"<ul>\n<li>Fabriqu\u00e9 en acier Cor-Ten de 2\u00a0mm<\/li>\n<li>Diam\u00e8tre 88 cm<\/li>\n<li>Poids 10 kg<\/li>\n<li>Parties en bois des poign\u00e9es : ch\u00eane teint\u00e9<\/li>\n<li>Les coins de fixation du couvercle sont fix\u00e9s avec des boulons M6<\/li>\n<li>Temps de montage estim\u00e9 5-10 min<\/li>\n<\/ul>\n<p>&nbsp;<\/p>\n<p>NB ! Les produits en acier Cor-Ten sont livr\u00e9s non trait\u00e9s. Lorsqu\u2019il est neuf, l\u2019acier Cor-Ten est de couleur grise comme l\u2019acier lamin\u00e9 \u00e0 chaud habituel. Vous pouvez trouver les instructions de vieillissement sur notre site Web ou vous pouvez les scanner directement sur le produit. Les produits en acier Cor-Ten peuvent \u00eatre stock\u00e9s \u00e0 l\u2019ext\u00e9rieur toute l\u2019ann\u00e9e. Ne n\u00e9cessite pas de stockage.<\/p>\n<p>&nbsp;<\/p>\n<p>&nbsp;<\/p>\n<h5><a href=\"https:\/\/www.grillsymbol.com\/fr\/a-propos-des-differentes-poeles\/instructions-de-vieillissement-des-produits-en-acier-cor-ten\/\" target=\"_blank\" rel=\"noopener\">Regardez ici : Instructions de vieillissement des produits en acier Cor-Ten<\/a><\/h5>\n","protected":false},"excerpt":{"rendered":"<p>Couvercle pour brasero Elias et Legend en acier Cor-Ten. Le couvercle donne au produit un aspect plus esth\u00e9tique et cache le foyer \u00e0 l\u2019int\u00e9rieur du brasero. Cela vous permet \u00e9galement de garder le brasero principalement au sec.<\/p>\n<p>L\u2019acier Cor-Ten est un acier au carbone presque pur mais trait\u00e9 de mani\u00e8re \u00e0 avoir une couche protectrice sur la surface pour la rendre r\u00e9sistante aux intemp\u00e9ries. La surface est \u00e0 l\u2019origine gris\u00e2tre, puis elle devient brun rouge\u00e2tre (ressemble \u00e0 la couleur de la rouille), qui devient plus fonc\u00e9e avec le temps. S\u2019il est utilis\u00e9 correctement, l\u2019acier Cor-Ten est expressif, durable et sans entretien et peut tenir le temps \u00e0 sa mani\u00e8re unique.<\/p>\n<p>&nbsp;<\/p>\n<p><strong>Design : Petteri Wiimaa<\/strong><\/p>\n","protected":false},"featured_media":22959,"comment_status":"open","ping_status":"closed","template":"","meta":{"footnotes":""},"class_list":["post-25495","product","type-product","status-publish","has-post-thumbnail","hentry","product_cat-braseros-en-acier-corten"],"_links":{"self":[{"href":"https:\/\/www.grillsymbol.com\/fr\/wp-json\/wp\/v2\/product\/25495","targetHints":{"allow":["GET"]}}],"collection":[{"href":"https:\/\/www.grillsymbol.com\/fr\/wp-json\/wp\/v2\/product"}],"about":[{"href":"https:\/\/www.grillsymbol.com\/fr\/wp-json\/wp\/v2\/types\/product"}],"replies":[{"embeddable":true,"href":"https:\/\/www.grillsymbol.com\/fr\/wp-json\/wp\/v2\/comments?post=25495"}],"version-history":[{"count":0,"href":"https:\/\/www.grillsymbol.com\/fr\/wp-json\/wp\/v2\/product\/25495\/revisions"}],"wp:featuredmedia":[{"embeddable":true,"href":"https:\/\/www.grillsymbol.com\/fr\/wp-json\/wp\/v2\/media\/22959"}],"wp:attachment":[{"href":"https:\/\/www.grillsymbol.com\/fr\/wp-json\/wp\/v2\/media?parent=25495"}],"curies":[{"name":"wp","href":"https:\/\/api.w.org\/{rel}","templated":true}]}}