{"id":25630,"date":"2025-07-10T13:11:58","date_gmt":"2025-07-10T13:11:58","guid":{"rendered":"https:\/\/www.grillsymbol.com\/shop\/uncategorized\/grillsymbol-gants-resistants-a-la-chaleur-taille-10\/"},"modified":"2025-07-10T13:11:58","modified_gmt":"2025-07-10T13:11:58","slug":"grillsymbol-gants-resistants-a-la-chaleur-taille-10","status":"publish","type":"product","link":"https:\/\/www.grillsymbol.com\/fr\/shop\/accessoires-de-barbecue\/grillsymbol-gants-resistants-a-la-chaleur-taille-10\/","title":{"rendered":"GrillSymbol Gants r\u00e9sistants \u00e0 la chaleur, taille 10"},"content":{"rendered":"<ul>\n<li>Les gants HRG offrent une protection contre tous types de chaleur.<\/li>\n<li>Fabriqu\u00e9s en fibres para- et m\u00e9ta-aramides (le m\u00eame type de mat\u00e9riau que celui utilis\u00e9 pour les uniformes des pompiers).<\/li>\n<li>Offrent une protection contre la chaleur plus longue que quelques secondes.<\/li>\n<li>L\\&rsquo;int\u00e9rieur du gant est doubl\u00e9 d\\&rsquo;un coton doux et respirant.<\/li>\n<li>La manchette plus longue prot\u00e8ge \u00e9galement le poignet.<\/li>\n<li>Taille 10<\/li>\n<\/ul>\n","protected":false},"excerpt":{"rendered":"<p>Gants extr\u00eamement r\u00e9sistants \u00e0 la chaleur, \u00e0 utiliser lors de travaux dans des conditions chaudes telles que les grillades, les feux de camp, le travail avec une cuisini\u00e8re ou un four, etc.<\/p>\n","protected":false},"featured_media":25619,"comment_status":"open","ping_status":"closed","template":"","meta":{"footnotes":""},"class_list":["post-25630","product","type-product","status-publish","has-post-thumbnail","hentry","product_cat-accessoires-de-barbecue"],"_links":{"self":[{"href":"https:\/\/www.grillsymbol.com\/fr\/wp-json\/wp\/v2\/product\/25630","targetHints":{"allow":["GET"]}}],"collection":[{"href":"https:\/\/www.grillsymbol.com\/fr\/wp-json\/wp\/v2\/product"}],"about":[{"href":"https:\/\/www.grillsymbol.com\/fr\/wp-json\/wp\/v2\/types\/product"}],"replies":[{"embeddable":true,"href":"https:\/\/www.grillsymbol.com\/fr\/wp-json\/wp\/v2\/comments?post=25630"}],"version-history":[{"count":0,"href":"https:\/\/www.grillsymbol.com\/fr\/wp-json\/wp\/v2\/product\/25630\/revisions"}],"wp:featuredmedia":[{"embeddable":true,"href":"https:\/\/www.grillsymbol.com\/fr\/wp-json\/wp\/v2\/media\/25619"}],"wp:attachment":[{"href":"https:\/\/www.grillsymbol.com\/fr\/wp-json\/wp\/v2\/media?parent=25630"}],"curies":[{"name":"wp","href":"https:\/\/api.w.org\/{rel}","templated":true}]}}