{"id":26086,"date":"2025-09-25T09:20:09","date_gmt":"2025-09-25T09:20:10","guid":{"rendered":"https:\/\/www.grillsymbol.com\/shop\/uncategorized\/grillsymbol-poele-en-fonte-o-35-cm\/"},"modified":"2025-09-25T09:20:10","modified_gmt":"2025-09-25T09:20:10","slug":"grillsymbol-poele-en-fonte-o-35-cm","status":"publish","type":"product","link":"https:\/\/www.grillsymbol.com\/fr\/shop\/accessoires-de-barbecue\/grillsymbol-poele-en-fonte-o-35-cm\/","title":{"rendered":"GrillSymbol Po\u00eale en fonte \u00f8 35 cm"},"content":{"rendered":"<ul>\n<li style=\"font-weight: 400\"><span style=\"font-weight: 400\">Diam\u00e8tre : 35 cm<\/span><\/li>\n<li style=\"font-weight: 400\"><span style=\"font-weight: 400\">Poids : 4 kg<\/span><\/li>\n<li style=\"font-weight: 400\"><span style=\"font-weight: 400\">Convient pour une utilisation sur un gril, un br\u00fbleur \u00e0 gaz ou une flamme nue<\/span><\/li>\n<li style=\"font-weight: 400\"><span style=\"font-weight: 400\">Compatible avec tous types de plaques de cuisson<\/span><\/li>\n<li style=\"font-weight: 400\"><span style=\"font-weight: 400\">Sur les plaques vitroc\u00e9ramiques, il est pr\u00e9f\u00e9rable de sur\u00e9lever la po\u00eale en fonte pour \u00e9viter de la rayer.<\/span><\/li>\n<li style=\"font-weight: 400\"><span style=\"font-weight: 400\">Huiler avant utilisation.<\/span><\/li>\n<li style=\"font-weight: 400\"><span style=\"font-weight: 400\">Conserver la po\u00eale en fonte dans un endroit sec.<\/span><\/li>\n<\/ul>\n","protected":false},"excerpt":{"rendered":"<p><span style=\"font-weight: 400\">Po\u00eale en fonte compatible avec les br\u00fbleurs \u00e0 gaz, les grils, les cuisini\u00e8res et autres appareils. La fonte offre une excellente conductivit\u00e9 thermique, une grande durabilit\u00e9 et des performances durables. Avec un entretien appropri\u00e9, une po\u00eale en fonte peut durer des d\u00e9cennies.<\/span><\/p>\n","protected":false},"featured_media":26070,"comment_status":"open","ping_status":"closed","template":"","meta":{"footnotes":""},"class_list":["post-26086","product","type-product","status-publish","has-post-thumbnail","hentry","product_cat-accessoires-de-barbecue"],"_links":{"self":[{"href":"https:\/\/www.grillsymbol.com\/fr\/wp-json\/wp\/v2\/product\/26086","targetHints":{"allow":["GET"]}}],"collection":[{"href":"https:\/\/www.grillsymbol.com\/fr\/wp-json\/wp\/v2\/product"}],"about":[{"href":"https:\/\/www.grillsymbol.com\/fr\/wp-json\/wp\/v2\/types\/product"}],"replies":[{"embeddable":true,"href":"https:\/\/www.grillsymbol.com\/fr\/wp-json\/wp\/v2\/comments?post=26086"}],"version-history":[{"count":0,"href":"https:\/\/www.grillsymbol.com\/fr\/wp-json\/wp\/v2\/product\/26086\/revisions"}],"wp:featuredmedia":[{"embeddable":true,"href":"https:\/\/www.grillsymbol.com\/fr\/wp-json\/wp\/v2\/media\/26070"}],"wp:attachment":[{"href":"https:\/\/www.grillsymbol.com\/fr\/wp-json\/wp\/v2\/media?parent=26086"}],"curies":[{"name":"wp","href":"https:\/\/api.w.org\/{rel}","templated":true}]}}