{"id":35031,"date":"2026-02-11T13:27:46","date_gmt":"2026-02-11T13:27:47","guid":{"rendered":"https:\/\/www.grillsymbol.com\/shop\/uncategorized\/petteri-wiimaa-jardiniere-en-acier-corten-mia-xxl\/"},"modified":"2026-02-12T09:28:16","modified_gmt":"2026-02-12T09:28:16","slug":"petteri-wiimaa-jardiniere-en-acier-corten-mia-xxl","status":"publish","type":"product","link":"https:\/\/www.grillsymbol.com\/fr\/shop\/jardinieres-en-acier-corten\/petteri-wiimaa-jardiniere-en-acier-corten-mia-xxl\/","title":{"rendered":"Petteri Wiimaa Jardini\u00e8re en acier Corten Mia XXL"},"content":{"rendered":"<p><strong>Sp\u00e9cifications techniques:<\/strong><\/p>\n<p>&nbsp;<\/p>\n<ul>\n<li>Mat\u00e9riau: acier Cor-Ten de 2 mm.<\/li>\n<li>Trous de drainage au fond des pots de fleurs.<\/li>\n<li>Diam\u00e8tre: 60 cm<\/li>\n<li>Hauteur: 80 cm<\/li>\n<li>Poids: 60 kg<\/li>\n<\/ul>\n<p>&nbsp;<\/p>\n<p>NB\u00a0! La jardini\u00e8re est fabriqu\u00e9e \u00e0 la main. Donc, sans couche de rouille de l\u00e9g\u00e8res irr\u00e9gularit\u00e9s peuvent se produire aux points de soudure du produit. Cependant, lorsque la couche de rouille Cor-Ten se forme, les irr\u00e9gularit\u00e9s se dissipent.<\/p>\n<p>&nbsp;<\/p>\n<p>Les produits COR-TEN\u00ae peuvent \u00eatre stock\u00e9s \u00e0 l&rsquo;ext\u00e9rieur toute l&rsquo;ann\u00e9e. Ne n\u00e9cessite pas de stockage.<\/p>\n<p>&nbsp;<\/p>\n<blockquote class=\"wp-embedded-content\" data-secret=\"O8879A2Kqa\"><p><a href=\"https:\/\/www.grillsymbol.com\/fr\/a-propos-des-differentes-poeles\/instructions-de-vieillissement-des-produits-en-acier-cor-ten\/\">Cor-Ten Steel products seasoning instructions<\/a><\/p><\/blockquote>\n<p><iframe loading=\"lazy\" class=\"wp-embedded-content\" sandbox=\"allow-scripts\" security=\"restricted\" style=\"position: absolute; visibility: hidden;\" title=\"\u00ab\u00a0Cor-Ten Steel products seasoning instructions\u00a0\u00bb &#8212; GrillSymbol\" src=\"https:\/\/www.grillsymbol.com\/fr\/a-propos-des-differentes-poeles\/instructions-de-vieillissement-des-produits-en-acier-cor-ten\/embed\/#?secret=522y2UZ3SH#?secret=O8879A2Kqa\" data-secret=\"O8879A2Kqa\" width=\"600\" height=\"338\" frameborder=\"0\" marginwidth=\"0\" marginheight=\"0\" scrolling=\"no\"><\/iframe><\/p>\n","protected":false},"excerpt":{"rendered":"<p>Le pot de fleurs est en acier Cor-Ten.<\/p>\n<p>Design : Petteri Wiimaa<\/p>\n<p>L\u2019acier Cor-Ten est un acier au carbone presque pur mais trait\u00e9 de mani\u00e8re \u00e0 avoir une couche protectrice sur la surface pour la rendre r\u00e9sistante aux intemp\u00e9ries. La surface est \u00e0 l&rsquo;origine gris\u00e2tre, puis elle devient brun rouge\u00e2tre (ressemble \u00e0 la couleur de la rouille), qui devient plus fonc\u00e9e avec le temps. S&rsquo;il est utilis\u00e9 correctement, l&rsquo;acier Cor-Ten est expressif, durable et sans entretien et peut tenir le temps \u00e0 sa mani\u00e8re unique.<\/p>\n","protected":false},"featured_media":34998,"comment_status":"open","ping_status":"closed","template":"","meta":{"footnotes":""},"class_list":["post-35031","product","type-product","status-publish","has-post-thumbnail","hentry","product_cat-jardinieres-en-acier-corten"],"_links":{"self":[{"href":"https:\/\/www.grillsymbol.com\/fr\/wp-json\/wp\/v2\/product\/35031","targetHints":{"allow":["GET"]}}],"collection":[{"href":"https:\/\/www.grillsymbol.com\/fr\/wp-json\/wp\/v2\/product"}],"about":[{"href":"https:\/\/www.grillsymbol.com\/fr\/wp-json\/wp\/v2\/types\/product"}],"replies":[{"embeddable":true,"href":"https:\/\/www.grillsymbol.com\/fr\/wp-json\/wp\/v2\/comments?post=35031"}],"version-history":[{"count":1,"href":"https:\/\/www.grillsymbol.com\/fr\/wp-json\/wp\/v2\/product\/35031\/revisions"}],"predecessor-version":[{"id":35036,"href":"https:\/\/www.grillsymbol.com\/fr\/wp-json\/wp\/v2\/product\/35031\/revisions\/35036"}],"wp:featuredmedia":[{"embeddable":true,"href":"https:\/\/www.grillsymbol.com\/fr\/wp-json\/wp\/v2\/media\/34998"}],"wp:attachment":[{"href":"https:\/\/www.grillsymbol.com\/fr\/wp-json\/wp\/v2\/media?parent=35031"}],"curies":[{"name":"wp","href":"https:\/\/api.w.org\/{rel}","templated":true}]}}