{"id":8799,"date":"2020-11-30T08:46:06","date_gmt":"2020-11-30T08:46:06","guid":{"rendered":"https:\/\/www.grillsymbol.com\/shop\/uncategorized\/grillsymbol-cor-ten-steel-flower-pot-set-of-2-fiora\/"},"modified":"2023-05-09T13:34:43","modified_gmt":"2023-05-09T13:34:43","slug":"petteri-wiimaa-jardinieres-en-acier-corten-fiora-la-paire","status":"publish","type":"product","link":"https:\/\/www.grillsymbol.com\/fr\/shop\/jardinieres-en-acier-corten\/petteri-wiimaa-jardinieres-en-acier-corten-fiora-la-paire\/","title":{"rendered":"Petteri Wiimaa Jardini\u00e8res en acier Corten Fiora &#8211; la paire"},"content":{"rendered":"<p><strong>Sp\u00e9cifications techniques:<\/strong><\/p>\n<p>&nbsp;<\/p>\n<ul>\n<li>Mat\u00e9riau : acier Cor-Ten de 3 mm.<\/li>\n<li>Trous de drainage au fond des pots de fleurs.<\/li>\n<li>L\u2019ensemble de 2 = 1 pi\u00e8ce Fiora-S + 1 pi\u00e8ce Fiora-M.<\/li>\n<\/ul>\n<p><strong>\u00a0<\/strong><\/p>\n<p><strong>Dimensions : <\/strong><\/p>\n<p>Fiora S : 30 x 30 x 30 cm.<\/p>\n<p>Fiora M : 37 x 37 x 37 cm.<\/p>\n<p><strong>\u00a0<\/strong><\/p>\n<p>Les produits COR-TEN\u00ae peuvent \u00eatre stock\u00e9s \u00e0 l&rsquo;ext\u00e9rieur toute l&rsquo;ann\u00e9e. Ne n\u00e9cessite pas de stockage.<\/p>\n<p>&nbsp;<\/p>\n<blockquote class=\"wp-embedded-content\" data-secret=\"cbOakT97Vs\"><p><a href=\"https:\/\/www.grillsymbol.com\/fr\/a-propos-des-differentes-poeles\/instructions-de-vieillissement-des-produits-en-acier-cor-ten\/\">COR-TEN\u00ae Steel products seasoning instructions<\/a><\/p><\/blockquote>\n<p><iframe loading=\"lazy\" class=\"wp-embedded-content\" sandbox=\"allow-scripts\" security=\"restricted\" style=\"position: absolute; clip: rect(1px, 1px, 1px, 1px);\" title=\"\u00ab\u00a0COR-TEN\u00ae Steel products seasoning instructions\u00a0\u00bb &#8212; GrillSymbol\" src=\"https:\/\/www.grillsymbol.com\/fr\/a-propos-des-differentes-poeles\/instructions-de-vieillissement-des-produits-en-acier-cor-ten\/embed\/#?secret=cbOakT97Vs\" data-secret=\"cbOakT97Vs\" width=\"600\" height=\"338\" frameborder=\"0\" marginwidth=\"0\" marginheight=\"0\" scrolling=\"no\"><\/iframe><\/p>\n","protected":false},"excerpt":{"rendered":"<p>Les pots de fleurs sont en acier Cor-Ten<strong>. <\/strong>L&rsquo;ensemble contient 2 pots de fleurs.<\/p>\n<p><strong>Desing : Petteri Wiimaa<\/strong><\/p>\n<p><strong>\u00a0<\/strong><\/p>\n<p>L\u2019acier Cor-Ten est un acier au carbone presque pur mais trait\u00e9 de mani\u00e8re \u00e0 avoir une couche protectrice sur la surface pour la rendre r\u00e9sistante aux intemp\u00e9ries. La surface est \u00e0 l&rsquo;origine gris\u00e2tre, puis elle devient brun rouge\u00e2tre (ressemble \u00e0 la couleur de la rouille), qui devient plus fonc\u00e9e avec le temps. S&rsquo;il est utilis\u00e9 correctement, l&rsquo;acier Cor-Ten est expressif, durable et sans entretien et peut tenir le temps \u00e0 sa mani\u00e8re unique.<\/p>\n<p>&nbsp;<\/p>\n","protected":false},"featured_media":18523,"comment_status":"open","ping_status":"closed","template":"","meta":{"footnotes":""},"class_list":["post-8799","product","type-product","status-publish","has-post-thumbnail","hentry","product_cat-jardinieres-en-acier-corten"],"_links":{"self":[{"href":"https:\/\/www.grillsymbol.com\/fr\/wp-json\/wp\/v2\/product\/8799","targetHints":{"allow":["GET"]}}],"collection":[{"href":"https:\/\/www.grillsymbol.com\/fr\/wp-json\/wp\/v2\/product"}],"about":[{"href":"https:\/\/www.grillsymbol.com\/fr\/wp-json\/wp\/v2\/types\/product"}],"replies":[{"embeddable":true,"href":"https:\/\/www.grillsymbol.com\/fr\/wp-json\/wp\/v2\/comments?post=8799"}],"version-history":[{"count":0,"href":"https:\/\/www.grillsymbol.com\/fr\/wp-json\/wp\/v2\/product\/8799\/revisions"}],"wp:featuredmedia":[{"embeddable":true,"href":"https:\/\/www.grillsymbol.com\/fr\/wp-json\/wp\/v2\/media\/18523"}],"wp:attachment":[{"href":"https:\/\/www.grillsymbol.com\/fr\/wp-json\/wp\/v2\/media?parent=8799"}],"curies":[{"name":"wp","href":"https:\/\/api.w.org\/{rel}","templated":true}]}}