{"id":8863,"date":"2020-11-20T08:46:44","date_gmt":"2020-11-20T08:46:44","guid":{"rendered":"https:\/\/www.grillsymbol.com\/shop\/uncategorized\/grillsymbol-stainless-steel-fire-pit-luna-silver\/"},"modified":"2026-03-27T14:05:29","modified_gmt":"2026-03-27T14:05:29","slug":"grillsymbol-foyer-inox-luna-silver-o-119-cm","status":"publish","type":"product","link":"https:\/\/www.grillsymbol.com\/fr\/shop\/braseros-en-acier-corten\/grillsymbol-foyer-inox-luna-silver-o-119-cm\/","title":{"rendered":"GrillSymbol Foyer inox Luna-Silver \u00f8 119 cm"},"content":{"rendered":"<p><strong>Sp\u00e9cifications techniques:.<\/strong><\/p>\n<ul>\n<li>Le panneau ext\u00e9rieur et le foyer int\u00e9rieur sont en acier inoxydable de 5 mm.<\/li>\n<li>L\\&rsquo;\u00e9paisseur du mat\u00e9riau du reste des d\u00e9tails est de 3 mm.<\/li>\n<li>Le panneau ext\u00e9rieur ne chauffe pas \u00e0 cause de l\\&rsquo;espace d\\&rsquo;air entre deux panneaux.<\/li>\n<li>Le prix du foyer ext\u00e9rieur contient le couvercle du foyer, qui peut aider \u00e0 garder le bois de chauffage dans le panier au sec.<\/li>\n<li>Diam\u00e8tre : 119cm.<\/li>\n<li>Hauteur : 47 cm.<\/li>\n<li>Au milieu, il y a un panier pour le bois de chauffage et les cendres qui peuvent \u00eatre retir\u00e9s et nettoy\u00e9s.<\/li>\n<li>Poids total : 200 kg (mis sur palette EUR pour le transport).<\/li>\n<li>Les pierres sont incluses dans l\\&rsquo;ensemble (Extra Black ou Valencia Rose).<\/li>\n<li>Le foyer ext\u00e9rieur contient des gravillons de granit, qui sont install\u00e9s entre deux cercles.<\/li>\n<li>Le foyer ext\u00e9rieur au bois est soutenu au sol par trois pieds.<\/li>\n<li>Gr\u00e2ce \u00e0 sa taille, il est adapt\u00e9 \u00e0 une utilisation dans les lieux publics : terrasses de restaurants, centres de golf, etc.<\/li>\n<\/ul>\n<p>&nbsp;<\/p>\n<p>Le produit ne doit pas \u00eatre install\u00e9 sur une base en bois car le foyer deviendra chaud pendant le feu. Il y a des trous au fond du foyer d\\&rsquo;o\u00f9 peuvent tomber de petits morceaux de charbon. Les trous dans le fond fonctionnent comme des trous de drainage pour emp\u00eacher l\\&rsquo;eau stagnante de s\\&rsquo;accumuler \u00e0 l\\&rsquo;int\u00e9rieur du foyer.<\/p>\n<p>&nbsp;<\/p>\n<p>NB! La grille sur les photos n\u2019est pas incluse. Il est disponible en accessoire.<\/p>\n","protected":false},"excerpt":{"rendered":"<p>Un produit avec le plus grand foyer de notre gamme de produits.<\/p>\n<p><strong>Design : Petteri Wiimaa.<\/strong><\/p>\n<p>&nbsp;<\/p>\n","protected":false},"featured_media":23103,"comment_status":"open","ping_status":"closed","template":"","meta":{"footnotes":""},"class_list":["post-8863","product","type-product","status-publish","has-post-thumbnail","hentry","product_cat-braseros-en-acier-corten"],"_links":{"self":[{"href":"https:\/\/www.grillsymbol.com\/fr\/wp-json\/wp\/v2\/product\/8863","targetHints":{"allow":["GET"]}}],"collection":[{"href":"https:\/\/www.grillsymbol.com\/fr\/wp-json\/wp\/v2\/product"}],"about":[{"href":"https:\/\/www.grillsymbol.com\/fr\/wp-json\/wp\/v2\/types\/product"}],"replies":[{"embeddable":true,"href":"https:\/\/www.grillsymbol.com\/fr\/wp-json\/wp\/v2\/comments?post=8863"}],"version-history":[{"count":0,"href":"https:\/\/www.grillsymbol.com\/fr\/wp-json\/wp\/v2\/product\/8863\/revisions"}],"wp:featuredmedia":[{"embeddable":true,"href":"https:\/\/www.grillsymbol.com\/fr\/wp-json\/wp\/v2\/media\/23103"}],"wp:attachment":[{"href":"https:\/\/www.grillsymbol.com\/fr\/wp-json\/wp\/v2\/media?parent=8863"}],"curies":[{"name":"wp","href":"https:\/\/api.w.org\/{rel}","templated":true}]}}