{"id":8895,"date":"2020-11-17T07:17:28","date_gmt":"2020-11-17T07:17:28","guid":{"rendered":"https:\/\/www.grillsymbol.com\/shop\/uncategorized\/grillsymbol-cor-ten-steel-flower-pot-clara-xl\/"},"modified":"2024-03-30T12:44:53","modified_gmt":"2024-03-30T12:44:53","slug":"petteri-wiimaa-jardiniere-en-acier-corten-clara-xl","status":"publish","type":"product","link":"https:\/\/www.grillsymbol.com\/fr\/shop\/jardinieres-en-acier-corten\/petteri-wiimaa-jardiniere-en-acier-corten-clara-xl\/","title":{"rendered":"Petteri Wiimaa Jardini\u00e8re en acier Corten Clara XL"},"content":{"rendered":"<ul>\n<li>Mat\u00e9riau : acier Cor-Ten de 2 mm.<\/li>\n<li>Mesures : 60 x 60 x 60 cm.<\/li>\n<li>Poids : ca 32 kg<\/li>\n<li>Trous de drainage au fond des pots de fleurs<\/li>\n<li>La jardini\u00e8re est livr\u00e9e en pi\u00e8ces non assembl\u00e9es, temps de montage approximatif 20 min<\/li>\n<\/ul>\n<p><strong>\u00a0<\/strong><\/p>\n<p>&nbsp;<\/p>\n<p>NB ! Les produits en acier Cor-Ten sont livr\u00e9s non trait\u00e9s. Lorsqu\u2019il est neuf, l\u2019acier Cor-Ten est de couleur grise comme l\u2019acier lamin\u00e9 \u00e0 chaud habituel. Vous pouvez trouver les instructions de vieillissement sur notre site Web ou vous pouvez les scanner directement sur le produit. Les produits en acier Cor-Ten peuvent \u00eatre stock\u00e9s \u00e0 l\u2019ext\u00e9rieur toute l\u2019ann\u00e9e. Ne n\u00e9cessite pas de stockage.<\/p>\n<p>&nbsp;<\/p>\n<p>&nbsp;<\/p>\n<h5><a href=\"https:\/\/www.grillsymbol.com\/fr\/a-propos-des-differentes-poeles\/instructions-de-vieillissement-des-produits-en-acier-cor-ten\/\" target=\"_blank\" rel=\"noopener\">Regardez ici : Instructions de vieillissement des produits en acier Cor-Ten<\/a><\/h5>\n","protected":false},"excerpt":{"rendered":"<p>Le pot de fleurs est en acier Cor-Ten<strong>. <\/strong>L\u2019acier Cor-Ten est un acier au carbone presque pur mais trait\u00e9 de mani\u00e8re \u00e0 avoir une couche protectrice sur la surface pour la rendre r\u00e9sistante aux intemp\u00e9ries. La surface est \u00e0 l\\&rsquo;origine gris\u00e2tre, puis elle devient brun rouge\u00e2tre (ressemble \u00e0 la couleur de la rouille), qui devient plus fonc\u00e9e avec le temps. S\\&rsquo;il est utilis\u00e9 correctement, l\\&rsquo;acier Cor-Ten est expressif, durable et sans entretien et peut tenir le temps \u00e0 sa mani\u00e8re unique.<\/p>\n<p><strong>Design : Petteri Wiimaa.<\/strong><\/p>\n<p>&nbsp;<\/p>\n","protected":false},"featured_media":21994,"comment_status":"open","ping_status":"closed","template":"","meta":{"footnotes":""},"class_list":{"0":"post-8895","1":"product","2":"type-product","3":"status-publish","4":"has-post-thumbnail","5":"hentry","6":"product_cat-jardinieres-modulaires","8":"product_cat-jardinieres-en-acier-corten"},"_links":{"self":[{"href":"https:\/\/www.grillsymbol.com\/fr\/wp-json\/wp\/v2\/product\/8895","targetHints":{"allow":["GET"]}}],"collection":[{"href":"https:\/\/www.grillsymbol.com\/fr\/wp-json\/wp\/v2\/product"}],"about":[{"href":"https:\/\/www.grillsymbol.com\/fr\/wp-json\/wp\/v2\/types\/product"}],"replies":[{"embeddable":true,"href":"https:\/\/www.grillsymbol.com\/fr\/wp-json\/wp\/v2\/comments?post=8895"}],"version-history":[{"count":0,"href":"https:\/\/www.grillsymbol.com\/fr\/wp-json\/wp\/v2\/product\/8895\/revisions"}],"wp:featuredmedia":[{"embeddable":true,"href":"https:\/\/www.grillsymbol.com\/fr\/wp-json\/wp\/v2\/media\/21994"}],"wp:attachment":[{"href":"https:\/\/www.grillsymbol.com\/fr\/wp-json\/wp\/v2\/media?parent=8895"}],"curies":[{"name":"wp","href":"https:\/\/api.w.org\/{rel}","templated":true}]}}