{"id":8957,"date":"2020-09-24T06:59:32","date_gmt":"2020-09-24T06:59:32","guid":{"rendered":"https:\/\/www.grillsymbol.com\/shop\/uncategorized\/grillsymbol-cor-ten-steel-fire-pit-lucas-mini\/"},"modified":"2026-03-29T18:04:59","modified_gmt":"2026-03-29T18:04:59","slug":"grillsymbol-brasero-en-acier-corten-lucas-mini-o-60-cm","status":"publish","type":"product","link":"https:\/\/www.grillsymbol.com\/fr\/shop\/braseros-en-acier-corten\/grillsymbol-brasero-en-acier-corten-lucas-mini-o-60-cm\/","title":{"rendered":"GrillSymbol Brasero en acier Corten Lucas Mini \u00f8 60 cm"},"content":{"rendered":"<p>Le design de Lucas Mini int\u00e8gre l\\&rsquo;un des symboles celtiques les plus puissants, le n\u0153ud Dara, qui symbolise les racines du ch\u00eane, la durabilit\u00e9 et la long\u00e9vit\u00e9. De plus, il repr\u00e9sente l\\&rsquo;union de deux personnes, apportant chance, prosp\u00e9rit\u00e9 et protection. On pense que les motifs complexes des n\u0153uds celtiques incarnent le cycle sans fin de la vie, de la mort et de la renaissance, ainsi que l\\&rsquo;interd\u00e9pendance de toutes les choses du monde naturel.<\/p>\n<ul>\n<li>Mat\u00e9riau du brasero : acier Corten 2-3 mm<\/li>\n<li>Diam\u00e8tre : 60 cm<\/li>\n<li>Hauteur : 33 cm<\/li>\n<li>Poids : 18 kg<\/li>\n<li>L\\&rsquo;ensemble comprend un panier \u00e0 bois\/cendres (diam\u00e8tre 43 cm) facile \u00e0 retirer et \u00e0 nettoyer<\/li>\n<li>Des trous sont pr\u00e9sents au fond du brasero et du panier \u00e0 cendres, ce qui assure un bon \u00e9change d\\&rsquo;air et r\u00e9duit consid\u00e9rablement la fum\u00e9e<\/li>\n<li>Le produit est livr\u00e9 presque mont\u00e9 &#8211; seuls les pieds doivent \u00eatre fix\u00e9s (temps de montage environ 5 min)<\/li>\n<li>Le couvercle pour brasero est disponible en accessoire (code produit : LML)<\/li>\n<li>Un couvercle en acier inoxydable (code produit : LML-i) est \u00e9galement disponible en accessoire. Il peut \u00e9galement \u00eatre utilis\u00e9 comme grand plateau ou comme plateau de table pour transformer le brasero en table d\\&rsquo;ext\u00e9rieur. Cette combinaison rend le brasero multifonctionnel.<\/li>\n<\/ul>\n<p>&nbsp;<\/p>\n<p>Le produit ne doit pas \u00eatre install\u00e9 sur une base en bois car le foyer deviendra chaud pendant le feu. Il y a des trous au fond du foyer d\\&rsquo;o\u00f9 peuvent tomber de petits morceaux de charbon. Les trous dans le fond fonctionnent comme des trous de drainage pour emp\u00eacher l\\&rsquo;eau stagnante de s\\&rsquo;accumuler \u00e0 l\\&rsquo;int\u00e9rieur du foyer.<\/p>\n<p>&nbsp;<\/p>\n<p>NB ! Les produits en acier Cor-Ten sont livr\u00e9s non trait\u00e9s. Lorsqu\u2019il est neuf, l\u2019acier Cor-Ten est de couleur grise comme l\u2019acier lamin\u00e9 \u00e0 chaud habituel. Vous pouvez trouver les instructions de vieillissement sur notre site Web ou vous pouvez les scanner directement sur le produit. Les produits en acier Cor-Ten peuvent \u00eatre stock\u00e9s \u00e0 l\u2019ext\u00e9rieur toute l\u2019ann\u00e9e. Ne n\u00e9cessite pas de stockage.<\/p>\n<p>&nbsp;<\/p>\n<p>&nbsp;<\/p>\n<h5><a href=\"https:\/\/www.grillsymbol.com\/fr\/a-propos-des-differentes-poeles\/instructions-de-vieillissement-des-produits-en-acier-cor-ten\/\" target=\"_blank\" rel=\"noopener\">Regardez ici : Instructions de vieillissement des produits en acier Cor-Ten<\/a><\/h5>\n","protected":false},"excerpt":{"rendered":"<p>Le foyer est en acier CorTen qui est un acier au carbone presque pur mais trait\u00e9 de mani\u00e8re \u00e0 avoir une couche protectrice sur la surface pour la rendre r\u00e9sistante aux intemp\u00e9ries. La surface est \u00e0 l\\&rsquo;origine gris\u00e2tre, puis elle devient brun rouge\u00e2tre (ressemble \u00e0 la couleur de la rouille), qui devient plus fonc\u00e9e avec le temps. S\\&rsquo;il est utilis\u00e9 correctement, l\\&rsquo;acier Cor-Ten est expressif, durable et sans entretien et peut tenir le temps \u00e0 sa mani\u00e8re unique.<\/p>\n<p>Ce foyer ext\u00e9rieur combine la mythologie ancienne et le monde moderne.<\/p>\n<p><strong>Design : Petteri Wiimaa.<\/strong><\/p>\n<p>&nbsp;<\/p>\n<p>\u00ab Lucas \u00bb signifie \u00ab lumi\u00e8re \u00bb ou \u00ab quelqu\\&rsquo;un qui apporte la lumi\u00e8re \u00bb.<\/p>\n<p>&nbsp;<\/p>\n","protected":false},"featured_media":7322,"comment_status":"open","ping_status":"closed","template":"","meta":{"footnotes":""},"class_list":{"0":"post-8957","1":"product","2":"type-product","3":"status-publish","4":"has-post-thumbnail","5":"hentry","6":"product_cat-braseros-en-acier-corten","10":"product_cat-grill-es-fr"},"_links":{"self":[{"href":"https:\/\/www.grillsymbol.com\/fr\/wp-json\/wp\/v2\/product\/8957","targetHints":{"allow":["GET"]}}],"collection":[{"href":"https:\/\/www.grillsymbol.com\/fr\/wp-json\/wp\/v2\/product"}],"about":[{"href":"https:\/\/www.grillsymbol.com\/fr\/wp-json\/wp\/v2\/types\/product"}],"replies":[{"embeddable":true,"href":"https:\/\/www.grillsymbol.com\/fr\/wp-json\/wp\/v2\/comments?post=8957"}],"version-history":[{"count":0,"href":"https:\/\/www.grillsymbol.com\/fr\/wp-json\/wp\/v2\/product\/8957\/revisions"}],"wp:featuredmedia":[{"embeddable":true,"href":"https:\/\/www.grillsymbol.com\/fr\/wp-json\/wp\/v2\/media\/7322"}],"wp:attachment":[{"href":"https:\/\/www.grillsymbol.com\/fr\/wp-json\/wp\/v2\/media?parent=8957"}],"curies":[{"name":"wp","href":"https:\/\/api.w.org\/{rel}","templated":true}]}}