{"id":9051,"date":"2020-03-31T07:33:36","date_gmt":"2020-03-31T07:33:36","guid":{"rendered":"https:\/\/www.grillsymbol.com\/shop\/uncategorized\/grillsymbol-paella-gas-burner-25-kw\/"},"modified":"2023-03-13T14:13:25","modified_gmt":"2023-03-13T14:13:25","slug":"grillsymbol-bruleur-a-gaz-exterieur-b700-o-70-cm-25kw","status":"publish","type":"product","link":"https:\/\/www.grillsymbol.com\/fr\/shop\/bruleurs-a-paella\/grillsymbol-bruleur-a-gaz-exterieur-b700-o-70-cm-25kw\/","title":{"rendered":"GrillSymbol Br\u00fbleur \u00e0 gaz ext\u00e9rieur B700, \u00f8 70 cm\/25kW"},"content":{"rendered":"<ul>\n<li>Br\u00fbleur : 25 kw, diam\u00e8tre 70 cm.<\/li>\n<li>Les trois cercles du br\u00fbleur peuvent \u00eatre r\u00e9gl\u00e9s s\u00e9par\u00e9ment.<\/li>\n<li>Consommation de gaz \u00e0 pleine capacit\u00e9 : 1,7 kg \/ h. Dans les conditions habituelles : 0,5-1 kg \/ h.<\/li>\n<\/ul>\n","protected":false},"excerpt":{"rendered":"<p>Il est parfait pour la cuisine d\\&rsquo;\u00e9t\u00e9 pour faire divers plats et conserves. Convient \u00e9galement pour po\u00eale \u00e0 paella, taille de po\u00eale \u00e0 partir de 80 cm.<\/p>\n<p>&nbsp;<\/p>\n","protected":false},"featured_media":3999,"comment_status":"open","ping_status":"closed","template":"","meta":{"footnotes":""},"class_list":["post-9051","product","type-product","status-publish","has-post-thumbnail","hentry","product_cat-bruleurs-a-paella"],"_links":{"self":[{"href":"https:\/\/www.grillsymbol.com\/fr\/wp-json\/wp\/v2\/product\/9051","targetHints":{"allow":["GET"]}}],"collection":[{"href":"https:\/\/www.grillsymbol.com\/fr\/wp-json\/wp\/v2\/product"}],"about":[{"href":"https:\/\/www.grillsymbol.com\/fr\/wp-json\/wp\/v2\/types\/product"}],"replies":[{"embeddable":true,"href":"https:\/\/www.grillsymbol.com\/fr\/wp-json\/wp\/v2\/comments?post=9051"}],"version-history":[{"count":0,"href":"https:\/\/www.grillsymbol.com\/fr\/wp-json\/wp\/v2\/product\/9051\/revisions"}],"wp:featuredmedia":[{"embeddable":true,"href":"https:\/\/www.grillsymbol.com\/fr\/wp-json\/wp\/v2\/media\/3999"}],"wp:attachment":[{"href":"https:\/\/www.grillsymbol.com\/fr\/wp-json\/wp\/v2\/media?parent=9051"}],"curies":[{"name":"wp","href":"https:\/\/api.w.org\/{rel}","templated":true}]}}