{"id":9301,"date":"2019-05-02T05:06:34","date_gmt":"2019-05-02T05:06:34","guid":{"rendered":"https:\/\/www.grillsymbol.com\/shop\/uncategorized\/grillsymbol-wok-pan-wp-545\/"},"modified":"2021-12-25T10:34:20","modified_gmt":"2021-12-25T10:34:20","slug":"grillsymbol-poele-wok-wp-545-o-54-cm","status":"publish","type":"product","link":"https:\/\/www.grillsymbol.com\/fr\/shop\/poeles-wok-et-paella\/grillsymbol-poele-wok-wp-545-o-54-cm\/","title":{"rendered":"GrillSymbol Po\u00eale wok WP-545, \u00f8 54 cm"},"content":{"rendered":"<p><strong>Sp\u00e9cifications techniques:<\/strong><\/p>\n<p><strong>\u00a0<\/strong><\/p>\n<ul>\n<li>Diam\u00e8tre : 54,5 cm.<\/li>\n<li>Nombre de portions : 20<\/li>\n<li>Profondeur : 10 cm.<\/li>\n<li>Poids : 9 kg.<\/li>\n<li>Mat\u00e9riau : acier de 3 mm.<\/li>\n<\/ul>\n","protected":false},"excerpt":{"rendered":"<p>Id\u00e9al pour une utilisation dans la cuisine ext\u00e9rieure, sur un feu de camp ou sur un br\u00fbleur \u00e0 gaz.<\/p>\n<p>&nbsp;<\/p>\n","protected":false},"featured_media":14018,"comment_status":"open","ping_status":"closed","template":"","meta":{"footnotes":""},"class_list":["post-9301","product","type-product","status-publish","has-post-thumbnail","hentry","product_cat-poeles-wok-et-paella"],"_links":{"self":[{"href":"https:\/\/www.grillsymbol.com\/fr\/wp-json\/wp\/v2\/product\/9301","targetHints":{"allow":["GET"]}}],"collection":[{"href":"https:\/\/www.grillsymbol.com\/fr\/wp-json\/wp\/v2\/product"}],"about":[{"href":"https:\/\/www.grillsymbol.com\/fr\/wp-json\/wp\/v2\/types\/product"}],"replies":[{"embeddable":true,"href":"https:\/\/www.grillsymbol.com\/fr\/wp-json\/wp\/v2\/comments?post=9301"}],"version-history":[{"count":0,"href":"https:\/\/www.grillsymbol.com\/fr\/wp-json\/wp\/v2\/product\/9301\/revisions"}],"wp:featuredmedia":[{"embeddable":true,"href":"https:\/\/www.grillsymbol.com\/fr\/wp-json\/wp\/v2\/media\/14018"}],"wp:attachment":[{"href":"https:\/\/www.grillsymbol.com\/fr\/wp-json\/wp\/v2\/media?parent=9301"}],"curies":[{"name":"wp","href":"https:\/\/api.w.org\/{rel}","templated":true}]}}