{"id":9322,"date":"2019-05-02T05:00:55","date_gmt":"2019-05-02T05:00:55","guid":{"rendered":"https:\/\/www.grillsymbol.com\/shop\/uncategorized\/grillsymbol-paella-wok-set-pro-450-inox\/"},"modified":"2023-05-09T09:22:56","modified_gmt":"2023-05-09T09:22:56","slug":"grillsymbol-bruleur-wok-a-gaz-professionnel-pro-450-inox","status":"publish","type":"product","link":"https:\/\/www.grillsymbol.com\/fr\/shop\/bruleur-wok-a-gaz-professionnel\/grillsymbol-bruleur-wok-a-gaz-professionnel-pro-450-inox\/","title":{"rendered":"GrillSymbol Br\u00fbleur wok \u00e0 gaz professionnel PRO-450 inox"},"content":{"rendered":"<p><strong>Sp\u00e9cifications techniques:<\/strong><\/p>\n<p><strong>\u00a0<\/strong><\/p>\n<ul>\n<li>Diam\u00e8tre : 45 cm.<\/li>\n<li>Nombre de portions : 10-12<\/li>\n<li>Hauteur : 29 cm.<\/li>\n<li>Profondeur : 10 cm.<\/li>\n<li>Poids : la po\u00eale 6 kg, total 10 kg.<\/li>\n<li>Mat\u00e9riau : acier inoxydable de 3 mm.<\/li>\n<li>Br\u00fbleur : 6,5 kW. Diam\u00e8tre : 300 mm.<\/li>\n<li>Consommation de gaz \u00e0 pleine capacit\u00e9 : 0,6 kg \/ h. Dans les conditions habituelles : 0,2-0,4 kg \/ h.<\/li>\n<li>NB\u00a0! Le br\u00fbleur \u00e0 gaz dispose d&rsquo;un raccord gaz selon la norme fran\u00e7aise, belge ou suisse. La buse est assembl\u00e9e en usine selon la destination de la commande.<\/li>\n<li>Les pieds sont d\u00e9tachables et montables avec des boulons (papillon).<\/li>\n<li>Le r\u00e9ducteur et le tuyau de gaz ne sont pas inclus.<\/li>\n<\/ul>\n<p>&nbsp;<\/p>\n<p><strong>Avantages du produit de la s\u00e9rie GrillSymbol PRO :<\/strong><\/p>\n<p><strong>\u00a0<\/strong><\/p>\n<ul>\n<li>La s\u00e9curit\u00e9 avant tout &#8211; le produit r\u00e9pond aux exigences CE.<\/li>\n<li>Une po\u00eale \u00e0 rebord haut permet de faire frire, cuire, cuire \u00e0 la vapeur et bouillir.<\/li>\n<li>Triple Windshield &#8211; triple protection contre le vent.<\/li>\n<li>Triple Windshield &#8211; la chaleur est dirig\u00e9e directement sur la po\u00eale, elle ne se dissipe pas.<\/li>\n<li>Triple Windshield &#8211; diminution de la consommation de gaz.<\/li>\n<li>Cadre et pieds solides &#8211; le produit est stable.<\/li>\n<li>Pare-brise et pieds en acier inoxydable &#8211; ne rouillent pas et sont faciles \u00e0 entretenir.<\/li>\n<li>Pr\u00eat \u00e0 l&#8217;emploi &#8211; le produit est pr\u00e9-assembl\u00e9 et le montage ne prend que deux minutes.<\/li>\n<li>Le br\u00fbleur et le pare-brise peuvent \u00eatre utilis\u00e9s avec diff\u00e9rentes po\u00eales.<\/li>\n<li>Test\u00e9 et d\u00e9velopp\u00e9 dans les pays nordiques, produit en Estonie.<\/li>\n<li>GrillSymbol &#8211; Entreprise familiale depuis 1925.<\/li>\n<\/ul>\n","protected":false},"excerpt":{"rendered":"<p>La po\u00eale \u00e0 wok en acier profond <strong>avec fond convexe<\/strong> est principalement destin\u00e9 \u00e0 la pr\u00e9paration de plats asiatiques. Elle a de tr\u00e8s bonnes fonctionnements de cuisson. Diff\u00e9rents woks, soupes, comme Tom Kha, Tom Yum, et bien d&rsquo;autres plats peuvent \u00eatre pr\u00e9par\u00e9s rapidement gr\u00e2ce \u00e0 un puissant br\u00fbleur \u00e0 gaz. La poele \u00e0 wok de 45 cm \u00e9tant <strong>plus efficace et plus rapide que la plupart des friteuses<\/strong>, elle convient parfaitement \u00e0 la friture &#8211; rouleaux de printemps, tempura, fish and chips, falafels, ailes de poulet, rondelles d&rsquo;oignon et de calamars, etc.<\/p>\n<p><strong>PRO-450 inox<\/strong> est un mod\u00e8le populaire parmi les utilisateurs \u00e0 domicile qui divertissent de nombreux invit\u00e9s et organisent de grandes gril-soir\u00e9es. Une construction solide, un br\u00fbleur \u00e0 gaz puissant et la po\u00eale \u00e0 wok creuse forment un ensemble qui fonctionne bien. <strong>Le Triple Windshield<\/strong> assure la meilleure protection possible contre le vent et la flamme ne s\u2019\u00e9teindra pas m\u00eame avec un vent mod\u00e9r\u00e9.<\/p>\n","protected":false},"featured_media":16444,"comment_status":"open","ping_status":"closed","template":"","meta":{"footnotes":""},"class_list":["post-9322","product","type-product","status-publish","has-post-thumbnail","hentry","product_cat-bruleur-wok-a-gaz-professionnel"],"_links":{"self":[{"href":"https:\/\/www.grillsymbol.com\/fr\/wp-json\/wp\/v2\/product\/9322","targetHints":{"allow":["GET"]}}],"collection":[{"href":"https:\/\/www.grillsymbol.com\/fr\/wp-json\/wp\/v2\/product"}],"about":[{"href":"https:\/\/www.grillsymbol.com\/fr\/wp-json\/wp\/v2\/types\/product"}],"replies":[{"embeddable":true,"href":"https:\/\/www.grillsymbol.com\/fr\/wp-json\/wp\/v2\/comments?post=9322"}],"version-history":[{"count":0,"href":"https:\/\/www.grillsymbol.com\/fr\/wp-json\/wp\/v2\/product\/9322\/revisions"}],"wp:featuredmedia":[{"embeddable":true,"href":"https:\/\/www.grillsymbol.com\/fr\/wp-json\/wp\/v2\/media\/16444"}],"wp:attachment":[{"href":"https:\/\/www.grillsymbol.com\/fr\/wp-json\/wp\/v2\/media?parent=9322"}],"curies":[{"name":"wp","href":"https:\/\/api.w.org\/{rel}","templated":true}]}}