{"id":9370,"date":"2019-04-24T05:59:26","date_gmt":"2019-04-24T05:59:26","guid":{"rendered":"https:\/\/www.grillsymbol.com\/shop\/uncategorized\/grillsymbol-naked-chef-xl-charcoal-bbq\/"},"modified":"2026-03-31T09:11:24","modified_gmt":"2026-03-31T09:11:24","slug":"grillsymbol-barbecue-au-charbon-naked-chef-xl","status":"publish","type":"product","link":"https:\/\/www.grillsymbol.com\/fr\/shop\/bbq-fumoirs-et-barbecues-au-charbon\/grillsymbol-barbecue-au-charbon-naked-chef-xl\/","title":{"rendered":"GrillSymbol Barbecue au charbon Naked Chef XL"},"content":{"rendered":"<p><strong>Sp\u00e9cifications techniques:<\/strong><\/p>\n<p>&nbsp;<\/p>\n<ul>\n<li>Mesures: 122 x 35 x 93 cm (largeur * profondeur * hauteur)<\/li>\n<li>Poids: 40 kg<\/li>\n<li>Surface de cuisson: 108 x 34 cm<\/li>\n<li>Les dimensions de la grille de cuisson sont de 49 x 33 cm (la version XL comprend deux grilles)<\/li>\n<li>La grille de cuisson est en acier lamin\u00e9 \u00e0 chaud de 8 mm<\/li>\n<li>Capacit\u00e9 de la grille &#8211; 4-6 kg de viande ou de saucisses<\/li>\n<li>Les pieds sont en acier inoxydable et sont d\u00e9tachables avec des boulons papillon<\/li>\n<li>Les pieds ont des pieds articul\u00e9s qui sont enti\u00e8rement mont\u00e9s au sol, ajoutant ainsi de la stabilit\u00e9<\/li>\n<li>Une grille de ventilation au bas du gril assure une ventilation efficace<\/li>\n<li>Les poign\u00e9es sont en acier de 8 mm<\/li>\n<\/ul>\n<p>&nbsp;<\/p>\n<p><strong>NB!<\/strong> Vous pouvez compl\u00e9ter votre gril Naked Chef avec l\\&rsquo;\u00e9quipement suppl\u00e9mentaire des grils Chef car les d\u00e9tails sont compatibles. Les accessoires suivants sont disponibles sur commande: le couvercle du gril, les \u00e9tag\u00e8res inf\u00e9rieures et lat\u00e9rales et la grille en acier de 8 mm.<\/p>\n<p><strong>NB!<\/strong> Le produit ne doit pas \u00eatre install\u00e9 sur un socle en bois, car le gril comporte de petites ouvertures d\\&rsquo;o\u00f9 une petite quantit\u00e9 de cendres ou d\\&rsquo;\u00e9tincelles peut tomber.<\/p>\n<p>&nbsp;<\/p>\n<p>NB ! Les produits en acier Cor-Ten sont livr\u00e9s non trait\u00e9s. Lorsqu\u2019il est neuf, l\u2019acier Cor-Ten est de couleur grise comme l\u2019acier lamin\u00e9 \u00e0 chaud habituel. Vous pouvez trouver les instructions de vieillissement sur notre site Web ou vous pouvez les scanner directement sur le produit. Les produits en acier Cor-Ten peuvent \u00eatre stock\u00e9s \u00e0 l\u2019ext\u00e9rieur toute l\u2019ann\u00e9e. Ne n\u00e9cessite pas de stockage.<\/p>\n<p>&nbsp;<\/p>\n<h5><a href=\"https:\/\/www.grillsymbol.com\/fr\/a-propos-des-differentes-poeles\/instructions-de-vieillissement-des-produits-en-acier-cor-ten\/\" target=\"_blank\" rel=\"noopener\">Regardez ici : Instructions de vieillissement des produits en acier Cor-Ten<\/a><\/h5>\n","protected":false},"excerpt":{"rendered":"<p>Les grils \u00e0 charbon Naked Chef repr\u00e9sentent une gamme de grils au charbon de bois Chef dont tous les d\u00e9tails de commodit\u00e9 ont \u00e9t\u00e9 r\u00e9tir\u00e9s. L\\&rsquo;essentiel est tout ce qui reste: un bo\u00eetier solide, des pieds faciles \u00e0 installer et la grille en acier inoxydable.<\/p>\n<p>Les barbecues \u00e0 charbon Naked Chef sont de type classique des barbecues shashlik ou des barbecues \u00e0 saucisses fabriqu\u00e9s \u00e0 partir de mat\u00e9riaux contemporains. Pour faire un barbecue, vous pouvez utiliser du charbon de bois, des briquettes ou du bois de chauffage pour fabriquer votre propre charbon de bois! Les mat\u00e9riaux ont \u00e9t\u00e9 utilis\u00e9s comme ils l\\&rsquo;auraient \u00e9t\u00e9 au bon vieux temps et aucune d\u00e9pense n\\&rsquo;a \u00e9t\u00e9 \u00e9pargn\u00e9e! Le bo\u00eetier du gril est en acier Cor-Ten de 3 mm qui maintient une temp\u00e9rature stable tout au long de la cuisson. Le Cor-Ten et l\\&rsquo;acier inoxydable sont des mat\u00e9riaux r\u00e9sistants aux intemp\u00e9ries &#8211; le gril Chef vous attend 365 jours par an, \u00e0 l\\&rsquo;ext\u00e9rieur et par tous les temps imaginables.<\/p>\n<p>&nbsp;<\/p>\n","protected":false},"featured_media":23071,"comment_status":"open","ping_status":"closed","template":"","meta":{"footnotes":""},"class_list":["post-9370","product","type-product","status-publish","has-post-thumbnail","hentry","product_cat-bbq-fumoirs-et-barbecues-au-charbon"],"_links":{"self":[{"href":"https:\/\/www.grillsymbol.com\/fr\/wp-json\/wp\/v2\/product\/9370","targetHints":{"allow":["GET"]}}],"collection":[{"href":"https:\/\/www.grillsymbol.com\/fr\/wp-json\/wp\/v2\/product"}],"about":[{"href":"https:\/\/www.grillsymbol.com\/fr\/wp-json\/wp\/v2\/types\/product"}],"replies":[{"embeddable":true,"href":"https:\/\/www.grillsymbol.com\/fr\/wp-json\/wp\/v2\/comments?post=9370"}],"version-history":[{"count":0,"href":"https:\/\/www.grillsymbol.com\/fr\/wp-json\/wp\/v2\/product\/9370\/revisions"}],"wp:featuredmedia":[{"embeddable":true,"href":"https:\/\/www.grillsymbol.com\/fr\/wp-json\/wp\/v2\/media\/23071"}],"wp:attachment":[{"href":"https:\/\/www.grillsymbol.com\/fr\/wp-json\/wp\/v2\/media?parent=9370"}],"curies":[{"name":"wp","href":"https:\/\/api.w.org\/{rel}","templated":true}]}}