{"id":9384,"date":"2019-04-24T05:48:29","date_gmt":"2019-04-24T05:48:29","guid":{"rendered":"https:\/\/www.grillsymbol.com\/shop\/uncategorized\/grillsymbol-naked-chef-charcoal-bbq\/"},"modified":"2025-03-13T06:27:10","modified_gmt":"2025-03-13T06:27:10","slug":"grillsymbol-barbecue-au-charbon-naked-chef","status":"publish","type":"product","link":"https:\/\/www.grillsymbol.com\/fr\/shop\/bbq-fumoirs-et-barbecues-au-charbon\/grillsymbol-barbecue-au-charbon-naked-chef\/","title":{"rendered":"GrillSymbol Barbecue au charbon Naked Chef"},"content":{"rendered":"<ul>\n<li>Mesures: 98 x 35 x 80 cm (largeur * profondeur * hauteur)<\/li>\n<li>Poids: 25 kg<\/li>\n<li>Surface de cuisson: 85 x 34 cm<\/li>\n<li>La grille de cuisson: 40 x 33 cm<\/li>\n<li>Pour les grillades, utilisez du charbon de bois, des briquettes ou br\u00fblez vous-m\u00eame du charbon de bois<\/li>\n<li>Il y a des trous d\\&rsquo;a\u00e9ration sur les c\u00f4t\u00e9s du gril, qui assurent un bon \u00e9change d\\&rsquo;air<\/li>\n<li>Livr\u00e9 en pi\u00e8ces d\u00e9tach\u00e9es, temps de montage approximatif 30 min<\/li>\n<\/ul>\n<p>&nbsp;<\/p>\n<p>\u00c9quipement suppl\u00e9mentaire:<\/p>\n<ul>\n<li>Grille de BBQ Solide ZigZag (acier) : ZZG<\/li>\n<li>Grille de cuisson Classic (acier inoxydable) : CG-1<\/li>\n<li>Plaque BBQ Classique (acier) : FTG<\/li>\n<li>Ensemble de po\u00eale wok et adaptateur\u00a0: WPS<\/li>\n<li>Ensemble Presse \u00e0 Hamburger et Plancha (acier) : BPS<\/li>\n<li>Ensemble Presse \u00e0 Hamburger et Plancha (Inox) : BPSI<\/li>\n<li>Po\u00eale en fonte : FP-16<\/li>\n<li>Brochettes : SKEW-47<\/li>\n<\/ul>\n<p>&nbsp;<\/p>\n<p>NB ! Les produits en acier Cor-Ten sont livr\u00e9s non trait\u00e9s. Lorsqu\u2019il est neuf, l\u2019acier Cor-Ten est de couleur grise comme l\u2019acier lamin\u00e9 \u00e0 chaud habituel. Vous pouvez trouver les instructions de vieillissement sur notre site Web ou vous pouvez les scanner directement sur le produit. Les produits en acier Cor-Ten peuvent \u00eatre stock\u00e9s \u00e0 l\u2019ext\u00e9rieur toute l\u2019ann\u00e9e. Ne n\u00e9cessite pas de stockage.<\/p>\n<p>&nbsp;<\/p>\n<h5><a href=\"https:\/\/www.grillsymbol.com\/fr\/a-propos-des-differentes-poeles\/instructions-de-vieillissement-des-produits-en-acier-cor-ten\/\" target=\"_blank\" rel=\"noopener\">Regardez ici : Instructions de vieillissement des produits en acier Cor-Ten<\/a><\/h5>\n","protected":false},"excerpt":{"rendered":"<p>Le barbecue \u00e0 charbon Naked Chef est un gril de type barbecue ou gril \u00e0 saucisses haut de gamme, fabriqu\u00e9 \u00e0 partir de mat\u00e9riaux de haute qualit\u00e9 et durables. En 2024, nous sortons un nouveau mod\u00e8le plus fonctionnel que son pr\u00e9d\u00e9cesseur.<\/p>\n<p>Les mat\u00e9riaux ont \u00e9t\u00e9 utilis\u00e9s comme ils l\\&rsquo;auraient \u00e9t\u00e9 au bon vieux temps et aucune d\u00e9pense n\\&rsquo;a \u00e9t\u00e9 \u00e9pargn\u00e9e! Le bo\u00eetier du gril est en acier Cor-Ten de 3 mm qui maintient une temp\u00e9rature stable tout au long de la cuisson. Dans le m\u00eame temps, les pieds du gril et les petits d\u00e9tails sont con\u00e7us de mani\u00e8re \u00e0 pouvoir \u00eatre fabriqu\u00e9s \u00e0 partir de r\u00e9sidus de mat\u00e9riaux g\u00e9n\u00e9r\u00e9s lors de la production d\\&rsquo;autres produits.<\/p>\n<p>Nous souhaitons trouver un juste milieu dans nos processus de production : des mat\u00e9riaux durables, un minimum de d\u00e9chets de production et le moins d\\&rsquo;impact possible sur l\\&rsquo;environnement.<\/p>\n<p>Nous proposons une large gamme d\\&rsquo;accessoires pour le gril Chef-N.<\/p>\n<p>&nbsp;<\/p>\n<p>&nbsp;<\/p>\n","protected":false},"featured_media":23015,"comment_status":"open","ping_status":"closed","template":"","meta":{"footnotes":""},"class_list":["post-9384","product","type-product","status-publish","has-post-thumbnail","hentry","product_cat-bbq-fumoirs-et-barbecues-au-charbon"],"_links":{"self":[{"href":"https:\/\/www.grillsymbol.com\/fr\/wp-json\/wp\/v2\/product\/9384","targetHints":{"allow":["GET"]}}],"collection":[{"href":"https:\/\/www.grillsymbol.com\/fr\/wp-json\/wp\/v2\/product"}],"about":[{"href":"https:\/\/www.grillsymbol.com\/fr\/wp-json\/wp\/v2\/types\/product"}],"replies":[{"embeddable":true,"href":"https:\/\/www.grillsymbol.com\/fr\/wp-json\/wp\/v2\/comments?post=9384"}],"version-history":[{"count":0,"href":"https:\/\/www.grillsymbol.com\/fr\/wp-json\/wp\/v2\/product\/9384\/revisions"}],"wp:featuredmedia":[{"embeddable":true,"href":"https:\/\/www.grillsymbol.com\/fr\/wp-json\/wp\/v2\/media\/23015"}],"wp:attachment":[{"href":"https:\/\/www.grillsymbol.com\/fr\/wp-json\/wp\/v2\/media?parent=9384"}],"curies":[{"name":"wp","href":"https:\/\/api.w.org\/{rel}","templated":true}]}}