{"id":9481,"date":"2019-04-18T09:06:14","date_gmt":"2019-04-18T09:06:14","guid":{"rendered":"https:\/\/www.grillsymbol.com\/shop\/uncategorized\/paella-skillet-wild-chef-set-460\/"},"modified":"2024-11-07T10:44:02","modified_gmt":"2024-11-07T10:44:02","slug":"outlet-grillsymbol-poele-a-paella-sur-le-feu-wild-chef-o-46-cm","status":"publish","type":"product","link":"https:\/\/www.grillsymbol.com\/fr\/shop\/outlet-fr\/outlet-grillsymbol-poele-a-paella-sur-le-feu-wild-chef-o-46-cm\/","title":{"rendered":"OUTLET GrillSymbol Po\u00eale \u00e0 paella sur le feu Wild Chef, \u00f8 46 cm"},"content":{"rendered":"<p><strong>Sp\u00e9cifications techniques:<\/strong><\/p>\n<p><strong>\u00a0<\/strong><\/p>\n<ul>\n<li>Diam\u00e8tre : 46 cm.<\/li>\n<li>Nombre de portions : 4-8.<\/li>\n<li>Hauteur du rebord de la po\u00eale : 5 cm.<\/li>\n<li>Poids : 5 kg.<\/li>\n<li>Mat\u00e9riau : acier de 3 mm.<\/li>\n<li>Mat\u00e9riau de la grille au centre de la po\u00eale : acier de 8 mm.<\/li>\n<li>3 pieds, hauteur du sol 25 cm, fix\u00e9s par filetage M10<\/li>\n<li>Les pieds sont stables et solides.<\/li>\n<li>Les mod\u00e8les 46 et 58 cm sont compatibles avec les barbecues au charbon 47 et 57 Weber.<\/li>\n<\/ul>\n<p>&nbsp;<\/p>\n<p>Le produit ne doit pas \u00eatre install\u00e9 sur une base en bois car le foyer deviendra chaud pendant le feu. Il y a des trous au fond du foyer d&rsquo;o\u00f9 peuvent tomber de petits morceaux de charbon. Les trous dans le fond fonctionnent comme des trous de drainage pour emp\u00eacher l&rsquo;eau stagnante de s&rsquo;accumuler \u00e0 l&rsquo;int\u00e9rieur du foyer.<\/p>\n","protected":false},"excerpt":{"rendered":"<p>Une po\u00eale multifonctionnelle avec de bonnes fonctionnalit\u00e9s de cuisson qui vous permet de faire frire, bouillir ou griller vos aliments. Les pieds faciles \u00e0 installer inclus dans l&rsquo;ensemble.<\/p>\n<p>La po\u00eale est adapt\u00e9e \u00e0 la cuisson de la viande, du poisson et des l\u00e9gumes, pr\u00e9parer diff\u00e9rents plats de riz ou faire des cr\u00eapes. Une ouverture de 10 centim\u00e8tres, recouverte d&rsquo;une grille, est situ\u00e9e au centre de la po\u00eale. Cela peut \u00eatre utilis\u00e9 comme surface de cuisson ou pour griller de la viande sur un feu. En raison de son rebord haut, la capacit\u00e9 de la po\u00eale peut atteindre jusqu&rsquo;\u00e0 4 litres, permettant de cuisiner m\u00eame des rago\u00fbts sur un gril ou sur un feu.<\/p>\n<p>&nbsp;<\/p>\n","protected":false},"featured_media":9482,"comment_status":"open","ping_status":"closed","template":"","meta":{"footnotes":""},"class_list":["post-9481","product","type-product","status-publish","has-post-thumbnail","hentry","product_cat-outlet-fr"],"_links":{"self":[{"href":"https:\/\/www.grillsymbol.com\/fr\/wp-json\/wp\/v2\/product\/9481","targetHints":{"allow":["GET"]}}],"collection":[{"href":"https:\/\/www.grillsymbol.com\/fr\/wp-json\/wp\/v2\/product"}],"about":[{"href":"https:\/\/www.grillsymbol.com\/fr\/wp-json\/wp\/v2\/types\/product"}],"replies":[{"embeddable":true,"href":"https:\/\/www.grillsymbol.com\/fr\/wp-json\/wp\/v2\/comments?post=9481"}],"version-history":[{"count":0,"href":"https:\/\/www.grillsymbol.com\/fr\/wp-json\/wp\/v2\/product\/9481\/revisions"}],"wp:featuredmedia":[{"embeddable":true,"href":"https:\/\/www.grillsymbol.com\/fr\/wp-json\/wp\/v2\/media\/9482"}],"wp:attachment":[{"href":"https:\/\/www.grillsymbol.com\/fr\/wp-json\/wp\/v2\/media?parent=9481"}],"curies":[{"name":"wp","href":"https:\/\/api.w.org\/{rel}","templated":true}]}}