{"id":9573,"date":"2019-04-17T09:54:15","date_gmt":"2019-04-17T09:54:15","guid":{"rendered":"https:\/\/www.grillsymbol.com\/shop\/uncategorized\/grillsymbol-paella-frying-pan-set-basic-720\/"},"modified":"2023-05-09T13:14:48","modified_gmt":"2023-05-09T13:14:48","slug":"grillsymbol-kit-a-paella-professionnel-basic-720","status":"publish","type":"product","link":"https:\/\/www.grillsymbol.com\/fr\/shop\/kit-a-paella-professionnel\/grillsymbol-kit-a-paella-professionnel-basic-720\/","title":{"rendered":"GrillSymbol Kit \u00e0 paella professionnel Expert-720"},"content":{"rendered":"<p><strong>Sp\u00e9cifications techniques:<\/strong><\/p>\n<p><strong>\u00a0<\/strong><\/p>\n<ul>\n<li>Diam\u00e8tre : 72 cm.<\/li>\n<li>Diam\u00e8tre du fond : 61 cm.<\/li>\n<li>Nombre de portions : 20-30<\/li>\n<li>Hauteur : 85 cm.<\/li>\n<li>Hauteur de la po\u00eale : 5 cm.<\/li>\n<li>Poids : la po\u00eale 10 kg, total 20 kg.<\/li>\n<li>Mat\u00e9riau : acier de 3 mm.<\/li>\n<li>Br\u00fbleur : 13,5 kW. Diam\u00e8tre : 500 mm.<\/li>\n<li>Les deux cercles du br\u00fbleur peuvent \u00eatre r\u00e9gl\u00e9s s\u00e9par\u00e9ment.<\/li>\n<li>Consommation de gaz \u00e0 pleine capacit\u00e9 : 1 kg \/ h. Dans les conditions habituelles : 0,4-0,7 kg \/ h.<\/li>\n<li>NB\u00a0! Le br\u00fbleur \u00e0 gaz dispose d\\&rsquo;un raccord gaz selon la norme fran\u00e7aise, belge ou suisse. La buse est assembl\u00e9e en usine selon la destination de la commande.<\/li>\n<li>Les pieds sont d\u00e9tachables et montables avec des boulons (papillon).<\/li>\n<li>Le r\u00e9ducteur et le tuyau de gaz ne sont pas inclus.<\/li>\n<\/ul>\n<p>&nbsp;<\/p>\n<p>NB! Le couvercle n\\&rsquo;est pas inclus dans l\\&rsquo;ensemble.<\/p>\n<p>&nbsp;<\/p>\n<p><strong>Avantages du produit de la s\u00e9rie GrillSymbol Expert:<\/strong><\/p>\n<p>&nbsp;<\/p>\n<ul>\n<li>Une po\u00eale \u00e0 rebord haut permet de faire frire, cuire, cuire \u00e0 la vapeur et bouillir.<\/li>\n<li>Le pare-brise entourant le br\u00fbleur \u00e0 gaz offre une protection suffisante contre le vent.<\/li>\n<li>Pare-brise et pieds en acier inoxydable &#8211; ne rouillent pas et sont faciles \u00e0 entretenir.<\/li>\n<li>Pr\u00eat \u00e0 l\\&#8217;emploi &#8211; le produit est pr\u00e9-assembl\u00e9 et le montage ne prend que deux minutes.<\/li>\n<li>Test\u00e9 et d\u00e9velopp\u00e9 dans les pays nordiques, produit en Estonie.<\/li>\n<li>GrillSymbol &#8211; Entreprise familiale depuis 1925.<\/li>\n<\/ul>\n","protected":false},"excerpt":{"rendered":"<p>Une po\u00eale <strong>en acier<\/strong> \u00e0 rebord haut avec de tr\u00e8s bonnes fonctionnalit\u00e9s de cuisson, parfaitement adapt\u00e9e \u00e0 faire frire, pr\u00e9parer de la viande, du poisson, des l\u00e9gumes et diff\u00e9rents plats de riz. La po\u00eale convient \u00e9galement \u00e0 faire de savoureuses cr\u00eapes. Utilisez votre imagination et faites cuire le plat de votre choix !<\/p>\n<p><strong>Expert-720 <\/strong>est assez grand pour convenir \u00e9galement \u00e0 un petit traiteur. Une construction solide, un br\u00fbleur \u00e0 gaz puissant, un poids l\u00e9ger et une po\u00eale \u00e0 rebord haut forment un ensemble qui fonctionne bien. Il permet de pr\u00e9parer diff\u00e9rents plats \u00e0 partir d\\&rsquo;ingr\u00e9dients crus mais aussi d\\&rsquo;ingr\u00e9dients pr\u00e9cuits. La po\u00eale peut contenir 20 \u00e0 30 portions selon le type de plat. Le fond plat de la po\u00eale permet parfaitement de garder les aliments au chaud. Le fond de la po\u00eale devient un peu creux en chauffant. La po\u00eale a un rebord de 5 cm, ce qui permet aux aliments d\\&rsquo;\u00eatre cuits et cuits \u00e0 la vapeur (avec le couvercle), c\\&rsquo;est un grand avantage par rapport \u00e0 une po\u00eale \u00e0 rebord bas.<\/p>\n<p>&nbsp;<\/p>\n","protected":false},"featured_media":24660,"comment_status":"open","ping_status":"closed","template":"","meta":{"footnotes":""},"class_list":["post-9573","product","type-product","status-publish","has-post-thumbnail","hentry","product_cat-kit-a-paella-professionnel"],"_links":{"self":[{"href":"https:\/\/www.grillsymbol.com\/fr\/wp-json\/wp\/v2\/product\/9573","targetHints":{"allow":["GET"]}}],"collection":[{"href":"https:\/\/www.grillsymbol.com\/fr\/wp-json\/wp\/v2\/product"}],"about":[{"href":"https:\/\/www.grillsymbol.com\/fr\/wp-json\/wp\/v2\/types\/product"}],"replies":[{"embeddable":true,"href":"https:\/\/www.grillsymbol.com\/fr\/wp-json\/wp\/v2\/comments?post=9573"}],"version-history":[{"count":0,"href":"https:\/\/www.grillsymbol.com\/fr\/wp-json\/wp\/v2\/product\/9573\/revisions"}],"wp:featuredmedia":[{"embeddable":true,"href":"https:\/\/www.grillsymbol.com\/fr\/wp-json\/wp\/v2\/media\/24660"}],"wp:attachment":[{"href":"https:\/\/www.grillsymbol.com\/fr\/wp-json\/wp\/v2\/media?parent=9573"}],"curies":[{"name":"wp","href":"https:\/\/api.w.org\/{rel}","templated":true}]}}