{"id":9588,"date":"2018-10-15T10:14:22","date_gmt":"2018-10-15T10:14:22","guid":{"rendered":"https:\/\/www.grillsymbol.com\/shop\/uncategorized\/cor-ten-steel-fire-pit-grill-arttu\/"},"modified":"2022-08-09T12:42:19","modified_gmt":"2022-08-09T12:42:19","slug":"grillsymbol-kit-de-barbecue-arttu","status":"publish","type":"product","link":"https:\/\/www.grillsymbol.com\/fr\/shop\/braseros-en-acier-corten\/grillsymbol-kit-de-barbecue-arttu\/","title":{"rendered":"GrillSymbol Kit de barbecue Arttu"},"content":{"rendered":"<p><strong>Sp\u00e9cifications techniques:<\/strong><\/p>\n<p>&nbsp;<\/p>\n<ul>\n<li>Mat\u00e9riau : acier inoxydable de 3 mm.<\/li>\n<li>Mesures de la grille: 30 x 30 cm (quadrangulaire).<\/li>\n<li>La hauteur est r\u00e9glable.<\/li>\n<li>Peut \u00eatre tourn\u00e9 \u00e0 360 degr\u00e9s.<\/li>\n<li>\u00c9l\u00e9ments de fixation sont en acier inoxydable de 5 mm et fixent au foyer ext\u00e9rieur avec des boulons papillon.<\/li>\n<li>Facile \u00e0 installer et \u00e0 d\u00e9tacher.<\/li>\n<li>Poids total : ca 4 kg.<\/li>\n<li>Peut \u00e9galement \u00eatre install\u00e9 sur des foyers ext\u00e9rieurs d\\&rsquo;autres fabricants (le mat\u00e9riau \u00e0 fixer doit avoir une \u00e9paisseur de 3 \u00e0 4 mm).<\/li>\n<\/ul>\n<p>&nbsp;<\/p>\n<blockquote class=\"wp-embedded-content\" data-secret=\"9ObvbNzEJg\"><p><a href=\"https:\/\/www.grillsymbol.com\/fr\/a-propos-des-differentes-poeles\/instructions-de-vieillissement-des-produits-en-acier-cor-ten\/\">COR-TEN\u00ae Steel products seasoning instructions<\/a><\/p><\/blockquote>\n<p><iframe loading=\"lazy\" class=\"wp-embedded-content\" sandbox=\"allow-scripts\" security=\"restricted\" style=\"position: absolute; clip: rect(1px, 1px, 1px, 1px);\" title=\"\u00ab\u00a0COR-TEN\u00ae Steel products seasoning instructions\u00a0\u00bb &#8212; GrillSymbol\" src=\"https:\/\/www.grillsymbol.com\/fr\/a-propos-des-differentes-poeles\/instructions-de-vieillissement-des-produits-en-acier-cor-ten\/embed\/#?secret=9ObvbNzEJg\" data-secret=\"9ObvbNzEJg\" width=\"600\" height=\"338\" frameborder=\"0\" marginwidth=\"0\" marginheight=\"0\" scrolling=\"no\"><\/iframe><\/p>\n","protected":false},"excerpt":{"rendered":"<p>Ensemble de grille de cuisson en acier inoxydable, s\\&rsquo;adapte \u00e0 tous les foyers ext\u00e9rieurs GrillSymbol.<\/p>\n<p>&nbsp;<\/p>\n<p><strong>Design : Petteri Wiimaa.<\/strong><\/p>\n<p>&nbsp;<\/p>\n","protected":false},"featured_media":6728,"comment_status":"open","ping_status":"closed","template":"","meta":{"footnotes":""},"class_list":["post-9588","product","type-product","status-publish","has-post-thumbnail","hentry","product_cat-braseros-en-acier-corten"],"_links":{"self":[{"href":"https:\/\/www.grillsymbol.com\/fr\/wp-json\/wp\/v2\/product\/9588","targetHints":{"allow":["GET"]}}],"collection":[{"href":"https:\/\/www.grillsymbol.com\/fr\/wp-json\/wp\/v2\/product"}],"about":[{"href":"https:\/\/www.grillsymbol.com\/fr\/wp-json\/wp\/v2\/types\/product"}],"replies":[{"embeddable":true,"href":"https:\/\/www.grillsymbol.com\/fr\/wp-json\/wp\/v2\/comments?post=9588"}],"version-history":[{"count":0,"href":"https:\/\/www.grillsymbol.com\/fr\/wp-json\/wp\/v2\/product\/9588\/revisions"}],"wp:featuredmedia":[{"embeddable":true,"href":"https:\/\/www.grillsymbol.com\/fr\/wp-json\/wp\/v2\/media\/6728"}],"wp:attachment":[{"href":"https:\/\/www.grillsymbol.com\/fr\/wp-json\/wp\/v2\/media?parent=9588"}],"curies":[{"name":"wp","href":"https:\/\/api.w.org\/{rel}","templated":true}]}}