{"id":9640,"date":"2018-08-13T07:15:06","date_gmt":"2018-08-13T07:15:06","guid":{"rendered":"https:\/\/www.grillsymbol.com\/shop\/uncategorized\/grillsymbol-gastronomic-chafer-xl\/"},"modified":"2021-08-15T13:13:24","modified_gmt":"2021-08-15T13:13:24","slug":"grillsymbol-gastronomic-chafer-xl","status":"publish","type":"product","link":"https:\/\/www.grillsymbol.com\/fr\/shop\/equipement-de-bbq\/grillsymbol-gastronomic-chafer-xl\/","title":{"rendered":"GrillSymbol Chauffe-plat \u00e0 gaz Chafer XL"},"content":{"rendered":"<ul>\n<li>Mat\u00e9riau : acier inoxydable de 2 mm.<\/li>\n<li>Les pieds sont d\u00e9tachables et montables avec des boulons (papillon).<\/li>\n<li>Capacit\u00e9 : 5pc 1\/1 GN <strong>(les plats GN ne sont pas inclus dans le prix)<\/strong><\/li>\n<li style=\"list-style-type: none\"><\/li>\n<li>Dimensions : 1700 x 550 x 850 mm.<\/li>\n<li>Chauffage : br\u00fbleur \u00e0 gaz de 7 kW avec valvule thermique.<\/li>\n<li>Le br\u00fbleur est \u00e9quip\u00e9 de capteurs thermiques qui coupent le courant de gaz lorsque la flamme s\\&rsquo;\u00e9teint.<\/li>\n<li>Autoris\u00e9 \u00e0 utiliser \u00e0 l\\&rsquo;int\u00e9rieur.<\/li>\n<li>Consommation de gaz \u00e0 pleine capacit\u00e9 : 0,7 kg \/ h. Dans les conditions habituelles : 0,2-0,4 kg \/ h.<\/li>\n<li>Il y a un robinet au fond pour \u00e9vacuer l\\&rsquo;eau.<\/li>\n<\/ul>\n","protected":false},"excerpt":{"rendered":"<p>Le chauffe-plat \u00e0 gaz pour garder les aliments au chaud lors d\\&rsquo;\u00e9v\u00e9nements. Capacit\u00e9 selon la profondeur de l\\&rsquo;exigence GN et atteint des centaines de portions. Le chauffe-plat est fabriqu\u00e9 en acier inoxydable et peut \u00eatre utilis\u00e9 aussi bien \u00e0 l\\&rsquo;int\u00e9rieur qu\\&rsquo;\u00e0 l\\&rsquo;ext\u00e9rieur. Dans de nombreux \u00e9v\u00e9nements en plein air, il n\\&rsquo;y a pas de possibilit\u00e9 d\\&rsquo;\u00e9lectricit\u00e9, alors l\\&rsquo;approvisionnement en gaz aidera.<\/p>\n<p>&nbsp;<\/p>\n","protected":false},"featured_media":6415,"comment_status":"open","ping_status":"closed","template":"","meta":{"footnotes":""},"class_list":["post-9640","product","type-product","status-publish","has-post-thumbnail","hentry","product_cat-equipement-de-bbq"],"_links":{"self":[{"href":"https:\/\/www.grillsymbol.com\/fr\/wp-json\/wp\/v2\/product\/9640","targetHints":{"allow":["GET"]}}],"collection":[{"href":"https:\/\/www.grillsymbol.com\/fr\/wp-json\/wp\/v2\/product"}],"about":[{"href":"https:\/\/www.grillsymbol.com\/fr\/wp-json\/wp\/v2\/types\/product"}],"replies":[{"embeddable":true,"href":"https:\/\/www.grillsymbol.com\/fr\/wp-json\/wp\/v2\/comments?post=9640"}],"version-history":[{"count":0,"href":"https:\/\/www.grillsymbol.com\/fr\/wp-json\/wp\/v2\/product\/9640\/revisions"}],"wp:featuredmedia":[{"embeddable":true,"href":"https:\/\/www.grillsymbol.com\/fr\/wp-json\/wp\/v2\/media\/6415"}],"wp:attachment":[{"href":"https:\/\/www.grillsymbol.com\/fr\/wp-json\/wp\/v2\/media?parent=9640"}],"curies":[{"name":"wp","href":"https:\/\/api.w.org\/{rel}","templated":true}]}}