{"id":9690,"date":"2017-12-18T13:04:34","date_gmt":"2017-12-18T13:04:34","guid":{"rendered":"https:\/\/www.grillsymbol.com\/shop\/uncategorized\/grillsymbol-cor-ten-steel-fire-pit-chiaro\/"},"modified":"2026-03-27T14:17:14","modified_gmt":"2026-03-27T14:17:14","slug":"grillsymbol-brasero-en-acier-corten-chiaro-o-67-cm","status":"publish","type":"product","link":"https:\/\/www.grillsymbol.com\/fr\/shop\/braseros-en-acier-corten\/grillsymbol-brasero-en-acier-corten-chiaro-o-67-cm\/","title":{"rendered":"GrillSymbol Brasero en acier Corten Chiaro \u00f8 67 cm"},"content":{"rendered":"<p><strong>Sp\u00e9cifications techniques:<\/strong><\/p>\n<p><strong>\u00a0<\/strong><\/p>\n<ul>\n<li>Diam\u00e8tre du foyer : 67 cm.<\/li>\n<li>Profondeur :10 cm.<\/li>\n<li>Hauteur au-dessus du sol : 20 cm.<\/li>\n<li>Poids : 15 kg.<\/li>\n<li>Mat\u00e9riau : bol en Corten de 4 mm, pied en Corten de 2 \u00e0 4 mm.<\/li>\n<\/ul>\n<p>&nbsp;<\/p>\n<p>Le produit ne doit pas \u00eatre install\u00e9 sur une base en bois car le foyer deviendra chaud pendant le feu. Il y a des trous au fond du foyer d\\&rsquo;o\u00f9 peuvent tomber de petits morceaux de charbon. Les trous dans le fond fonctionnent comme des trous de drainage pour emp\u00eacher l\\&rsquo;eau stagnante de s\\&rsquo;accumuler \u00e0 l\\&rsquo;int\u00e9rieur du foyer.<\/p>\n<p>&nbsp;<\/p>\n<p>Les produits COR-TEN\u00ae peuvent \u00eatre stock\u00e9s \u00e0 l\\&rsquo;ext\u00e9rieur toute l\\&rsquo;ann\u00e9e. Ne n\u00e9cessite pas de stockage.<\/p>\n<p>&nbsp;<\/p>\n<blockquote class=\"wp-embedded-content\" data-secret=\"ZlhbqlN3ma\"><p><a href=\"https:\/\/www.grillsymbol.com\/fr\/a-propos-des-differentes-poeles\/instructions-de-vieillissement-des-produits-en-acier-cor-ten\/\">COR-TEN\u00ae Steel products seasoning instructions<\/a><\/p><\/blockquote>\n<p><iframe loading=\"lazy\" class=\"wp-embedded-content\" sandbox=\"allow-scripts\" security=\"restricted\" style=\"position: absolute; clip: rect(1px, 1px, 1px, 1px);\" title=\"\u00ab\u00a0COR-TEN\u00ae Steel products seasoning instructions\u00a0\u00bb &#8212; GrillSymbol\" src=\"https:\/\/www.grillsymbol.com\/fr\/a-propos-des-differentes-poeles\/instructions-de-vieillissement-des-produits-en-acier-cor-ten\/embed\/#?secret=ZlhbqlN3ma\" data-secret=\"ZlhbqlN3ma\" width=\"600\" height=\"338\" frameborder=\"0\" marginwidth=\"0\" marginheight=\"0\" scrolling=\"no\"><\/iframe><\/p>\n","protected":false},"excerpt":{"rendered":"<p>Le mot caract\u00e9ristique de ce foyer ext\u00e9rieur au bois est la clart\u00e9. Des lignes simples et nettes et une utilisation pratique sont combin\u00e9es \u00e0 un mat\u00e9riau durable et sp\u00e9cial destin\u00e9 \u00e0 une utilisation en ext\u00e9rieur.<\/p>\n<p><strong>Design : Petteri Wiimaa.<\/strong><\/p>\n<p>Le foyer est en acier Cor-Ten qui est un acier au carbone presque pur mais trait\u00e9 de mani\u00e8re \u00e0 avoir une couche protectrice sur la surface pour la rendre r\u00e9sistante aux intemp\u00e9ries. La surface est \u00e0 l\\&rsquo;origine gris\u00e2tre, puis elle devient brun rouge\u00e2tre (ressemble \u00e0 la couleur de la rouille), qui devient plus fonc\u00e9e avec le temps. S\\&rsquo;il est utilis\u00e9 correctement, l\\&rsquo;acier Cor-Ten est expressif, durable et sans entretien et peut tenir le temps \u00e0 sa mani\u00e8re unique.<\/p>\n<p>Le mot \u00ab Chiaro \u00bb signifie \u00ab clair \u00bb ou \u00ab lumi\u00e8re \u00bb. Faites entrer la lumi\u00e8re dans votre jardin et transformez une soir\u00e9e sombre en une agr\u00e9able !<\/p>\n<p>&nbsp;<\/p>\n","protected":false},"featured_media":12624,"comment_status":"open","ping_status":"closed","template":"","meta":{"footnotes":""},"class_list":["post-9690","product","type-product","status-publish","has-post-thumbnail","hentry","product_cat-braseros-en-acier-corten"],"_links":{"self":[{"href":"https:\/\/www.grillsymbol.com\/fr\/wp-json\/wp\/v2\/product\/9690","targetHints":{"allow":["GET"]}}],"collection":[{"href":"https:\/\/www.grillsymbol.com\/fr\/wp-json\/wp\/v2\/product"}],"about":[{"href":"https:\/\/www.grillsymbol.com\/fr\/wp-json\/wp\/v2\/types\/product"}],"replies":[{"embeddable":true,"href":"https:\/\/www.grillsymbol.com\/fr\/wp-json\/wp\/v2\/comments?post=9690"}],"version-history":[{"count":0,"href":"https:\/\/www.grillsymbol.com\/fr\/wp-json\/wp\/v2\/product\/9690\/revisions"}],"wp:featuredmedia":[{"embeddable":true,"href":"https:\/\/www.grillsymbol.com\/fr\/wp-json\/wp\/v2\/media\/12624"}],"wp:attachment":[{"href":"https:\/\/www.grillsymbol.com\/fr\/wp-json\/wp\/v2\/media?parent=9690"}],"curies":[{"name":"wp","href":"https:\/\/api.w.org\/{rel}","templated":true}]}}