{"id":9729,"date":"2017-12-18T12:22:19","date_gmt":"2017-12-18T12:22:19","guid":{"rendered":"https:\/\/www.grillsymbol.com\/shop\/uncategorized\/grillsymbol-cor-ten-steel-fire-pit-legend\/"},"modified":"2026-04-29T06:34:39","modified_gmt":"2026-04-29T06:34:39","slug":"grillsymbol-brasero-en-acier-corten-legend-o-116-cm","status":"publish","type":"product","link":"https:\/\/www.grillsymbol.com\/fr\/shop\/braseros-en-acier-corten\/grillsymbol-brasero-en-acier-corten-legend-o-116-cm\/","title":{"rendered":"GrillSymbol Brasero en acier Corten Legend \u00f8 116 cm"},"content":{"rendered":"<p><strong>Sp\u00e9cifications techniques:.<\/strong><\/p>\n<p><strong>\u00a0<\/strong><\/p>\n<ul>\n<li>Le foyer ext\u00e9rieur au bois se compose de deux parties : le panneau ext\u00e9rieur et le foyer.<\/li>\n<li>Mat\u00e9riau : acier Cor-Ten de 3 mm.<\/li>\n<li>Diam\u00e8tre : 116 cm.<\/li>\n<li>Hauteur : 40 cm.<\/li>\n<li>Le cercle int\u00e9rieur peut \u00eatre retir\u00e9 et nettoy\u00e9 (diam\u00e8tre 60 cm, en acier de 1,5 mm).<\/li>\n<li>Poids total : 50 kg (mis sur palette EUR pour le transport).<\/li>\n<li>Le foyer ext\u00e9rieur au bois est soutenu au sol par trois pieds.<\/li>\n<li>Gr\u00e2ce \u00e0 sa taille, il est adapt\u00e9 \u00e0 une utilisation dans les lieux publics : terrasses de restaurants, centres de golf, etc.<\/li>\n<\/ul>\n<p>&nbsp;<\/p>\n<p>Le produit ne doit pas \u00eatre install\u00e9 sur une base en bois car le foyer deviendra chaud pendant le feu. Il y a des trous au fond du foyer d\\&rsquo;o\u00f9 peuvent tomber de petits morceaux de charbon. Les trous dans le fond fonctionnent comme des trous de drainage pour emp\u00eacher l\\&rsquo;eau stagnante de s\\&rsquo;accumuler \u00e0 l\\&rsquo;int\u00e9rieur du foyer.<\/p>\n<p>NB! La grille sur les photos n\\&rsquo;est pas incluse. Il est disponible en accessoire.<\/p>\n<p>Les produits COR-TEN\u00ae peuvent \u00eatre stock\u00e9s \u00e0 l\\&rsquo;ext\u00e9rieur toute l\\&rsquo;ann\u00e9e. Ne n\u00e9cessite pas de stockage.<\/p>\n<p>&nbsp;<\/p>\n<blockquote class=\"wp-embedded-content\" data-secret=\"lUocrgvlMC\"><p><a href=\"https:\/\/www.grillsymbol.com\/fr\/a-propos-des-differentes-poeles\/instructions-de-vieillissement-des-produits-en-acier-cor-ten\/\">Cor-Ten Steel products seasoning instructions<\/a><\/p><\/blockquote>\n<p><iframe loading=\"lazy\" class=\"wp-embedded-content\" sandbox=\"allow-scripts\" security=\"restricted\" style=\"position: absolute; visibility: hidden;\" title=\"\u00ab\u00a0Cor-Ten Steel products seasoning instructions\u00a0\u00bb &#8212; GrillSymbol\" src=\"https:\/\/www.grillsymbol.com\/fr\/a-propos-des-differentes-poeles\/instructions-de-vieillissement-des-produits-en-acier-cor-ten\/embed\/#?secret=t30RUjlmC5#?secret=lUocrgvlMC\" data-secret=\"lUocrgvlMC\" width=\"600\" height=\"338\" frameborder=\"0\" marginwidth=\"0\" marginheight=\"0\" scrolling=\"no\"><\/iframe><\/p>\n","protected":false},"excerpt":{"rendered":"<p>Un produit avec le plus grand foyer de notre gamme de produits.<\/p>\n<p><strong>Design : Petteri Wiimaa.<\/strong><\/p>\n<p>Le foyer est en acier Cor-Ten qui est un acier au carbone presque pur mais trait\u00e9 de mani\u00e8re \u00e0 avoir une couche protectrice sur la surface pour la rendre r\u00e9sistante aux intemp\u00e9ries. La surface est \u00e0 l\\&rsquo;origine gris\u00e2tre, puis elle devient brun rouge\u00e2tre (ressemble \u00e0 la couleur de la rouille), qui devient plus fonc\u00e9e avec le temps. S\\&rsquo;il est utilis\u00e9 correctement, l\\&rsquo;acier Cor-Ten est expressif, durable et sans entretien et peut tenir le temps \u00e0 sa mani\u00e8re unique.<\/p>\n<p>&nbsp;<\/p>\n","protected":false},"featured_media":9742,"comment_status":"open","ping_status":"closed","template":"","meta":{"footnotes":""},"class_list":["post-9729","product","type-product","status-publish","has-post-thumbnail","hentry","product_cat-braseros-en-acier-corten"],"_links":{"self":[{"href":"https:\/\/www.grillsymbol.com\/fr\/wp-json\/wp\/v2\/product\/9729","targetHints":{"allow":["GET"]}}],"collection":[{"href":"https:\/\/www.grillsymbol.com\/fr\/wp-json\/wp\/v2\/product"}],"about":[{"href":"https:\/\/www.grillsymbol.com\/fr\/wp-json\/wp\/v2\/types\/product"}],"replies":[{"embeddable":true,"href":"https:\/\/www.grillsymbol.com\/fr\/wp-json\/wp\/v2\/comments?post=9729"}],"version-history":[{"count":1,"href":"https:\/\/www.grillsymbol.com\/fr\/wp-json\/wp\/v2\/product\/9729\/revisions"}],"predecessor-version":[{"id":35833,"href":"https:\/\/www.grillsymbol.com\/fr\/wp-json\/wp\/v2\/product\/9729\/revisions\/35833"}],"wp:featuredmedia":[{"embeddable":true,"href":"https:\/\/www.grillsymbol.com\/fr\/wp-json\/wp\/v2\/media\/9742"}],"wp:attachment":[{"href":"https:\/\/www.grillsymbol.com\/fr\/wp-json\/wp\/v2\/media?parent=9729"}],"curies":[{"name":"wp","href":"https:\/\/api.w.org\/{rel}","templated":true}]}}