{"id":9871,"date":"2017-12-07T11:20:32","date_gmt":"2017-12-07T11:20:32","guid":{"rendered":"https:\/\/www.grillsymbol.com\/shop\/uncategorized\/grillsymbol-cor-ten-steel-fire-pit-fogo\/"},"modified":"2026-04-28T17:33:46","modified_gmt":"2026-04-28T17:33:46","slug":"grillsymbol-brasero-en-acier-corten-fogo","status":"publish","type":"product","link":"https:\/\/www.grillsymbol.com\/fr\/shop\/braseros-en-acier-corten\/grillsymbol-brasero-en-acier-corten-fogo\/","title":{"rendered":"GrillSymbol Brasero en acier Corten Fogo OFFRE SP\u00c9CIALE Accessoires suppl\u00e9mentaires inclus pour 473 \u20ac"},"content":{"rendered":"<p><strong>Fogo <\/strong>est un mot portugais qui signifie \u00ab feu \u00bb.<\/p>\n<p><strong>Sp\u00e9cifications techniques:<\/strong><\/p>\n<p><strong>\u00a0<\/strong><\/p>\n<ul>\n<li>Mat\u00e9riau : acier Cor-Ten de 3 mm.<\/li>\n<li>Dimensions : 120 x 120 cm.<\/li>\n<li>Hauteur : 47 cm.<\/li>\n<li>Au milieu, il y a un panier pour le bois de chauffage et les cendres qui peuvent \u00eatre retir\u00e9s et nettoy\u00e9s.<\/li>\n<li>Poids total : 150 kg (mis sur palette EUR pour le transport).<\/li>\n<li>Le foyer ext\u00e9rieur contient des gravillons de granit, qui sont install\u00e9s entre deux cercles.<\/li>\n<li>Le foyer ext\u00e9rieur au bois est soutenu au sol par trois pieds.<\/li>\n<li>Gr\u00e2ce \u00e0 sa taille, il est adapt\u00e9 \u00e0 une utilisation dans les lieux publics : terrasses de restaurants, centres de golf, etc.<\/li>\n<\/ul>\n<p>&nbsp;<\/p>\n<p>Le produit ne doit pas \u00eatre install\u00e9 sur une base en bois car le foyer deviendra chaud pendant le feu. Il y a des trous au fond du foyer d\\&rsquo;o\u00f9 peuvent tomber de petits morceaux de charbon. Les trous dans le fond fonctionnent comme des trous de drainage pour emp\u00eacher l\\&rsquo;eau stagnante de s\\&rsquo;accumuler \u00e0 l\\&rsquo;int\u00e9rieur du foyer.<\/p>\n<p>&nbsp;<\/p>\n<p>&nbsp;<\/p>\n<p>NB ! Les produits en acier Cor-Ten sont livr\u00e9s non trait\u00e9s. Lorsqu\u2019il est neuf, l\u2019acier COR-TEN\u00ae est de couleur grise comme l\u2019acier lamin\u00e9 \u00e0 chaud habituel. Vous pouvez trouver les instructions de vieillissement sur notre site Web ou vous pouvez les scanner directement sur le produit. Les produits en acier Cor-Ten peuvent \u00eatre stock\u00e9s \u00e0 l\u2019ext\u00e9rieur toute l\u2019ann\u00e9e. Ne n\u00e9cessite pas de stockage.<\/p>\n<p>&nbsp;<\/p>\n<p>&nbsp;<\/p>\n<h5><a href=\"https:\/\/www.grillsymbol.com\/fr\/a-propos-des-differentes-poeles\/instructions-de-vieillissement-des-produits-en-acier-cor-ten\/\" target=\"_blank\" rel=\"noopener\">Regardez ici : Instructions de vieillissement des produits en acier Cor-Ten<\/a><\/h5>\n","protected":false},"excerpt":{"rendered":"<p><strong>En cadeau: un GrillSymbol Kit de barbecue Arttu (229 EUR) un Couvercle pour Luna (155 EUR) et Tisonnier \u00e0 feu 60 cm (59 EUR) d\u2019une valeur de 473 euros!<\/strong><\/p>\n<p>Le plus grand foyer ext\u00e9rieur de notre gamme de produits.<\/p>\n<p><strong>Design : Petteri Wiimaa.<\/strong><\/p>\n<p>Le foyer est en acier CorTen qui est un acier au carbone presque pur mais trait\u00e9 de mani\u00e8re \u00e0 avoir une couche protectrice sur la surface pour la rendre r\u00e9sistante aux intemp\u00e9ries. La surface est \u00e0 l\\&rsquo;origine gris\u00e2tre, puis elle devient brun rouge\u00e2tre (ressemble \u00e0 la couleur de la rouille), qui devient plus fonc\u00e9e avec le temps. S\\&rsquo;il est utilis\u00e9 correctement, l\\&rsquo;acier Cor-Ten est expressif, durable et sans entretien et peut tenir le temps \u00e0 sa mani\u00e8re unique. Les pierres entre les deux parois m\u00e9talliques sont avant tout d\u00e9coratives, mais transmettent \u00e9galement la chaleur.<\/p>\n<p>&nbsp;<\/p>\n","protected":false},"featured_media":12614,"comment_status":"open","ping_status":"closed","template":"","meta":{"footnotes":""},"class_list":["post-9871","product","type-product","status-publish","has-post-thumbnail","hentry","product_cat-braseros-en-acier-corten"],"_links":{"self":[{"href":"https:\/\/www.grillsymbol.com\/fr\/wp-json\/wp\/v2\/product\/9871","targetHints":{"allow":["GET"]}}],"collection":[{"href":"https:\/\/www.grillsymbol.com\/fr\/wp-json\/wp\/v2\/product"}],"about":[{"href":"https:\/\/www.grillsymbol.com\/fr\/wp-json\/wp\/v2\/types\/product"}],"replies":[{"embeddable":true,"href":"https:\/\/www.grillsymbol.com\/fr\/wp-json\/wp\/v2\/comments?post=9871"}],"version-history":[{"count":1,"href":"https:\/\/www.grillsymbol.com\/fr\/wp-json\/wp\/v2\/product\/9871\/revisions"}],"predecessor-version":[{"id":35774,"href":"https:\/\/www.grillsymbol.com\/fr\/wp-json\/wp\/v2\/product\/9871\/revisions\/35774"}],"wp:featuredmedia":[{"embeddable":true,"href":"https:\/\/www.grillsymbol.com\/fr\/wp-json\/wp\/v2\/media\/12614"}],"wp:attachment":[{"href":"https:\/\/www.grillsymbol.com\/fr\/wp-json\/wp\/v2\/media?parent=9871"}],"curies":[{"name":"wp","href":"https:\/\/api.w.org\/{rel}","templated":true}]}}