{"id":33117,"date":"2026-01-27T13:26:15","date_gmt":"2026-01-27T13:26:15","guid":{"rendered":"https:\/\/www.grillsymbol.com\/termini-e-condizioni\/"},"modified":"2026-01-27T13:26:15","modified_gmt":"2026-01-27T13:26:15","slug":"termini-e-condizioni","status":"publish","type":"page","link":"https:\/\/www.grillsymbol.com\/it\/termini-e-condizioni\/","title":{"rendered":"Termini e condizioni"},"content":{"rendered":"<p><strong>Condizioni generali e d&#8217;ordine del negozio online GrillSymbol. Ambito di applicazione e validit\u00e0 dei termini e delle condizioni: <\/strong><\/p>\n<p>I presenti termini e condizioni generali di ordinazione del negozio online di Grillsymbol O\u00dc (di seguito &#8220;venditore&#8221;) (di seguito &#8220;termini e condizioni&#8221;) si applicano a tutte le persone (di seguito &#8220;acquirente\/cliente&#8221;) che utilizzano il negozio online www.grillsymbol.com (di seguito &#8220;negozio online&#8221;), per ordinare beni e servizi dal negozio online (di seguito &#8220;beni\/servizi&#8221;) e concludendo un contratto di compravendita (di seguito &#8220;contratto di vendita&#8221;) per l&#8217;acquisto di beni dal negozio online. Accettando i termini e le condizioni, l&#8217;acquirente conferma di aver letto, rispettato e seguito i termini e le condizioni del contratto di vendita. <\/p>\n<p><strong>Acquistare prodotti e fare un ordine nell&#8217;e-shop:<\/strong><\/p>\n<p>1. \u00c8 possibile acquistare questi articoli tramite il link &#8220;<strong>Aggiungi al carrello<\/strong>&#8221; nell&#8217;e-shop. Il prezzo dei prodotti e la disponibilit\u00e0 dei prodotti nell&#8217;e-shop possono cambiare in modo continuo e senza preavviso. Se l&#8217;acquirente ha effettuato l&#8217;ordine prima che il prezzo dei prodotti sia cambiato, si applicher\u00e0 il prezzo valido al momento dell&#8217;ordine.  <\/p>\n<p>2. Il venditore ha il diritto di recedere dal contratto di vendita concluso tramite l&#8217;e-shop e di non consegnare la merce ordinata o fornire il servizio nei seguenti casi: la merce \u00e8 esaurita o, in caso di guasto tecnico, la merce ha un prezzo sbagliato. In entrambi i casi, il cliente sar\u00e0 informato e il denaro pagato per la merce sar\u00e0 restituito. <\/p>\n<p>3. Il contratto di vendita si considera concluso al momento della ricezione dell&#8217;importo da pagare secondo la conferma d&#8217;ordine sul conto corrente di Grillsymbol O\u00dc o dell&#8217;operatore che offre la soluzione di pagamento<strong>(PayPal, Klarna, Make Commerce<\/strong>). La conferma dell&#8217;ordine non pagato da parte del venditore non sar\u00e0 completata. <\/p>\n<p>4. Pagamento della merce: la merce pu\u00f2 essere pagata tramite <strong>PayPal, Klarna Checkout<\/strong> e <strong>Make Commerce<\/strong>. Sono accettate la maggior parte delle carte di debito e di credito. Non \u00e8 necessario avere un account di un operatore di soluzioni di pagamento per effettuare un pagamento. Il pagamento nel negozio online GrillSymbol viene effettuato nella valuta del paese del cliente. Dopo aver effettuato il pagamento, il negozio online ti invier\u00e0 una conferma d&#8217;ordine e una fattura.    <\/p>\n<p>5. Se l&#8217;acquisto viene effettuato da un&#8217;<strong>azienda dell&#8217;Unione Europea soggetta a IVA<\/strong>, \u00e8 possibile effettuare l&#8217;acquisto in esenzione di IVA. A tal fine, \u00e8 necessario inserire il numero di partita IVA dell&#8217;azienda e il codice del paese insieme ad altri dati quando si effettua un acquisto. Il numero deve essere inserito secondo gli standard del paese del Cliente.  <\/p>\n<p><strong>Gli standard dell&#8217;Unione Europea in materia di numeri di partita IVA possono essere consultati qui:<\/strong> <span style=\"color: #0000ff;\"><a style=\"color: #0000ff;\" href=\"https:\/\/ec.europa.eu\/taxation_customs\/business\/vat\/eu-vat-rules-topic\/vat-identification-numbers_en\">Numeri di identificazione IVA<\/a><\/span><\/p>\n<p>6. Acquisti dal <strong>Regno Unito<\/strong>. Gli acquisti dal Regno Unito sono possibili solo tramite il sito www.grillsymbol.co.uk. <\/p>\n<p>7. Acquisti dalla <strong>Svizzera<\/strong>. Il Cliente acquista i beni dal Venditore in esenzione di IVA e paga l&#8217;IVA all&#8217;arrivo dei beni. All&#8217;importo dell&#8217;acquisto viene aggiunta una tassa di dichiarazione una tantum, pari a 20 \u20ac indipendentemente dall&#8217;importo dell&#8217;acquisto.  <\/p>\n<p>&nbsp;<\/p>\n<p>Tutti i dati personali di cui si \u00e8 venuti a conoscenza visitando il negozio online grillsymbol.ee e facendo acquisti saranno trattati come informazioni riservate. Un canale di comunicazione criptato con le banche garantisce la sicurezza dei dati personali e delle coordinate bancarie dell&#8217;acquirente. I rappresentanti di Grillsymbol O\u00dc non hanno accesso ai rispettivi dati criptati.  <\/p>\n","protected":false},"excerpt":{"rendered":"<p>Condizioni generali e d&#8217;ordine del negozio online GrillSymbol. Ambito di applicazione e validit\u00e0 dei termini e delle condizioni: I presenti termini e condizioni generali di ordinazione del negozio online di Grillsymbol O\u00dc (di seguito &#8220;venditore&#8221;) (di seguito &#8220;termini e condizioni&#8221;) si applicano a tutte le persone (di seguito &#8220;acquirente\/cliente&#8221;) che utilizzano il negozio online www.grillsymbol.com [&hellip;]<\/p>\n","protected":false},"author":1,"featured_media":0,"parent":0,"menu_order":0,"comment_status":"closed","ping_status":"closed","template":"","meta":{"footnotes":""},"class_list":["post-33117","page","type-page","status-publish","hentry"],"_links":{"self":[{"href":"https:\/\/www.grillsymbol.com\/it\/wp-json\/wp\/v2\/pages\/33117","targetHints":{"allow":["GET"]}}],"collection":[{"href":"https:\/\/www.grillsymbol.com\/it\/wp-json\/wp\/v2\/pages"}],"about":[{"href":"https:\/\/www.grillsymbol.com\/it\/wp-json\/wp\/v2\/types\/page"}],"author":[{"embeddable":true,"href":"https:\/\/www.grillsymbol.com\/it\/wp-json\/wp\/v2\/users\/1"}],"replies":[{"embeddable":true,"href":"https:\/\/www.grillsymbol.com\/it\/wp-json\/wp\/v2\/comments?post=33117"}],"version-history":[{"count":0,"href":"https:\/\/www.grillsymbol.com\/it\/wp-json\/wp\/v2\/pages\/33117\/revisions"}],"wp:attachment":[{"href":"https:\/\/www.grillsymbol.com\/it\/wp-json\/wp\/v2\/media?parent=33117"}],"curies":[{"name":"wp","href":"https:\/\/api.w.org\/{rel}","templated":true}]}}