{"id":33157,"date":"2026-01-27T14:25:29","date_gmt":"2026-01-27T14:25:29","guid":{"rendered":"https:\/\/www.grillsymbol.com\/informazioni-sulle-diverse-pentole\/informazioni-sulla-sicurezza\/"},"modified":"2026-01-27T14:25:29","modified_gmt":"2026-01-27T14:25:29","slug":"informazioni-sulla-sicurezza","status":"publish","type":"page","link":"https:\/\/www.grillsymbol.com\/it\/informazioni-sulle-diverse-pentole\/informazioni-sulla-sicurezza\/","title":{"rendered":"Informazioni sulla sicurezza"},"content":{"rendered":"<p><strong>I prodotti GrillSymbol sono sicuri.  <\/strong><\/p>\n<p>Tutti i prodotti della serie PRO hanno superato la valutazione di conformit\u00e0 CE in base alla direttiva 2009\/142\/CE e sono contrassegnati dalla combinazione numerica CE1336-10. La valutazione di conformit\u00e0 \u00e8 stata effettuata da Inspecta Group: www.inspecta.com <\/p>\n<p>Per quanto riguarda la sicurezza, tutti i prodotti della serie PRO sono stati costruiti in modo che il pannello laterale del parabrezza non si riscaldi durante il funzionamento, riducendo cos\u00ec il rischio di ustioni accidentali.<\/p>\n<p><strong>I prodotti sono stati sottoposti ai seguenti test di sicurezza:<\/strong><\/p>\n<p>1. Test di temperatura: durante il funzionamento, il pannello laterale del parabrezza non pu\u00f2 riscaldarsi pi\u00f9 di +60C rispetto alla temperatura esterna. Ci\u00f2 significa che in una comune giornata estiva del nord con una temperatura di -20C, la temperatura massima del pannello laterale pu\u00f2 raggiungere i +80C. Il &#8220;parabrezza triplo&#8221; della serie PRO \u00e8 una soluzione sicura per evitare ustioni accidentali.  <\/p>\n<p>2. Test di stabilit\u00e0: le gambe e la struttura della padella sono abbastanza robuste da garantire la stabilit\u00e0 della padella, che non traballa o si muove sulle gambe anche se \u00e8 piena di cibo.<\/p>\n<p>3. Test di accensione: &#8220;Click and Cook&#8221; \u00e8 una soluzione unica che permette di accendere il gas con l&#8217;alimentazione a batteria. L&#8217;accensione del gas avviene con una semplice pressione sull&#8217;interruttore (dotazione standard di tutti i prodotti della serie PRO, ad eccezione dei modelli 460). <\/p>\n<p><strong>Gruppo Inspecta: www.inspecta.com<\/strong><\/p>\n","protected":false},"excerpt":{"rendered":"<p>I prodotti GrillSymbol sono sicuri. Tutti i prodotti della serie PRO hanno superato la valutazione di conformit\u00e0 CE in base alla direttiva 2009\/142\/CE e sono contrassegnati dalla combinazione numerica CE1336-10. La valutazione di conformit\u00e0 \u00e8 stata effettuata da Inspecta Group: www.inspecta.com Per quanto riguarda la sicurezza, tutti i prodotti della serie PRO sono stati costruiti [&hellip;]<\/p>\n","protected":false},"author":1,"featured_media":0,"parent":26460,"menu_order":0,"comment_status":"closed","ping_status":"closed","template":"","meta":{"footnotes":""},"class_list":["post-33157","page","type-page","status-publish","hentry"],"_links":{"self":[{"href":"https:\/\/www.grillsymbol.com\/it\/wp-json\/wp\/v2\/pages\/33157","targetHints":{"allow":["GET"]}}],"collection":[{"href":"https:\/\/www.grillsymbol.com\/it\/wp-json\/wp\/v2\/pages"}],"about":[{"href":"https:\/\/www.grillsymbol.com\/it\/wp-json\/wp\/v2\/types\/page"}],"author":[{"embeddable":true,"href":"https:\/\/www.grillsymbol.com\/it\/wp-json\/wp\/v2\/users\/1"}],"replies":[{"embeddable":true,"href":"https:\/\/www.grillsymbol.com\/it\/wp-json\/wp\/v2\/comments?post=33157"}],"version-history":[{"count":0,"href":"https:\/\/www.grillsymbol.com\/it\/wp-json\/wp\/v2\/pages\/33157\/revisions"}],"up":[{"embeddable":true,"href":"https:\/\/www.grillsymbol.com\/it\/wp-json\/wp\/v2\/pages\/26460"}],"wp:attachment":[{"href":"https:\/\/www.grillsymbol.com\/it\/wp-json\/wp\/v2\/media?parent=33157"}],"curies":[{"name":"wp","href":"https:\/\/api.w.org\/{rel}","templated":true}]}}