{"id":33159,"date":"2026-01-27T14:27:04","date_gmt":"2026-01-27T14:27:04","guid":{"rendered":"https:\/\/www.grillsymbol.com\/informazioni-sulle-diverse-pentole\/clicca-e-cucina\/"},"modified":"2026-01-27T14:27:04","modified_gmt":"2026-01-27T14:27:04","slug":"clicca-e-cucina","status":"publish","type":"page","link":"https:\/\/www.grillsymbol.com\/it\/informazioni-sulle-diverse-pentole\/clicca-e-cucina\/","title":{"rendered":"Clicca e cucina"},"content":{"rendered":"<p><strong>Una soluzione innovativa e unica nelle padelle GrillSymbol serie PRO<\/strong> (dotazione standard di tutti i prodotti della serie PRO, ad eccezione dei modelli 460).<\/p>\n<p>Non c&#8217;\u00e8 bisogno di fiammiferi o accendini per accendere il gas. Inoltre, non devi temere di bruciarti le dita quando accendi il gas, cosa che pu\u00f2 accadere quando si accendono i fiammiferi, soprattutto nel caso di bruciatori ad alta potenza da 10-25 kw. Gli chef professionisti possono essere esperti nell&#8217;accendere i fiammiferi, ma per esperienza possiamo dire che anche loro preferiscono la comodit\u00e0 che offre &#8220;Click and Cook&#8221;.  <\/p>\n<p>L&#8217;esclusivo sistema &#8220;Click and Cook&#8221; di GrillSymbol rende la vita dell&#8217;utente della padella pi\u00f9 facile e conveniente.<\/p>\n<p>Il dispositivo funziona con batterie di tipo AA. La sostituzione delle batterie (di solito una ogni due anni) \u00e8 semplice: \u00e8 necessario aprire la manopola dell&#8217;accendino e sostituire le batterie con altre nuove. <\/p>\n<p>L&#8217;accensione del gas \u00e8 sicura. Durante la valutazione di conformit\u00e0, il test di sicurezza dell&#8217;illuminazione \u00e8 stato effettuato da Inspecta Group: www.inspecta.com <\/p>\n","protected":false},"excerpt":{"rendered":"<p>Una soluzione innovativa e unica nelle padelle GrillSymbol serie PRO (dotazione standard di tutti i prodotti della serie PRO, ad eccezione dei modelli 460). Non c&#8217;\u00e8 bisogno di fiammiferi o accendini per accendere il gas. Inoltre, non devi temere di bruciarti le dita quando accendi il gas, cosa che pu\u00f2 accadere quando si accendono i [&hellip;]<\/p>\n","protected":false},"author":1,"featured_media":0,"parent":26460,"menu_order":0,"comment_status":"closed","ping_status":"closed","template":"","meta":{"footnotes":""},"class_list":["post-33159","page","type-page","status-publish","hentry"],"_links":{"self":[{"href":"https:\/\/www.grillsymbol.com\/it\/wp-json\/wp\/v2\/pages\/33159","targetHints":{"allow":["GET"]}}],"collection":[{"href":"https:\/\/www.grillsymbol.com\/it\/wp-json\/wp\/v2\/pages"}],"about":[{"href":"https:\/\/www.grillsymbol.com\/it\/wp-json\/wp\/v2\/types\/page"}],"author":[{"embeddable":true,"href":"https:\/\/www.grillsymbol.com\/it\/wp-json\/wp\/v2\/users\/1"}],"replies":[{"embeddable":true,"href":"https:\/\/www.grillsymbol.com\/it\/wp-json\/wp\/v2\/comments?post=33159"}],"version-history":[{"count":0,"href":"https:\/\/www.grillsymbol.com\/it\/wp-json\/wp\/v2\/pages\/33159\/revisions"}],"up":[{"embeddable":true,"href":"https:\/\/www.grillsymbol.com\/it\/wp-json\/wp\/v2\/pages\/26460"}],"wp:attachment":[{"href":"https:\/\/www.grillsymbol.com\/it\/wp-json\/wp\/v2\/media?parent=33159"}],"curies":[{"name":"wp","href":"https:\/\/api.w.org\/{rel}","templated":true}]}}