{"id":33175,"date":"2026-01-28T12:25:38","date_gmt":"2026-01-28T12:25:38","guid":{"rendered":"https:\/\/www.grillsymbol.com\/informazioni-sulle-diverse-pentole\/manuale-duso-per-barbecue-a-carbone-chef\/"},"modified":"2026-01-28T12:25:38","modified_gmt":"2026-01-28T12:25:38","slug":"manuale-duso-per-barbecue-a-carbone-chef","status":"publish","type":"page","link":"https:\/\/www.grillsymbol.com\/it\/informazioni-sulle-diverse-pentole\/manuale-duso-per-barbecue-a-carbone-chef\/","title":{"rendered":"Manuale d\u2019uso per barbecue a carbone CHEF<br>"},"content":{"rendered":"<p><strong>Importante!<\/strong> Prima di utilizzare il dispositivo, leggere attentamente il manuale d\u2019uso. Il dispositivo \u00e8 destinato esclusivamente all\u2019uso esterno. Il riscaldamento avviene tramite carbone, bricchette per barbecue o legna da ardere.  <\/p>\n<p>Requisiti di sicurezza:<\/p>\n<p>\u2022 Il dispositivo in funzione non deve mai essere lasciato incustodito.<br \/>\n\u2022 Il dispositivo non deve essere utilizzato da bambini.<br \/>\n\u2022 Il dispositivo \u00e8 destinato esclusivamente all\u2019uso previsto.<br \/>\n\u2022 Durante l\u2019uso il dispositivo pu\u00f2 diventare molto caldo e pu\u00f2 causare ustioni.<br \/>\n\u2022 Il dispositivo non deve essere spostato e nessuna parte deve essere rimossa durante il funzionamento.<br \/>\n\u2022 Non conservare materiali infiammabili vicino al dispositivo in funzione.<br \/>\n\u2022 Non posizionare il dispositivo su pavimenti o terrazze in legno.<br \/>\n\u2022 Non utilizzare un dispositivo incompleto; assicurarsi che tutti i componenti siano installati (cassetti, camini, termometro).<br \/>\n\u2022 Non utilizzare mai un dispositivo incompleto \u2013 verificare che tutte le parti siano montate (cassetti, termometro, ecc.).<\/p>\n<p>Elenco delle parti del dispositivo:<\/p>\n<p>&nbsp;<\/p>\n<table style=\"height: 708px;\" width=\"1300\" cellspacing=\"0\" cellpadding=\"7\">\n<tbody>\n<tr valign=\"top\">\n<td width=\"82\"><span style=\"font-family: Arial, serif;\"><span style=\"font-size: small;\"><span lang=\"en-US\"><b><span style=\"color: #000000;\">Art no <\/span><\/b><\/span><\/span><\/span><\/td>\n<td style=\"text-align: center;\" width=\"52\"><span style=\"font-family: Arial, serif;\"><span style=\"font-size: small;\"><span lang=\"en-US\"><b><span style=\"color: #000000;\">Chef<\/span><\/b><\/span><\/span><\/span><\/td>\n<td style=\"text-align: center;\" width=\"51\"><span style=\"font-family: Arial, serif;\"><span style=\"font-size: small;\"><span lang=\"en-US\"><b><span style=\"color: #000000;\">Chef-XL<\/span><\/b><\/span><\/span><\/span><\/td>\n<td style=\"text-align: center;\" width=\"73\"><span style=\"font-family: Arial, serif;\"><span style=\"font-size: small;\"><span lang=\"en-US\"><b><span style=\"color: #000000;\">Chef-XXL<\/span><\/b><\/span><\/span><\/span><\/td>\n<td style=\"text-align: center;\" width=\"91\"><span style=\"font-family: Arial, serif;\"><span style=\"font-size: small;\"><span lang=\"en-US\"><b><span style=\"color: #000000;\">Chef-XXL Argento<\/span><\/b><\/span><\/span><\/span><\/td>\n<td style=\"text-align: center;\" width=\"75\"><span style=\"font-family: Arial, serif;\"><span style=\"font-size: small;\"><span lang=\"en-US\"><b><span style=\"color: #000000;\">Chef-N<\/span><\/b><\/span><\/span><\/span><\/td>\n<td style=\"text-align: center;\" width=\"74\"><span style=\"font-family: Arial, serif;\"><span style=\"font-size: small;\"><span lang=\"en-US\"><b><span style=\"color: #000000;\">Chef-NXL<\/span><\/b><\/span><\/span><\/span><\/td>\n<\/tr>\n<tr valign=\"top\">\n<td width=\"82\"><span style=\"font-family: Arial, serif;\"><span style=\"font-size: small;\"><span lang=\"en-US\"><span style=\"color: #000000;\">Alloggiamento della griglia<\/span><\/span><\/span><\/span><\/td>\n<td width=\"52\"><span style=\"color: #000000;\"> \u2713<\/span><\/td>\n<td width=\"51\">\n<p align=\"center\"><span style=\"color: #000000;\">\u2713<\/span><\/p>\n<\/td>\n<td width=\"73\">\n<p align=\"center\"><span style=\"color: #000000;\">\u2713<\/span><\/p>\n<\/td>\n<td width=\"91\">\n<p align=\"center\"><span style=\"color: #000000;\">\u2713<\/span><\/p>\n<\/td>\n<td width=\"75\">\n<p align=\"center\"><span style=\"color: #000000;\">\u2713<\/span><\/p>\n<\/td>\n<td width=\"74\">\n<p align=\"center\"><span style=\"color: #000000;\">\u2713<\/span><\/p>\n<\/td>\n<\/tr>\n<tr valign=\"top\">\n<td width=\"82\"><span style=\"font-family: Arial, serif;\"><span style=\"font-size: small;\"><span lang=\"en-US\"><span style=\"color: #000000;\">Teglia da forno (acciaio)<\/span><\/span><\/span><\/span><\/td>\n<td width=\"52\">\n<p align=\"center\"><span style=\"font-family: Arial, serif;\"><span style=\"font-size: small;\"><span lang=\"en-US\"><span style=\"color: #000000;\">1<\/span><\/span><\/span><\/span><\/p>\n<\/td>\n<td width=\"51\">\n<p align=\"center\"><span style=\"font-family: Arial, serif;\"><span style=\"font-size: small;\"><span lang=\"en-US\"><span style=\"color: #000000;\">2<\/span><\/span><\/span><\/span><\/p>\n<\/td>\n<td width=\"73\">\n<p align=\"center\"><span style=\"font-family: Arial, serif;\"><span style=\"font-size: small;\"><span lang=\"en-US\"><span style=\"color: #000000;\">2<\/span><\/span><\/span><\/span><\/p>\n<\/td>\n<td width=\"91\">\n<p align=\"center\"><span style=\"font-family: Arial, serif;\"><span style=\"font-size: small;\"><span lang=\"en-US\"><span style=\"color: #000000;\">2<\/span><\/span><\/span><\/span><\/p>\n<\/td>\n<td width=\"75\">\n<p align=\"center\"><span style=\"font-family: Arial, serif;\"><span style=\"font-size: small;\"><span lang=\"en-US\"><span style=\"color: #000000;\">1<\/span><\/span><\/span><\/span><\/p>\n<\/td>\n<td width=\"74\">\n<p align=\"center\"><span style=\"font-family: Arial, serif;\"><span style=\"font-size: small;\"><span lang=\"en-US\"><span style=\"color: #000000;\">2<\/span><\/span><\/span><\/span><\/p>\n<\/td>\n<\/tr>\n<tr valign=\"top\">\n<td width=\"82\"><span style=\"font-family: Arial, serif;\"><span style=\"font-size: small;\"><span lang=\"en-US\"><span style=\"color: #000000;\">Gambe della griglia<\/span><\/span><\/span><\/span><\/td>\n<td width=\"52\">\n<p align=\"center\"><span style=\"color: #000000;\">\u2713<\/span><\/p>\n<\/td>\n<td width=\"51\">\n<p align=\"center\"><span style=\"color: #000000;\">\u2713<\/span><\/p>\n<\/td>\n<td width=\"73\">\n<p align=\"center\"><span style=\"color: #000000;\">\u2713<\/span><\/p>\n<\/td>\n<td width=\"91\">\n<p align=\"center\"><span style=\"color: #000000;\">\u2713<\/span><\/p>\n<\/td>\n<td width=\"75\">\n<p align=\"center\"><span style=\"color: #000000;\">\u2713<\/span><\/p>\n<\/td>\n<td width=\"74\">\n<p align=\"center\"><span style=\"color: #000000;\">\u2713<\/span><\/p>\n<\/td>\n<\/tr>\n<tr valign=\"top\">\n<td width=\"82\"><span style=\"font-family: Arial, serif;\"><span style=\"font-size: small;\"><span lang=\"en-US\"><span style=\"color: #000000;\">Scatola di carbone<\/span><\/span><\/span><\/span><\/td>\n<td width=\"52\">\n<p align=\"center\"><span style=\"color: #000000;\">\u2713<\/span><\/p>\n<\/td>\n<td width=\"51\">\n<p align=\"center\"><span style=\"color: #000000;\">\u2713<\/span><\/p>\n<\/td>\n<td width=\"73\">\n<p align=\"center\"><span style=\"color: #000000;\">\u2713<\/span><\/p>\n<\/td>\n<td width=\"91\">\n<p align=\"center\"><span style=\"color: #000000;\">\u2713<\/span><\/p>\n<\/td>\n<td width=\"75\">\n<p align=\"center\"><span style=\"color: #000000;\">\u2713<\/span><\/p>\n<\/td>\n<td width=\"74\">\n<p align=\"center\"><span style=\"color: #000000;\">\u2713<\/span><\/p>\n<\/td>\n<\/tr>\n<tr valign=\"top\">\n<td width=\"82\"><span style=\"font-family: Arial, serif;\"><span style=\"font-size: small;\"><span lang=\"en-US\"><span style=\"color: #000000;\">Coperchio della griglia<\/span><\/span><\/span><\/span><\/td>\n<td width=\"52\">\n<p align=\"center\"><span style=\"color: #000000;\">\u2713<\/span><\/p>\n<\/td>\n<td width=\"51\">\n<p align=\"center\"><span style=\"color: #000000;\">\u2713<\/span><\/p>\n<\/td>\n<td width=\"73\">\n<p align=\"center\"><span style=\"font-family: Arial, serif;\"><span style=\"font-size: small;\"><span lang=\"en-US\"><span style=\"color: #000000;\">Accessorio<\/span><\/span><\/span><\/span><\/p>\n<\/td>\n<td width=\"91\">\n<p align=\"center\"><span style=\"font-family: Arial, serif;\"><span style=\"font-size: small;\"><span lang=\"en-US\"><span style=\"color: #000000;\">Accessorio<\/span><\/span><\/span><\/span><\/p>\n<\/td>\n<td width=\"75\">\n<p align=\"center\"><span style=\"font-family: Arial, serif;\"><span style=\"font-size: small;\"><span lang=\"en-US\"><span style=\"color: #000000;\">Accessorio<\/span><\/span><\/span><\/span><\/p>\n<\/td>\n<td width=\"74\">\n<p align=\"center\"><span style=\"font-family: Arial, serif;\"><span style=\"font-size: small;\"><span lang=\"en-US\"><span style=\"color: #000000;\">Accessorio<\/span><\/span><\/span><\/span><\/p>\n<\/td>\n<\/tr>\n<tr valign=\"top\">\n<td width=\"82\"><span style=\"font-family: Arial, serif;\"><span style=\"font-size: small;\"><span lang=\"en-US\"><span style=\"color: #000000;\">Termometro<\/span><\/span><\/span><\/span><\/td>\n<td width=\"52\"><\/td>\n<td width=\"51\"><\/td>\n<td width=\"73\">\n<p align=\"center\"><span style=\"font-family: Arial, serif;\"><span style=\"font-size: small;\"><span lang=\"en-US\"><span style=\"color: #000000;\">Accessorio<\/span><\/span><\/span><\/span><\/p>\n<\/td>\n<td width=\"91\">\n<p align=\"center\"><span style=\"font-family: Arial, serif;\"><span style=\"font-size: small;\"><span lang=\"en-US\"><span style=\"color: #000000;\">Accessorio<\/span><\/span><\/span><\/span><\/p>\n<\/td>\n<td width=\"75\">\n<p align=\"center\"><span style=\"font-family: Arial, serif;\"><span style=\"font-size: small;\"><span lang=\"en-US\"><span style=\"color: #000000;\">Accessorio<\/span><\/span><\/span><\/span><\/p>\n<\/td>\n<td width=\"74\">\n<p align=\"center\"><span style=\"font-family: Arial, serif;\"><span style=\"font-size: small;\"><span lang=\"en-US\"><span style=\"color: #000000;\">Accessorio<\/span><\/span><\/span><\/span><\/p>\n<\/td>\n<\/tr>\n<tr valign=\"top\">\n<td width=\"82\"><span style=\"font-family: Arial, serif;\"><span style=\"font-size: small;\"><span lang=\"en-US\"><span style=\"color: #000000;\">Ripiani laterali<\/span><\/span><\/span><\/span><\/td>\n<td width=\"52\"><span style=\"color: #000000;\"> \u2713<\/span><\/td>\n<td width=\"51\"><span style=\"color: #000000;\"> \u2713<\/span><\/td>\n<td width=\"73\">\n<p align=\"center\"><span style=\"font-family: Arial, serif;\"><span style=\"font-size: small;\"><span lang=\"en-US\"><span style=\"color: #000000;\">x<\/span><\/span><\/span><\/span><\/p>\n<\/td>\n<td width=\"91\">\n<p align=\"center\"><span style=\"font-family: Arial, serif;\"><span style=\"font-size: small;\"><span lang=\"en-US\"><span style=\"color: #000000;\">x<\/span><\/span><\/span><\/span><\/p>\n<\/td>\n<td width=\"75\">\n<p align=\"center\"><span style=\"font-family: Arial, serif;\"><span style=\"font-size: small;\"><span lang=\"en-US\"><span style=\"color: #000000;\">Accessorio<\/span><\/span><\/span><\/span><\/p>\n<\/td>\n<td width=\"74\">\n<p align=\"center\"><span style=\"font-family: Arial, serif;\"><span style=\"font-size: small;\"><span lang=\"en-US\"><span style=\"color: #000000;\">Accessorio<\/span><\/span><\/span><\/span><\/p>\n<\/td>\n<\/tr>\n<tr valign=\"top\">\n<td width=\"82\"><span style=\"font-family: Arial, serif;\"><span style=\"font-size: small;\"><span lang=\"en-US\"><span style=\"color: #000000;\">Ripiano intermedio<\/span><\/span><\/span><\/span><\/td>\n<td width=\"52\"><span style=\"color: #000000;\"> \u2713<\/span><\/td>\n<td width=\"51\"><span style=\"color: #000000;\"> \u2713<\/span><\/td>\n<td width=\"73\">\n<p align=\"center\"><span style=\"font-family: Arial, serif;\"><span style=\"font-size: small;\"><span lang=\"en-US\"><span style=\"color: #000000;\">x<\/span><\/span><\/span><\/span><\/p>\n<\/td>\n<td width=\"91\">\n<p align=\"center\"><span style=\"font-family: Arial, serif;\"><span style=\"font-size: small;\"><span lang=\"en-US\"><span style=\"color: #000000;\">x<\/span><\/span><\/span><\/span><\/p>\n<\/td>\n<td width=\"75\">\n<p align=\"center\"><span style=\"font-family: Arial, serif;\"><span style=\"font-size: small;\"><span lang=\"en-US\"><span style=\"color: #000000;\">Accessorio<\/span><\/span><\/span><\/span><\/p>\n<\/td>\n<td width=\"74\">\n<p align=\"center\"><span style=\"font-family: Arial, serif;\"><span style=\"font-size: small;\"><span lang=\"en-US\"><span style=\"color: #000000;\">Accessorio<\/span><\/span><\/span><\/span><\/p>\n<\/td>\n<\/tr>\n<tr valign=\"top\">\n<td width=\"82\"><span style=\"font-family: Arial, serif;\"><span style=\"font-size: small;\"><span lang=\"en-US\"><span style=\"color: #000000;\">Supporti per ripiani intermedi<\/span><\/span><\/span><\/span><\/td>\n<td width=\"52\"><span style=\"color: #000000;\"> \u2713<\/span><\/td>\n<td width=\"51\"><span style=\"color: #000000;\"> \u2713<\/span><\/td>\n<td width=\"73\">\n<p align=\"center\"><span style=\"font-family: Arial, serif;\"><span style=\"font-size: small;\"><span lang=\"en-US\"><span style=\"color: #000000;\">x<\/span><\/span><\/span><\/span><\/p>\n<\/td>\n<td width=\"91\">\n<p align=\"center\"><span style=\"font-family: Arial, serif;\"><span style=\"font-size: small;\"><span lang=\"en-US\"><span style=\"color: #000000;\">x<\/span><\/span><\/span><\/span><\/p>\n<\/td>\n<td width=\"75\">\n<p align=\"center\"><span style=\"font-family: Arial, serif;\"><span style=\"font-size: small;\"><span lang=\"en-US\"><span style=\"color: #000000;\">Accessorio<\/span><\/span><\/span><\/span><\/p>\n<\/td>\n<td width=\"74\">\n<p align=\"center\"><span style=\"font-family: Arial, serif;\"><span style=\"font-size: small;\"><span lang=\"en-US\"><span style=\"color: #000000;\">Accessorio<\/span><\/span><\/span><\/span><\/p>\n<\/td>\n<\/tr>\n<\/tbody>\n<\/table>\n<p><strong>Assemblaggio e utilizzo del barbecue CHEF:<br \/><\/strong><\/p>\n<p>1. Rimuovere tutti i materiali di imballaggio dall\u2019esterno e dall\u2019interno del barbecue.<br \/>\n2. Installare i supporti per i piedi e le gambe.<br \/>\n3. Posizionare la cassetta per il carbone all\u2019interno della struttura del barbecue.<br \/>\n4. Installare la maniglia del coperchio e il termometro (modelli Chef e Chef-XL).<br \/>\n5. Posizionare il barbecue su una superficie piana, stabile e ignifuga.<br \/>\n6. Installare i ripiani laterali (modelli Chef e Chef-XL).<br \/>\n7. Riscaldare il barbecue e le griglie per bruciare gli oli industriali (circa 10\u201315 minuti).<br \/>\n8. Ungere o spruzzare olio da cucina sulla griglia e lasciare che si bruci.<br \/>\n9. Ripetere questa procedura 3\u20135 volte affinch\u00e9 sulla griglia si formi uno strato protettivo di olio bruciato.<\/p>\n<p>Trattamento della superficie del corpo del barbecue:<br \/>I barbecue CHEF sono realizzati in acciaio Cor-Ten da 3 mm, resistente agli agenti atmosferici, che con il tempo assume una colorazione brunastra.<br \/>Se si desidera accelerare il processo di ossidazione (un CHEF nuovo \u00e8 solitamente color acciaio o grigio argento), si consiglia di spruzzare la superficie esterna del barbecue con una soluzione salina all\u20191%, che favorisce la formazione della patina.<br \/>Se il trattamento viene effettuato prima del primo utilizzo, il processo di ossidazione sar\u00e0 pi\u00f9 rapido. La spruzzatura deve essere ripetuta 3\u201310 volte per ottenere risultati visibili.<br \/>La luce solare diretta accelera ulteriormente il processo.<br \/>Istruzioni pi\u00f9 dettagliate per la manutenzione dei prodotti in acciaio Cor-Ten sono incluse nella confezione. Tutte le istruzioni sono disponibili anche online: www.grillsymbol.com<br \/>\nManutenzione delle griglie in acciaio (griglie Zig-Zag):<br \/>\nLe griglie sono realizzate in acciaio al carbonio da 8 mm, eccellente conduttore di calore con ottime propriet\u00e0 di cottura.<br \/>\nDurante la grigliatura si forma uno strato protettivo sulla superficie della griglia, risultato della combustione dei grassi nei pori dell\u2019acciaio.<br \/>La griglia pu\u00f2 essere pulita con una spatola robusta, una spazzola metallica o un raschietto, preferibilmente in acciaio o acciaio inox.<br \/>La pulizia \u00e8 pi\u00f9 facile quando la griglia \u00e8 calda, poich\u00e9 i residui di cibo si staccano meglio.<br \/>Si consiglia di pulire la griglia a caldo dopo ogni utilizzo e di ungere o spruzzare le griglie raffreddate con olio da cucina.<br \/>Se il barbecue non \u00e8 stato utilizzato per lungo tempo e le griglie appaiono arrugginite, non \u00e8 un problema: la ruggine \u00e8 normale nell\u2019acciaio, soprattutto in ambienti umidi.       <strong>Follow these steps to remove rust from the grate:<\/strong><\/p>\n<p>Per rimuoverla, procedere come segue:<br \/>Accendere il barbecue e riscaldare le griglie.<br \/>\nRimuovere lo sporco pi\u00f9 grossolano con una spatola (a caldo si stacca pi\u00f9 facilmente).<br \/>\nSe la griglia \u00e8 arrugginita, pulirla con una spazzola metallica (anche robusta).<br \/>\nDopo aver rimosso la ruggine, ungere o spruzzare la griglia con olio da cucina.<br \/>\nL\u2019olio brucer\u00e0 formando un nuovo strato protettivo.<br \/>\nAllo stesso tempo, i residui di cibo bruceranno tra e sotto le griglie.<\/p>\n<p>Queste operazioni \u00e8 preferibile eseguirle subito prima della grigliatura, senza preriscaldare separatamente il barbecue. Il tempo aggiuntivo richiesto \u00e8 di circa 5\u201310 minuti.<br \/>\nSe si possiede un modello <a href=\"https:\/\/www.grillsymbol.com\/\">Naked Chef <\/a>senza coperchio e lo si lascia all\u2019aperto, la formazione di ruggine \u00e8 pi\u00f9 probabile. Per evitarla, si consiglia di conservare il barbecue in un luogo pi\u00f9 asciutto o di acquistare un coperchio come accessorio.<br \/>\nUlteriori informazioni e consigli sulla grigliatura sono disponibili sul nostro sito web: www.grillsymbol.com  <\/p>\n<p><strong>Garanzia:<\/strong><\/p>\n<p>Il dispositivo e le sue parti sono coperti da una garanzia di 24 mesi su materiali e difetti di fabbricazione. La garanzia \u00e8 valida solo se accompagnata dal documento di acquisto originale.<br \/>\n\u2022 La garanzia non copre istruzioni d\u2019uso, manutenzione, pulizia del prodotto, il ripristino dell\u2019aspetto commerciale o l\u2019eliminazione di difetti causati da un uso non conforme al manuale.<br \/>\nLa garanzia non copre la normale usura n\u00e9 la riparazione dei danni da essa derivanti. Difetti estetici irrilevanti per l\u2019uso previsto del prodotto (graffi minori, ecc.) non sono coperti.<br \/>\n\u2022 In caso di difetti del prodotto o delle sue parti durante il periodo di garanzia, contattare il rivenditore presso il quale \u00e8 stato acquistato il prodotto. <\/p>\n","protected":false},"excerpt":{"rendered":"<p>Importante! Prima di utilizzare il dispositivo, leggere attentamente il manuale d\u2019uso. Il dispositivo \u00e8 destinato esclusivamente all\u2019uso esterno. Il riscaldamento avviene tramite carbone, bricchette per barbecue o legna da ardere. Requisiti di sicurezza: \u2022 Il dispositivo in funzione non deve mai essere lasciato incustodito. \u2022 Il dispositivo non deve essere utilizzato da bambini. \u2022 Il [&hellip;]<\/p>\n","protected":false},"author":1,"featured_media":0,"parent":26460,"menu_order":0,"comment_status":"closed","ping_status":"closed","template":"","meta":{"footnotes":""},"class_list":["post-33175","page","type-page","status-publish","hentry"],"_links":{"self":[{"href":"https:\/\/www.grillsymbol.com\/it\/wp-json\/wp\/v2\/pages\/33175","targetHints":{"allow":["GET"]}}],"collection":[{"href":"https:\/\/www.grillsymbol.com\/it\/wp-json\/wp\/v2\/pages"}],"about":[{"href":"https:\/\/www.grillsymbol.com\/it\/wp-json\/wp\/v2\/types\/page"}],"author":[{"embeddable":true,"href":"https:\/\/www.grillsymbol.com\/it\/wp-json\/wp\/v2\/users\/1"}],"replies":[{"embeddable":true,"href":"https:\/\/www.grillsymbol.com\/it\/wp-json\/wp\/v2\/comments?post=33175"}],"version-history":[{"count":0,"href":"https:\/\/www.grillsymbol.com\/it\/wp-json\/wp\/v2\/pages\/33175\/revisions"}],"up":[{"embeddable":true,"href":"https:\/\/www.grillsymbol.com\/it\/wp-json\/wp\/v2\/pages\/26460"}],"wp:attachment":[{"href":"https:\/\/www.grillsymbol.com\/it\/wp-json\/wp\/v2\/media?parent=33175"}],"curies":[{"name":"wp","href":"https:\/\/api.w.org\/{rel}","templated":true}]}}