{"id":33298,"date":"2026-01-28T13:28:22","date_gmt":"2026-01-28T13:28:22","guid":{"rendered":"https:\/\/www.grillsymbol.com\/faq\/"},"modified":"2026-01-28T13:28:24","modified_gmt":"2026-01-28T13:28:24","slug":"faq","status":"publish","type":"page","link":"https:\/\/www.grillsymbol.com\/it\/faq\/","title":{"rendered":"FAQ"},"content":{"rendered":"<p>[vc_row][vc_column][vc_column_text]<strong>Dove vengono prodotti i prodotti GrillSymbol e Petteri Wiimaa?<br \/><\/strong><\/p>\n<p>I prodotti a marchio GrillSymbol e Petteri Wiimaa sono realizzati in Estonia. Le attivit\u00e0 di sviluppo si svolgono in Estonia e nei Paesi nordici, in collaborazione con diversi specialisti, tra cui chef professionisti.<br \/>La maggior parte dei prodotti \u00e8 realizzata a mano: per scoprire chi ha creato il tuo prodotto, guarda sul fondo del prodotto o in altri punti nascosti e troverai un\u2019etichetta con la firma della persona che lo ha realizzato.  <\/p>\n<p>&nbsp;<\/p>\n<p><strong>Dove posso acquistare i prodotti GrillSymbol e Petteri Wiimaa?<\/strong><\/p>\n<p>Oltre al nostro negozio online, puoi trovare i prodotti GrillSymbol e Petteri Wiimaa presso diversi rivenditori. L\u2019elenco \u00e8 disponibile <a href=\"https:\/\/www.grillsymbol.com\/find-a-dealer\/\" target=\"_blank\" rel=\"noopener\">qui<\/a>.<br \/>Il nostro negozio di fabbrica in Suur-S\u00f5jam\u00e4e p\u00f5ik 4a, Tallinn ti permette di vedere e toccare i prodotti con mano.<br \/>Siamo aperti dal luned\u00ec al venerd\u00ec, dalle 9:00 alle 16:00.<br \/>Per maggiori informazioni chiama: +44 1622 37 0862.    <\/p>\n<p>&nbsp;<\/p>\n<p><strong>In che modo GrillSymbol d\u00e0 priorit\u00e0 alla responsabilit\u00e0 ambientale?<br \/><\/strong><\/p>\n<p>Ci concentriamo sempre di pi\u00f9 sulla tutela dell\u2019ambiente, con l\u2019obiettivo di ridurre la nostra impronta di carbonio. Poich\u00e9 i nostri prodotti sono progettati per durare a lungo, diamo priorit\u00e0 a materiali di alta qualit\u00e0, principalmente acciai europei.<br \/>La produzione prevede un uso minimo di sostanze chimiche.<br \/>Gli imballaggi utilizzano cartone marrone composto per il 79% da materiale riciclato.<br \/>I prodotti sono etichettati con le informazioni essenziali tramite un piccolo adesivo.    <\/p>\n<p>&nbsp;<\/p>\n<p><strong>In quali Paesi effettuate le consegne e in quali lingue \u00e8 disponibile il servizio clienti?<br \/><\/strong><\/p>\n<p>Effettuiamo consegne in tutti i Paesi dell\u2019UE, nel Regno Unito, in Svizzera e in Norvegia per i clienti retail.<br \/>I clienti all\u2019ingrosso possono concordare consegne anche in altri Paesi.<br \/>Il servizio clienti \u00e8 disponibile in inglese, francese, tedesco, svedese, finlandese ed estone.  <\/p>\n<p>&nbsp;<\/p>\n<p><strong>I clienti aziendali possono acquistare senza IVA?<br \/><\/strong><\/p>\n<p>Le aziende registrate ai fini IVA nell\u2019UE possono ricevere fatture senza IVA.<br \/>I clienti aziendali extra-UE con acquisti superiori a 1.000 \u20ac possono contattarci all\u2019indirizzo order@grillsymbol.com per un\u2019assistenza personalizzata. <\/p>\n<p>&nbsp;<\/p>\n<p><strong>Quali metodi di pagamento accettate e come proteggete i dati personali?<br \/><\/strong><\/p>\n<p>Accettiamo PayPal, Klarna Checkout, Make Commerce e le principali carte di debito e credito.<br \/>I pagamenti vengono effettuati nella valuta del cliente. Maggiori informazioni sono disponibili <a href=\"https:\/\/www.grillsymbol.com\/it\/termini-e-condizioni\/\" target=\"_blank\" rel=\"noopener\">qui<\/a>.<br \/>Per acquisti tramite fattura, contattare <a href=\"mailto:order@grillsymbol.com\">order@grillsymbol.com<\/a>   <\/p>\n<p>La protezione dei dati personali \u00e8 conforme alle normative UE ed estoni. Maggiori dettagli sono disponibili <a href=\"https:\/\/www.grillsymbol.com\/it\/informativa-sulla-privacy\/\" target=\"_blank\" rel=\"noopener\">qui<\/a>. <\/p>\n<p>&nbsp;<\/p>\n<p><strong>Come vengono gestite le consegne e come posso tracciare la spedizione?<br \/><\/strong><\/p>\n<p>Gli ordini vengono spediti entro 1\u20132 giorni lavorativi.<br \/>Le consegne all\u2019interno dell\u2019UE richiedono generalmente 3\u20137 giorni lavorativi.<br \/>I clienti ricevono notifiche via e-mail con le informazioni di tracciamento.<br \/>Per assistenza, contattare support@grillsymbol.com.   <\/p>\n<p>&nbsp;<\/p>\n<p><strong>Posso restituire i prodotti?<br \/><\/strong><\/p>\n<p>I clienti possono restituire i prodotti entro 14 giorni dagli ordini effettuati nel negozio online.<br \/>Gli articoli restituiti devono essere inutilizzati e non danneggiati.<br \/>Ulteriori dettagli sui resi sono disponibili sul nostro <a href=\"https:\/\/www.grillsymbol.com\/it\/politica-di-restituzione\/\" target=\"_blank\" rel=\"noopener\">sito web<\/a>.<br \/>Per qualsiasi problema, contattare support@grillsymbol.com.   <\/p>\n<p>&nbsp;<\/p>\n<p><strong>Qual \u00e8 il periodo di garanzia e come funziona l\u2019assistenza post-vendita?<br \/><\/strong><\/p>\n<p>Tutti i prodotti sono coperti da una garanzia del produttore di 24 mesi.<br \/>Termini di garanzia pi\u00f9 dettagliati sono disponibili nella sezione delle istruzioni del prodotto. <\/p>\n<p>Assistenza post-vendita e pezzi di ricambio:<br \/>Se possiedi un prodotto GrillSymbol di una generazione precedente che necessita di pezzi di ricambio, solitamente possiamo fornirli.<br \/>L\u2019eccezione riguarda i modelli pi\u00f9 vecchi di Smoky Beast (verniciati di nero), prodotti dal 2005 al 2012, per i quali abbiamo interrotto la fornitura di ricambi nel 2023.<br \/>I pezzi di ricambio sono disponibili nella categoria \u201cRicambi e componenti\u201d.  <\/p>\n<p>&nbsp;<\/p>\n<p><strong>Posso acquistare una gift card GrillSymbol?<br \/><\/strong><\/p>\n<p>S\u00ec, offriamo gift card in formato PDF con valori da 50 a 1.000 euro.<br \/>Invia la tua richiesta, i dati del destinatario e l\u2019importo a order@grillsymbol.com. <\/p>\n<p>&nbsp;<\/p>\n<p><strong>Come posso diventare rivenditore o affiliato in franchising GrillSymbol?<br \/><\/strong><\/p>\n<p>Se sei interessato alla rivendita o al franchising, inviaci una breve descrizione della tua idea tramite la pagina dei contatti o scrivici a info@grillsymbol.com.<br \/>Le opportunit\u00e0 di franchising sono disponibili in alcuni Paesi dell\u2019UE e oltre. <\/p>\n<p>&nbsp;<\/p>\n<p><strong>GrillSymbol collabora con influencer sui social media?<br \/><\/strong><\/p>\n<p>S\u00ec, collaboriamo con influencer in tutto il mondo.<br \/>Se sei interessato, condividi con noi le tue idee di collaborazione. In genere, collaboriamo secondo il modello \u201cprodotto in cambio di servizio\u201d.[\/vc_column_text][\/vc_column][\/vc_row]<\/p>\n","protected":false},"excerpt":{"rendered":"<p>[vc_row][vc_column][vc_column_text]Dove vengono prodotti i prodotti GrillSymbol e Petteri Wiimaa? I prodotti a marchio GrillSymbol e Petteri Wiimaa sono realizzati in Estonia. Le attivit\u00e0 di sviluppo si svolgono in Estonia e nei Paesi nordici, in collaborazione con diversi specialisti, tra cui chef professionisti.La maggior parte dei prodotti \u00e8 realizzata a mano: per scoprire chi ha creato [&hellip;]<\/p>\n","protected":false},"author":1,"featured_media":0,"parent":0,"menu_order":0,"comment_status":"closed","ping_status":"closed","template":"","meta":{"footnotes":""},"class_list":["post-33298","page","type-page","status-publish","hentry"],"_links":{"self":[{"href":"https:\/\/www.grillsymbol.com\/it\/wp-json\/wp\/v2\/pages\/33298","targetHints":{"allow":["GET"]}}],"collection":[{"href":"https:\/\/www.grillsymbol.com\/it\/wp-json\/wp\/v2\/pages"}],"about":[{"href":"https:\/\/www.grillsymbol.com\/it\/wp-json\/wp\/v2\/types\/page"}],"author":[{"embeddable":true,"href":"https:\/\/www.grillsymbol.com\/it\/wp-json\/wp\/v2\/users\/1"}],"replies":[{"embeddable":true,"href":"https:\/\/www.grillsymbol.com\/it\/wp-json\/wp\/v2\/comments?post=33298"}],"version-history":[{"count":2,"href":"https:\/\/www.grillsymbol.com\/it\/wp-json\/wp\/v2\/pages\/33298\/revisions"}],"predecessor-version":[{"id":33300,"href":"https:\/\/www.grillsymbol.com\/it\/wp-json\/wp\/v2\/pages\/33298\/revisions\/33300"}],"wp:attachment":[{"href":"https:\/\/www.grillsymbol.com\/it\/wp-json\/wp\/v2\/media?parent=33298"}],"curies":[{"name":"wp","href":"https:\/\/api.w.org\/{rel}","templated":true}]}}