{"id":26547,"date":"2025-01-09T09:40:31","date_gmt":"2025-12-11T11:35:01","guid":{"rendered":"https:\/\/www.grillsymbol.com\/shop\/uncategorized\/grillsymbol-soup-station-con-bruciatore-a-gas-160-l\/"},"modified":"2026-03-26T10:12:24","modified_gmt":"2026-03-26T10:12:24","slug":"grillsymbol-soup-station-con-fornello-gas-160-l","status":"publish","type":"product","link":"https:\/\/www.grillsymbol.com\/it\/shop\/prodotti-di-crisi\/grillsymbol-soup-station-con-fornello-gas-160-l\/","title":{"rendered":"GrillSymbol Soup Station con bruciatore a gas 160 L"},"content":{"rendered":"<p><strong><span style=\"text-decoration: underline\">Dispositivo di riscaldamento:<\/span><\/strong><\/p>\n<ul>\n<li>Potenza del bruciatore a gas: 25 KW, pu\u00f2 essere utilizzato sia all&#8217;esterno che all&#8217;interno.<\/li>\n<li>Il bruciatore a gas \u00e8 dotato di termocoppie che interrompono il flusso di gas in caso di spegnimento della fiamma.<\/li>\n<li>Tutti e tre i circuiti del bruciatore a gas possono essere regolati separatamente<\/li>\n<li>Il bruciatore \u00e8 dotato di accensione elettrica a batteria Click e Cook.<\/li>\n<li>Bruciatore CE1312, certificato numero 1312BS4973<\/li>\n<li>Le parti metalliche esterne dell&#8217;apparecchio sono in acciaio inossidabile.<\/li>\n<li>Altezza da terra al coperchio della pentola: 104 cm<\/li>\n<li>Riduttore e tubo del gas da 1,2 m in dotazione<\/li>\n<li>Peso del riscaldatore: 35 kg<\/li>\n<li>Consumo di gas: 2 kg all&#8217;ora di capacit\u00e0 massima (solo l&#8217;acqua viene bollita quando si fa bollire l&#8217;acqua)<\/li>\n<\/ul>\n<p>&nbsp;<\/p>\n<p><strong><span style=\"text-decoration: underline\">Pentola per la zuppa:<\/span><\/strong><\/p>\n<ul>\n<li>Capacit\u00e0: 160 litri (fino a 450 porzioni)<\/li>\n<li>Dimensioni 60 x 60 cm, peso 19 kg<\/li>\n<li>Materiale della pentola: acciaio inossidabile (marchio 304)<\/li>\n<li>Spessore del fondo 5,8 mm, adatto anche ai piani di cottura a induzione<\/li>\n<li>Maniglie in acciaio inox non riscaldanti<\/li>\n<li>Coperchio con fori di ventilazione per il vapore e gancio per appendere il coperchio<\/li>\n<\/ul>\n<p>&nbsp;<\/p>\n<p><strong>NOTA!<\/strong>  L&#8217;apparecchio non deve essere utilizzato in aree infiammabili, su superfici infiammabili o in prossimit\u00e0 di materiali infiammabili.<\/p>\n","protected":false},"excerpt":{"rendered":"<p><strong>La Soup Station-160<\/strong> \u00e8 un&#8217;unit\u00e0 di ristorazione ad alta produttivit\u00e0 sviluppata in Estonia e testata in un clima nordico. \u00c8 in grado di nutrire fino a 450 persone (il peso calcolato delle porzioni \u00e8 di 300 g a persona). Il bollitore per zuppe permette di cucinare, stufare, friggere e tenere in caldo gli alimenti.  <\/p>\n<p>Tempo di installazione max 10 minuti: le gambe e i pannelli di sicurezza devono essere montati e collegati alla bombola del gas.<br \/>\nMezza pentola (80 litri) d&#8217;acqua impiega 20-40 minuti per raggiungere la temperatura di ebollizione (+20\u00ba C contro 0\u00ba C), una pentola piena d&#8217;acqua (circa 160 litri) impiega 40-80 minuti. I fattori che influenzano la temperatura di ebollizione sono la temperatura esterna, il vento, le precipitazioni e la temperatura iniziale dell&#8217;acqua da riscaldare. <\/p>\n<p>Gruppo target: ristoratori per grandi eventi, comuni, difesa, ospedali e altri fornitori di servizi vitali.<\/p>\n<p>Si tratta di un prodotto molto compatto, che si adatta a un&#8217;auto con uno spazio pi\u00f9 ampio, insieme a una bombola di gas. Quando lo riponi, tieni conto di uno spazio di scaffale di 100 x 100 x 80 cm. <\/p>\n<p><strong>L&#8217;unit\u00e0 deve essere conservata in ambienti asciutti.<\/strong><\/p>\n","protected":false},"featured_media":35417,"comment_status":"open","ping_status":"closed","template":"","meta":{"footnotes":""},"class_list":["post-26547","product","type-product","status-publish","has-post-thumbnail","hentry","product_cat-prodotti-di-crisi"],"_links":{"self":[{"href":"https:\/\/www.grillsymbol.com\/it\/wp-json\/wp\/v2\/product\/26547","targetHints":{"allow":["GET"]}}],"collection":[{"href":"https:\/\/www.grillsymbol.com\/it\/wp-json\/wp\/v2\/product"}],"about":[{"href":"https:\/\/www.grillsymbol.com\/it\/wp-json\/wp\/v2\/types\/product"}],"replies":[{"embeddable":true,"href":"https:\/\/www.grillsymbol.com\/it\/wp-json\/wp\/v2\/comments?post=26547"}],"version-history":[{"count":1,"href":"https:\/\/www.grillsymbol.com\/it\/wp-json\/wp\/v2\/product\/26547\/revisions"}],"predecessor-version":[{"id":26584,"href":"https:\/\/www.grillsymbol.com\/it\/wp-json\/wp\/v2\/product\/26547\/revisions\/26584"}],"wp:featuredmedia":[{"embeddable":true,"href":"https:\/\/www.grillsymbol.com\/it\/wp-json\/wp\/v2\/media\/35417"}],"wp:attachment":[{"href":"https:\/\/www.grillsymbol.com\/it\/wp-json\/wp\/v2\/media?parent=26547"}],"curies":[{"name":"wp","href":"https:\/\/api.w.org\/{rel}","templated":true}]}}