{"id":26586,"date":"2025-01-09T09:54:14","date_gmt":"2025-12-11T13:22:53","guid":{"rendered":"https:\/\/www.grillsymbol.com\/shop\/uncategorized\/grillsymbol-soup-station-con-bruciatore-a-gas-36-l\/"},"modified":"2026-02-18T13:25:32","modified_gmt":"2026-02-18T13:25:32","slug":"grillsymbol-soup-station-con-fornello-gas-30-l","status":"publish","type":"product","link":"https:\/\/www.grillsymbol.com\/it\/shop\/prodotti-di-crisi\/grillsymbol-soup-station-con-fornello-gas-30-l\/","title":{"rendered":"GrillSymbol Soup Station con bruciatore a gas 36 L"},"content":{"rendered":"<p><strong><span style=\"text-decoration: underline\">Dispositivo di riscaldamento:<\/span><\/strong><\/p>\n<ul>\n<li>Potenza del bruciatore a gas: 7 KW, pu\u00f2 essere utilizzato sia all&#8217;esterno che all&#8217;interno.<\/li>\n<li>Il bruciatore a gas \u00e8 dotato di termocoppie che interrompono il flusso di gas se la fiamma si spegne.<\/li>\n<li>Il bruciatore \u00e8 dotato di un pulsante a batteria e di un&#8217;accensione elettrica Cook.<\/li>\n<li>Bruciatore CE1312, certificato numero 1312BS4973<\/li>\n<li>Le parti metalliche esterne dell&#8217;apparecchio sono in acciaio inossidabile.<\/li>\n<li>Altezza da terra al coperchio della pentola: 78 cm<\/li>\n<li>Riduttore e tubo del gas da 1,2 m in dotazione<\/li>\n<li>Peso del riscaldatore: circa 14 kg<\/li>\n<li>Consumo di gas: capacit\u00e0 massima 1 kg\/ora.<\/li>\n<\/ul>\n<p>&nbsp;<\/p>\n<p><strong><span style=\"text-decoration: underline\">Pentola per la zuppa:<\/span><\/strong><\/p>\n<ul>\n<li>Capacit\u00e0 36 litri<\/li>\n<li>Dimensioni 36 x 36 cm, peso 7 kg<\/li>\n<li>Materiale della pentola: acciaio inossidabile (marchio 304)<\/li>\n<li>Spessore del fondo 5 mm, adatto anche ai piani di cottura a induzione<\/li>\n<li>Manici in acciaio inox non riscaldanti, spessore 5 mm, da utilizzare con pentole in acciaio inox<\/li>\n<li>Coperchio con fori per la ventilazione del vapore e gancio per appendere il coperchio<\/li>\n<\/ul>\n<p>&nbsp;<\/p>\n<p><strong>NOTA!<\/strong>  L&#8217;apparecchio non deve essere conservato in aree infiammabili, su superfici infiammabili o vicino a materiali infiammabili.<\/p>\n","protected":false},"excerpt":{"rendered":"<p>La Soup Station-36 \u00e8 un dispositivo sviluppato in Estonia e testato in condizioni invernali, che pu\u00f2 sfamare fino a 100 persone: il peso di una porzione \u00e8 calcolato in 300 g per persona. La Soup Station permette di cucinare, stufare, friggere e tenere in caldo gli alimenti. <\/p>\n<p>Tempo di installazione: massimo 5 minuti: gambe e pannelli di sicurezza da fissare e collegare alla bombola del gas.<\/p>\n<p>Ci vogliono 20-35 minuti (+20\u00ba C contro 0\u00ba C) per raggiungere la temperatura di ebollizione per mezza pentola (circa 18 litri) di acqua, 35-70 minuti per una pentola piena (circa 36 litri). I fattori che influenzano la temperatura di ebollizione sono la temperatura esterna, il vento, le precipitazioni e la temperatura iniziale dell&#8217;acqua da riscaldare. <\/p>\n<p>Destinatari: ristoratori, microproduttori agricoli, comuni, consigli comunali, organizzatori di escursioni e di eventi all&#8217;aperto, strutture di difesa, ospedali e altri fornitori di servizi vitali.<\/p>\n<p>Si tratta di un prodotto molto compatto che trova posto in qualsiasi auto, insieme alla bombola del gas. Quando lo riponi, tieni conto di uno spazio di 45 x 60 x 50 cm.   <strong>L&#8217;unit\u00e0 deve essere conservata in ambienti asciutti.<\/strong><\/p>\n","protected":false},"featured_media":35431,"comment_status":"open","ping_status":"closed","template":"","meta":{"footnotes":""},"class_list":["post-26586","product","type-product","status-publish","has-post-thumbnail","hentry","product_cat-prodotti-di-crisi","product_cat-bruciatori-a-gas-per-paella"],"_links":{"self":[{"href":"https:\/\/www.grillsymbol.com\/it\/wp-json\/wp\/v2\/product\/26586","targetHints":{"allow":["GET"]}}],"collection":[{"href":"https:\/\/www.grillsymbol.com\/it\/wp-json\/wp\/v2\/product"}],"about":[{"href":"https:\/\/www.grillsymbol.com\/it\/wp-json\/wp\/v2\/types\/product"}],"replies":[{"embeddable":true,"href":"https:\/\/www.grillsymbol.com\/it\/wp-json\/wp\/v2\/comments?post=26586"}],"version-history":[{"count":1,"href":"https:\/\/www.grillsymbol.com\/it\/wp-json\/wp\/v2\/product\/26586\/revisions"}],"predecessor-version":[{"id":35224,"href":"https:\/\/www.grillsymbol.com\/it\/wp-json\/wp\/v2\/product\/26586\/revisions\/35224"}],"wp:featuredmedia":[{"embeddable":true,"href":"https:\/\/www.grillsymbol.com\/it\/wp-json\/wp\/v2\/media\/35431"}],"wp:attachment":[{"href":"https:\/\/www.grillsymbol.com\/it\/wp-json\/wp\/v2\/media?parent=26586"}],"curies":[{"name":"wp","href":"https:\/\/api.w.org\/{rel}","templated":true}]}}