{"id":26595,"date":"2025-01-09T09:41:50","date_gmt":"2025-12-11T13:26:30","guid":{"rendered":"https:\/\/www.grillsymbol.com\/shop\/uncategorized\/grillsymbol-soup-station-con-bruciatore-a-gas-17-l\/"},"modified":"2026-02-18T13:25:34","modified_gmt":"2026-02-18T13:25:34","slug":"grillsymbol-soup-station-con-fornello-gas-17-l","status":"publish","type":"product","link":"https:\/\/www.grillsymbol.com\/it\/shop\/prodotti-di-crisi\/grillsymbol-soup-station-con-fornello-gas-17-l\/","title":{"rendered":"GrillSymbol Soup Station con bruciatore a gas 17 L"},"content":{"rendered":"<p><strong><span style=\"text-decoration: underline\">Dispositivo di riscaldamento:<\/span><\/strong><br \/>\n&#8211; Potenza del bruciatore a gas: 5 KW, solo per uso esterno<br \/>\n&#8211; Il bruciatore \u00e8 dotato di accensione elettrica a batteria Click e Cook.<br \/>\n&#8211; Bruciatore CE1312, numero di certificato 1312BS4973<br \/>\n&#8211; Le parti metalliche esterne dell&#8217;unit\u00e0 sono in acciaio inox.<br \/>\n&#8211; Altezza da terra al coperchio della pentola: circa 60 cm<br \/>\n&#8211; Riduttore e tubo del gas da 1,2 m inclusi<br \/>\n&#8211; Peso del riscaldatore: circa 11 kg<br \/>\n&#8211; Consumo di gas: 1 kg all&#8217;ora alla massima capacit\u00e0<\/p>\n<p>&nbsp;<\/p>\n<p><strong><span style=\"text-decoration: underline\">Pentola per zuppa:<\/span><\/strong><br \/>\n&#8211; Capacit\u00e0 17 litri<br \/>\n&#8211; Dimensioni 28 x 28 cm, peso 3,6 kg.<br \/>\n&#8211; Materiale della pentola in acciaio inox (marchio 304).<br \/>\n&#8211; Spessore del fondo 3,8 mm, adatto anche ai piani di cottura a induzione.<br \/>\n&#8211; Manici in acciaio inox, non resistenti al calore 3,8 mm, spessore 3 mm, in acciaio inox.<br \/>\n&#8211; Coperchio con fori di ventilazione del vapore e gancio per appendere il coperchio.<\/p>\n<p>&nbsp;<\/p>\n<p><strong>NOTA!<\/strong>  L&#8217;apparecchio non deve essere utilizzato in aree infiammabili, su superfici infiammabili o in prossimit\u00e0 di materiali infiammabili.<\/p>\n","protected":false},"excerpt":{"rendered":"<p><strong>L&#8217;immagine \u00e8 esemplificativa.<\/strong><\/p>\n<p>La Soup Station-17 \u00e8 un dispositivo sviluppato e testato in Estonia, che pu\u00f2 essere utilizzato per preparare pasti per un massimo di 50 persone: il peso di una porzione \u00e8 calcolato in 300 g per persona. La Soup Station permette di bollire, stufare, friggere e tenere in caldo gli alimenti. A casa, pu\u00f2 essere utilizzata anche per cucinare marmellate, composte, marinate o succhi di frutta: tutto in grandi quantit\u00e0 e in una volta sola!  <\/p>\n<p>Il tempo di installazione \u00e8 di 5 minuti al massimo: basta fissare le gambe e i pannelli di sicurezza e collegare la bombola del gas.<\/p>\n<p>Ci vogliono 10-20 minuti (+20\u00ba C contro 0\u00ba C) per portare mezza pentola d&#8217;acqua (circa 8 litri) alla temperatura di ebollizione e 20-40 minuti per portare un&#8217;intera pentola d&#8217;acqua (circa 17 litri) alla temperatura di ebollizione. I fattori che influenzano la temperatura di ebollizione sono la temperatura esterna, il vento, le precipitazioni e la temperatura iniziale dell&#8217;acqua da riscaldare. <\/p>\n<p>Gruppo target: ristoratori, microproduttori agricoli, associazioni di paese, organizzatori di escursioni e di eventi all&#8217;aperto e consumatori domestici.<\/p>\n<p>Si tratta di un prodotto molto compatto che trova posto in qualsiasi auto, insieme alla bombola del gas. Quando lo riponi, tieni conto di uno spazio di 30 x 45 x 30 cm. <\/p>\n<p><strong>Il prodotto deve essere conservato in ambienti asciutti.<\/strong><\/p>\n","protected":false},"featured_media":35438,"comment_status":"open","ping_status":"closed","template":"","meta":{"footnotes":""},"class_list":["post-26595","product","type-product","status-publish","has-post-thumbnail","hentry","product_cat-prodotti-di-crisi","product_cat-bruciatori-a-gas-per-paella"],"_links":{"self":[{"href":"https:\/\/www.grillsymbol.com\/it\/wp-json\/wp\/v2\/product\/26595","targetHints":{"allow":["GET"]}}],"collection":[{"href":"https:\/\/www.grillsymbol.com\/it\/wp-json\/wp\/v2\/product"}],"about":[{"href":"https:\/\/www.grillsymbol.com\/it\/wp-json\/wp\/v2\/types\/product"}],"replies":[{"embeddable":true,"href":"https:\/\/www.grillsymbol.com\/it\/wp-json\/wp\/v2\/comments?post=26595"}],"version-history":[{"count":1,"href":"https:\/\/www.grillsymbol.com\/it\/wp-json\/wp\/v2\/product\/26595\/revisions"}],"predecessor-version":[{"id":26596,"href":"https:\/\/www.grillsymbol.com\/it\/wp-json\/wp\/v2\/product\/26595\/revisions\/26596"}],"wp:featuredmedia":[{"embeddable":true,"href":"https:\/\/www.grillsymbol.com\/it\/wp-json\/wp\/v2\/media\/35438"}],"wp:attachment":[{"href":"https:\/\/www.grillsymbol.com\/it\/wp-json\/wp\/v2\/media?parent=26595"}],"curies":[{"name":"wp","href":"https:\/\/api.w.org\/{rel}","templated":true}]}}