{"id":26597,"date":"2025-01-09T09:17:31","date_gmt":"2025-12-11T13:28:22","guid":{"rendered":"https:\/\/www.grillsymbol.com\/shop\/uncategorized\/grillsymbol-soup-station-con-bruciatore-a-gas-70-l\/"},"modified":"2026-02-18T13:25:37","modified_gmt":"2026-02-18T13:25:37","slug":"griglie-simbolo-stazione-per-zuppe-70-l","status":"publish","type":"product","link":"https:\/\/www.grillsymbol.com\/it\/shop\/prodotti-di-crisi\/griglie-simbolo-stazione-per-zuppe-70-l\/","title":{"rendered":"GrillSymbol Soup Station con bruciatore a gas 70 L"},"content":{"rendered":"<p><strong><span style=\"text-decoration: underline\">Dispositivo di riscaldamento:<\/span><\/strong><\/p>\n<ul>\n<li>Potenza del bruciatore a gas: 13,5 KW, pu\u00f2 essere utilizzato sia all&#8217;esterno che all&#8217;interno.<\/li>\n<li>Il bruciatore a gas \u00e8 dotato di termocoppie che interrompono il flusso di gas se la fiamma si spegne.<\/li>\n<li>Il bruciatore \u00e8 dotato di accensione elettrica a batteria Click e Cook.<\/li>\n<li>Bruciatore CE1312, numero di certificato 1312BS4973<\/li>\n<li>Le parti metalliche esterne dell&#8217;apparecchio sono in acciaio inossidabile.<\/li>\n<li>Altezza da terra al coperchio della pentola: 89 cm.<\/li>\n<li>Riduttore e tubo del gas da 1,2 m in dotazione<\/li>\n<li>Peso del riscaldatore: 21 kg<\/li>\n<li>Consumo di gas: 1 kg all&#8217;ora alla massima capacit\u00e0<\/li>\n<\/ul>\n<p>&nbsp;<\/p>\n<p><strong><span style=\"text-decoration: underline\">Pentola per la zuppa:<\/span><\/strong><\/p>\n<ul>\n<li>Capacit\u00e0 70 litri<\/li>\n<li>Dimensioni 45 x 45 cm, peso 11 kg.<\/li>\n<li>Materiale della pentola in acciaio inox (marchio 304)<\/li>\n<li>Spessore del fondo 5 mm, adatto a tutti i tipi di fornelli.<\/li>\n<li>Maniglie in acciaio inox non riscaldanti<\/li>\n<li>Coperchio con aperture per il vapore<\/li>\n<\/ul>\n<p>&nbsp;<\/p>\n<p><strong>NOTA!<\/strong> Non conservare in aree infiammabili, su superfici infiammabili o vicino a materiali infiammabili.<\/p>\n","protected":false},"excerpt":{"rendered":"<p><strong>Soup Station-70<\/strong> \u00e8 sviluppata in Estonia, testata in condizioni invernali e utilizzabile tutto l&#8217;anno. Pu\u00f2 ospitare fino a 200 persone: il peso di una porzione calcolato \u00e8 di 300 g a persona. La zuppiera pu\u00f2 essere utilizzata per cucinare, stufare, friggere e tenere in caldo.  <\/p>\n<p>Tempo di installazione: 5 minuti al massimo: fissa le gambe e i pannelli di sicurezza e collega l&#8217;unit\u00e0 alla bombola del gas.<\/p>\n<p>Mezza pentola (35 litri) di acqua raggiunge il punto di ebollizione in 25-45 minuti (+20\u00ba C contro 0\u00ba C), una pentola piena (circa 70 litri) in circa 50-90 minuti. I fattori che influenzano la temperatura di ebollizione sono la temperatura esterna, il vento, le precipitazioni e la temperatura iniziale dell&#8217;acqua e degli alimenti da riscaldare.  <\/p>\n<p>Gruppo target: catering per grandi eventi, comuni, strutture di difesa, ospedali e altri fornitori di servizi vitali.<\/p>\n<p>Si tratta di un prodotto molto compatto che, insieme alla bombola del gas, entra nella maggior parte delle autovetture. Quando lo riponi, tieni conto di uno spazio di scaffale di 80 x 80 cm. <\/p>\n<p><strong>L&#8217;unit\u00e0 deve essere conservata in ambienti asciutti.<\/strong><\/p>\n","protected":false},"featured_media":35424,"comment_status":"open","ping_status":"closed","template":"","meta":{"footnotes":""},"class_list":["post-26597","product","type-product","status-publish","has-post-thumbnail","hentry","product_cat-prodotti-di-crisi"],"_links":{"self":[{"href":"https:\/\/www.grillsymbol.com\/it\/wp-json\/wp\/v2\/product\/26597","targetHints":{"allow":["GET"]}}],"collection":[{"href":"https:\/\/www.grillsymbol.com\/it\/wp-json\/wp\/v2\/product"}],"about":[{"href":"https:\/\/www.grillsymbol.com\/it\/wp-json\/wp\/v2\/types\/product"}],"replies":[{"embeddable":true,"href":"https:\/\/www.grillsymbol.com\/it\/wp-json\/wp\/v2\/comments?post=26597"}],"version-history":[{"count":1,"href":"https:\/\/www.grillsymbol.com\/it\/wp-json\/wp\/v2\/product\/26597\/revisions"}],"predecessor-version":[{"id":35225,"href":"https:\/\/www.grillsymbol.com\/it\/wp-json\/wp\/v2\/product\/26597\/revisions\/35225"}],"wp:featuredmedia":[{"embeddable":true,"href":"https:\/\/www.grillsymbol.com\/it\/wp-json\/wp\/v2\/media\/35424"}],"wp:attachment":[{"href":"https:\/\/www.grillsymbol.com\/it\/wp-json\/wp\/v2\/media?parent=26597"}],"curies":[{"name":"wp","href":"https:\/\/api.w.org\/{rel}","templated":true}]}}