{"id":26711,"date":"2020-11-20T08:46:44","date_gmt":"2025-12-11T14:22:15","guid":{"rendered":"https:\/\/www.grillsymbol.com\/shop\/uncategorized\/grillsymbol-focolare-n-acciaio-inox-luna-silver\/"},"modified":"2026-03-27T13:47:42","modified_gmt":"2026-03-27T13:47:42","slug":"grillymbol-stainless-steel-fire-pit-luna-silver","status":"publish","type":"product","link":"https:\/\/www.grillsymbol.com\/it\/shop\/focolari-in-acciaio-corten\/grillymbol-stainless-steel-fire-pit-luna-silver\/","title":{"rendered":"GrillSymbol Focolare n acciaio inox Luna Silver"},"content":{"rendered":"<p>&nbsp;<\/p>\n<ul>\n<li>\n<p data-start=\"0\" data-end=\"59\">Il focolare \u00e8 realizzato in acciaio inox da 3 mm (AISI 304).<\/p>\n<\/li>\n<li>\n<p data-start=\"0\" data-end=\"59\">Il pannello esterno \u00e8 rivestito con una lamiera in acciaio inox da 1 mm con finitura spazzolata. La direzione della spazzolatura \u00e8 perpendicolare al pezzo, dall\u2019alto verso il basso.<\/p>\n<\/li>\n<li>\n<p data-start=\"0\" data-end=\"59\">Il pannello esterno non si surriscalda durante l\u2019uso, poich\u00e9 tra i due pannelli \u00e8 presente un\u2019intercapedine d\u2019aria.<\/p>\n<\/li>\n<li>\n<p data-start=\"0\" data-end=\"59\">Diametro: 119 cm<\/p>\n<\/li>\n<li>\n<p data-start=\"0\" data-end=\"59\">Altezza: 47 cm<\/p>\n<\/li>\n<li>\n<p data-start=\"0\" data-end=\"59\">Al centro \u00e8 presente un cestello rimovibile per legna\/cenere, che pu\u00f2 essere estratto per una facile pulizia (dimensioni: 60 \u00d7 60 \u00d7 12 cm).<\/p>\n<\/li>\n<li>\n<p data-start=\"0\" data-end=\"59\">Peso totale: 200 kg<br data-start=\"627\" data-end=\"630\" \/>\u2013 Focolare circa 100 kg<br data-start=\"653\" data-end=\"656\" \/>\u2013 Pietre circa 100 kg<\/p>\n<\/li>\n<li>\n<p data-start=\"0\" data-end=\"59\">Le pietre sono incluse nella focolare. \u00c8 possibile scegliere tra due tipologie di pietra:<br data-start=\"771\" data-end=\"774\" \/>Valencia Rose (rosa chiaro) oppure Extra Black (nero).<br data-start=\"828\" data-end=\"831\" \/><strong>Si prega di indicare il colore della pietra desiderato nei commenti dell\u2019ordine.<\/strong><\/p>\n<\/li>\n<li>\n<p data-start=\"0\" data-end=\"59\">Il Focolare poggia su tre piedini.<\/p>\n<\/li>\n<li>\n<p data-start=\"0\" data-end=\"59\">Grazie alle sue dimensioni, \u00e8 adatto anche a spazi pubblici come terrazze di ristoranti, campi da golf e aree attrezzate per fal\u00f2 comunali o di villaggio.<\/p>\n<\/li>\n<li>\n<p data-start=\"0\" data-end=\"59\">Come accessorio opzionale \u00e8 disponibile un coperchio in acciaio inox.<\/p>\n<\/li>\n<\/ul>\n<p>Il prodotto non deve essere installato su una superficie di legno, poich\u00e9 il focolare si surriscalda sul fondo durante il fuoco. Sul fondo del focolare ci sono dei fori da cui possono uscire piccoli pezzi di carbone. I fori sul fondo fungono da drenaggio per evitare che l&#8217;acqua stagnante si accumuli all&#8217;interno del focolare.<\/p>\n<p><strong>NB!<\/strong> Va notato che l&#8217;acciaio inossidabile non mantiene il suo colore, ma si annerisce all&#8217;interno dei focolari. Tuttavia, tutti i dettagli esterni e visibili mantengono l&#8217;aspetto dell&#8217;acciaio inossidabile. Il set di griglie nelle immagini non include il set. \u00c8 disponibile come accessorio.<\/p>\n","protected":false},"excerpt":{"rendered":"<p>&#8220;Luna Silver&#8221; \u00e8 semplicemente senza tempo. Come la luna piena nel cielo. Il focolare &#8220;Luna Silver&#8221; \u00e8 stato progettato per le persone moderne, per creare momenti indimenticabili con la famiglia e gli amici. Quando vivi il momento, puoi goderti i suoni della natura e il calore del fuoco. Allora sentirai di essere vivo!<\/p>\n<p>Uno dei focolari pi\u00f9 grandi della nostra gamma di prodotti. Tutti i dettagli, compresi i bulloni e i dadi, sono in acciaio inox (AISI 304).<\/p>\n<p><strong>Design: Petteri Wiimaa<\/strong><\/p>\n","protected":false},"featured_media":26712,"comment_status":"open","ping_status":"closed","template":"","meta":{"footnotes":""},"class_list":["post-26711","product","type-product","status-publish","has-post-thumbnail","hentry","product_cat-focolari-in-acciaio-corten"],"_links":{"self":[{"href":"https:\/\/www.grillsymbol.com\/it\/wp-json\/wp\/v2\/product\/26711","targetHints":{"allow":["GET"]}}],"collection":[{"href":"https:\/\/www.grillsymbol.com\/it\/wp-json\/wp\/v2\/product"}],"about":[{"href":"https:\/\/www.grillsymbol.com\/it\/wp-json\/wp\/v2\/types\/product"}],"replies":[{"embeddable":true,"href":"https:\/\/www.grillsymbol.com\/it\/wp-json\/wp\/v2\/comments?post=26711"}],"version-history":[{"count":2,"href":"https:\/\/www.grillsymbol.com\/it\/wp-json\/wp\/v2\/product\/26711\/revisions"}],"predecessor-version":[{"id":35082,"href":"https:\/\/www.grillsymbol.com\/it\/wp-json\/wp\/v2\/product\/26711\/revisions\/35082"}],"wp:featuredmedia":[{"embeddable":true,"href":"https:\/\/www.grillsymbol.com\/it\/wp-json\/wp\/v2\/media\/26712"}],"wp:attachment":[{"href":"https:\/\/www.grillsymbol.com\/it\/wp-json\/wp\/v2\/media?parent=26711"}],"curies":[{"name":"wp","href":"https:\/\/api.w.org\/{rel}","templated":true}]}}