{"id":26989,"date":"2020-09-24T06:59:32","date_gmt":"2025-12-16T13:38:22","guid":{"rendered":"https:\/\/www.grillsymbol.com\/shop\/uncategorized\/grillsymbol-pozzetto-in-acciaio-corten-lucas-mini\/"},"modified":"2026-03-29T17:50:17","modified_gmt":"2026-03-29T17:50:17","slug":"grillymbol-corten-acciaio-camino-lucas-mini","status":"publish","type":"product","link":"https:\/\/www.grillsymbol.com\/it\/shop\/focolari-in-acciaio-corten\/grillymbol-corten-acciaio-camino-lucas-mini\/","title":{"rendered":"GrillSymbol Pozzetto in acciaio corten Lucas Mini"},"content":{"rendered":"<p>Il design di Lucas Mini incorpora uno dei pi\u00f9 potenti simboli celtici, il Nodo Dara, che simboleggia le radici della quercia, la resistenza e la longevit\u00e0. Inoltre, rappresenta l&#8217;unione di due persone, portando fortuna, prosperit\u00e0 e protezione. Si ritiene che gli intricati disegni dei nodi celtici incarnino il ciclo infinito della vita, della morte e della rinascita, nonch\u00e9 l&#8217;interconnessione di tutte le cose nel mondo naturale.  <\/p>\n<p>&nbsp;<\/p>\n<ul>\n<li>Materiale del focolare: 2-3 mm di acciaio Corten<\/li>\n<li>Diametro: 60 cm<\/li>\n<li>Altezza: 33 cm<\/li>\n<li>Peso: 18 kg<\/li>\n<li>Il set include un cesto per legna da ardere\/cenere (diametro 43 cm) facile da rimuovere e da pulire.<\/li>\n<li>Sul fondo del focolare e del cestino della cenere sono presenti dei fori che assicurano un buon ricambio d&#8217;aria e riducono notevolmente il fumo.<\/li>\n<li>Il prodotto viene consegnato quasi assemblato, solo le gambe devono essere fissate (tempo di montaggio circa 5 minuti).<\/li>\n<li>Il coperchio per il pozzo del fuoco \u00e8 disponibile come accessorio (codice prodotto: LML).<\/li>\n<li>Come accessorio \u00e8 disponibile anche un coperchio in acciaio inox (codice prodotto: LML-i). Questo pu\u00f2 essere utilizzato come grande vassoio o come piano d&#8217;appoggio per trasformare il focolare in un tavolo da esterno. Questa combinazione lo rende multifunzionale.  <\/li>\n<\/ul>\n<p>&nbsp;<\/p>\n<p>Il prodotto non deve essere installato su una superficie di legno, poich\u00e9 il focolare si surriscalda sul fondo durante il fuoco. Sul fondo del focolare ci sono dei fori da cui possono uscire piccoli pezzi di carbone. I fori sul fondo fungono da drenaggio per evitare che l&#8217;acqua stagnante si accumuli all&#8217;interno del focolare.<\/p>\n<p>NB! I prodotti in acciaio Cor-Ten vengono forniti non trattati. Quando \u00e8 nuovo, l&#8217;acciaio Cor-Ten \u00e8 di colore grigio come il solito acciaio laminato a caldo. Puoi trovare le istruzioni per il condimento sul nostro sito web o scansionarle direttamente dal prodotto. I prodotti in acciaio Cor-Ten possono essere conservati all&#8217;aperto tutto l&#8217;anno. Non necessita di stoccaggio.<\/p>\n<p>&nbsp;<\/p>\n<p>&nbsp;<\/p>\n<h5><a href=\"https:\/\/www.grillsymbol.com\/instructions\/cor-ten-steel-products-seasoning-instructions\/\" target=\"_blank\" rel=\"noopener\">Guarda qui: Istruzioni per la stagionatura dei prodotti in acciaio Cor-Ten<\/a><\/h5>\n","protected":false},"excerpt":{"rendered":"<p>Porta la luce nel tuo giardino! Lucas significa &#8220;luce&#8221; o &#8220;qualcuno che porta la luce&#8221;. <\/p>\n<p><strong>Design: Petteri Wiimaa<\/strong><\/p>\n<p>Realizzato in acciaio Cor-Ten, che \u00e8 un acciaio al carbonio quasi puro ma lavorato in modo da avere uno strato protettivo sulla superficie per renderlo resistente alle intemperie. La superficie \u00e8 originariamente grigiastra, ma a causa delle condizioni atmosferiche diventa bruno-rossastra (simile al colore della ruggine) e si scurisce col tempo. Se usato correttamente, l&#8217;acciaio Cor-Ten \u00e8 espressivo, durevole e non richiede manutenzione e pu\u00f2 resistere al tempo in un modo tutto suo.<\/p>\n<p>&nbsp;<\/p>\n","protected":false},"featured_media":26990,"comment_status":"open","ping_status":"closed","template":"","meta":{"footnotes":""},"class_list":["post-26989","product","type-product","status-publish","has-post-thumbnail","hentry","product_cat-focolari-in-acciaio-corten","product_cat-grill-it"],"_links":{"self":[{"href":"https:\/\/www.grillsymbol.com\/it\/wp-json\/wp\/v2\/product\/26989","targetHints":{"allow":["GET"]}}],"collection":[{"href":"https:\/\/www.grillsymbol.com\/it\/wp-json\/wp\/v2\/product"}],"about":[{"href":"https:\/\/www.grillsymbol.com\/it\/wp-json\/wp\/v2\/types\/product"}],"replies":[{"embeddable":true,"href":"https:\/\/www.grillsymbol.com\/it\/wp-json\/wp\/v2\/comments?post=26989"}],"version-history":[{"count":1,"href":"https:\/\/www.grillsymbol.com\/it\/wp-json\/wp\/v2\/product\/26989\/revisions"}],"predecessor-version":[{"id":27049,"href":"https:\/\/www.grillsymbol.com\/it\/wp-json\/wp\/v2\/product\/26989\/revisions\/27049"}],"wp:featuredmedia":[{"embeddable":true,"href":"https:\/\/www.grillsymbol.com\/it\/wp-json\/wp\/v2\/media\/26990"}],"wp:attachment":[{"href":"https:\/\/www.grillsymbol.com\/it\/wp-json\/wp\/v2\/media?parent=26989"}],"curies":[{"name":"wp","href":"https:\/\/api.w.org\/{rel}","templated":true}]}}