{"id":27178,"date":"2025-05-20T13:13:40","date_gmt":"2025-12-17T14:58:48","guid":{"rendered":"https:\/\/www.grillsymbol.com\/shop\/uncategorized\/petteri-wiimaa-muro-di-contenimento-per-fioriera-pozzo-del-fuoco-h40-cm-o-200-cm\/"},"modified":"2025-12-17T14:58:48","modified_gmt":"2025-12-17T14:58:48","slug":"petteri-wiimaa-corten-pianta-fuoco-base-h40-cm-o-200-cm","status":"publish","type":"product","link":"https:\/\/www.grillsymbol.com\/it\/shop\/fioriere-in-acciaio-corten\/petteri-wiimaa-corten-pianta-fuoco-base-h40-cm-o-200-cm\/","title":{"rendered":"Petteri Wiimaa Muro di contenimento per fioriera\/pozzo del fuoco, H40 cm, \u00f8 200 cm"},"content":{"rendered":"<ul>\n<li style=\"font-weight: 400\"><span style=\"font-weight: 400\">L&#8217;anello 240 \u00e8 realizzato in acciaio Cor-Ten da 2-3 mm.<\/span><\/li>\n<li style=\"font-weight: 400\"><span style=\"font-weight: 400\">Diametro: 200 cm<\/span><\/li>\n<li style=\"font-weight: 400\"><span style=\"font-weight: 400\">Altezza 40 cm<\/span><\/li>\n<li style=\"font-weight: 400\"><span style=\"font-weight: 400\">Peso circa 65 kg<\/span><\/li>\n<li style=\"font-weight: 400\"><span style=\"font-weight: 400\">Il prodotto viene consegnato in cinque pezzi, il tempo di montaggio stimato \u00e8 di 30 minuti.<\/span><\/li>\n<li style=\"font-weight: 400\"><span style=\"font-weight: 400\">Pu\u00f2 essere ordinato anche come modello con base e gambe &#8211; per l&#8217;uso in spazi urbani e pu\u00f2 essere spostato con una rocla o un carrello elevatore, se necessario.<\/span><\/li>\n<\/ul>\n<p>&nbsp;<\/p>\n<p><span style=\"font-weight: 400\">NB! I prodotti in acciaio Cor-Ten vengono forniti con una superficie ruvida. Quando \u00e8 nuovo, l&#8217;acciaio COR-TEN ha lo stesso colore grigio dell&#8217;acciaio laminato a caldo tradizionale. Le istruzioni per l&#8217;invecchiamento sono disponibili sul nostro sito web o possono essere scansionate direttamente dal prodotto.  <\/span><\/p>\n<p>&nbsp;<\/p>\n<h4><a href=\"https:\/\/www.grillsymbol.com\/instructions\/cor-ten-steel-products-seasoning-instructions\/\" target=\"_blank\" rel=\"noopener\">Guarda qui: Istruzioni per la stagionatura dei prodotti in acciaio Cor-Ten<\/a><\/h4>\n","protected":false},"excerpt":{"rendered":"<p><span style=\"font-weight: 400\">Realizzato in acciaio Cor-Ten. I prodotti ad anello possono essere utilizzati in modo multifunzionale: come aiuola, bordura per alberi, muro di contenimento per una fioriera o un focolare. Sia su terreni piani che su rilievi in pendenza, scavando parte del diametro del terreno. Il prodotto pu\u00f2 essere riempito con terra, pietre decorative, sabbia, pezzi di legno e cos\u00ec via, a seconda della funzione che dovr\u00e0 svolgere.   <\/span><\/p>\n<p><span style=\"font-weight: 400\"> <\/span><\/p>\n<p><b>Design Petteri Wiimaa<\/b><\/p>\n<p><span style=\"font-weight: 400\"> <\/span><\/p>\n<p><span style=\"font-weight: 400\">L&#8217;acciaio Cor-Ten \u00e8 un acciaio al carbonio quasi puro, ma trattato in modo da creare uno strato protettivo sulla sua superficie per resistere agli agenti atmosferici. Lo strato superficiale \u00e8 inizialmente grigiastro, poi diventa marrone-rossastro (una tonalit\u00e0 simile alla ruggine), diventando ancora pi\u00f9 scuro con il passare del tempo. Se usato correttamente, l&#8217;acciaio Cor-Ten \u00e8 espressivo, duraturo e non richiede manutenzione e resiste alla prova del tempo in modo unico.  <\/span><\/p>\n","protected":false},"featured_media":27179,"comment_status":"open","ping_status":"closed","template":"","meta":{"footnotes":""},"class_list":{"0":"post-27178","1":"product","2":"type-product","3":"status-publish","4":"has-post-thumbnail","5":"hentry","6":"product_cat-fioriere-in-acciaio-corten","11":"product_cat-accessori-da-giardino"},"_links":{"self":[{"href":"https:\/\/www.grillsymbol.com\/it\/wp-json\/wp\/v2\/product\/27178","targetHints":{"allow":["GET"]}}],"collection":[{"href":"https:\/\/www.grillsymbol.com\/it\/wp-json\/wp\/v2\/product"}],"about":[{"href":"https:\/\/www.grillsymbol.com\/it\/wp-json\/wp\/v2\/types\/product"}],"replies":[{"embeddable":true,"href":"https:\/\/www.grillsymbol.com\/it\/wp-json\/wp\/v2\/comments?post=27178"}],"version-history":[{"count":0,"href":"https:\/\/www.grillsymbol.com\/it\/wp-json\/wp\/v2\/product\/27178\/revisions"}],"wp:featuredmedia":[{"embeddable":true,"href":"https:\/\/www.grillsymbol.com\/it\/wp-json\/wp\/v2\/media\/27179"}],"wp:attachment":[{"href":"https:\/\/www.grillsymbol.com\/it\/wp-json\/wp\/v2\/media?parent=27178"}],"curies":[{"name":"wp","href":"https:\/\/api.w.org\/{rel}","templated":true}]}}