{"id":27296,"date":"2021-07-16T08:57:15","date_gmt":"2025-12-22T11:30:00","guid":{"rendered":"https:\/\/www.grillsymbol.com\/shop\/uncategorized\/grillsymbol-focolare-alta-xl-in-acciaio-corten-o-90-cm\/"},"modified":"2026-03-30T19:04:24","modified_gmt":"2026-03-30T19:04:24","slug":"grillymbol-corten-acciaio-camino-alta-xl-o-90-cm","status":"publish","type":"product","link":"https:\/\/www.grillsymbol.com\/it\/shop\/focolari-in-acciaio-corten\/grillymbol-corten-acciaio-camino-alta-xl-o-90-cm\/","title":{"rendered":"GrillSymbol Focolare Alta XL in acciaio corten, \u00f8 90 cm"},"content":{"rendered":"<p>Il focolare \u00e8 realizzato in acciaio Cor-Ten, che \u00e8 un acciaio al carbonio quasi puro ma lavorato in modo da avere uno strato protettivo sulla superficie per renderlo resistente alle intemperie. La superficie \u00e8 originariamente grigiastra, ma a causa delle condizioni atmosferiche diventa bruno-rossastra (simile al colore della ruggine) e si scurisce col tempo. Se usato correttamente, l&#8217;acciaio Cor-Ten \u00e8 espressivo, durevole e non richiede manutenzione e pu\u00f2 resistere al tempo in un modo tutto suo.<\/p>\n<p>La parola &#8220;Alta&#8221; significa infatti &#8220;chiara&#8221; o &#8220;leggera&#8221;. Fai entrare la luce nel tuo giardino e trasforma una serata buia in un piacevole incontro! <\/p>\n<p><strong>Specifiche tecniche:<\/strong><\/p>\n<p>&nbsp;<\/p>\n<ul>\n<li>Diametro della stufa a legna da esterno: 90 cm.<\/li>\n<li>Profondit\u00e0: 12 cm.<\/li>\n<li>Altezza da terra: 26 cm<\/li>\n<li>Peso: 30 kg.<\/li>\n<li>Il focolare \u00e8 realizzato in acciaio Cor-Ten da 3 e 4 mm.<\/li>\n<\/ul>\n<p>&nbsp;<\/p>\n<p>Il prodotto non deve essere installato su una superficie di legno, poich\u00e9 il focolare si surriscalda sul fondo durante il fuoco. Sul fondo del focolare ci sono dei fori da cui possono uscire piccoli pezzi di carbone. I fori sul fondo fungono da drenaggio per evitare che l&#8217;acqua stagnante si accumuli all&#8217;interno del focolare.<\/p>\n<p>NB! I prodotti in acciaio Cor-Ten vengono forniti non trattati. Quando \u00e8 nuovo, l&#8217;acciaio Cor-Ten \u00e8 di colore grigio come il solito acciaio laminato a caldo. Puoi trovare le istruzioni per il condimento sul nostro sito web o scansionarle direttamente dal prodotto. I prodotti in acciaio Cor-Ten possono essere conservati all&#8217;aperto tutto l&#8217;anno. Non necessita di stoccaggio.<\/p>\n<p>&nbsp;<\/p>\n<h5><a href=\"https:\/\/www.grillsymbol.com\/instructions\/cor-ten-steel-products-seasoning-instructions\/\" target=\"_blank\" rel=\"noopener\">Guarda qui: Istruzioni per la stagionatura dei prodotti in acciaio Cor-Ten<\/a><\/h5>\n","protected":false},"excerpt":{"rendered":"<p>La parola chiave del focolare \u00e8 chiarezza. Le linee semplici e chiare e la praticit\u00e0 d&#8217;uso sono racchiuse in un materiale speciale e duraturo, creato per gli ambienti esterni. <\/p>\n<p><strong>Design: Petteri Wiimaa<\/strong><\/p>\n<p>Il caminetto a legna da esterno \u00e8 realizzato in acciaio Cor-Ten, che \u00e8 un acciaio al carbonio quasi puro ma lavorato in modo da avere uno strato protettivo sulla superficie per renderlo resistente alle intemperie. La superficie \u00e8 originariamente grigiastra, ma a causa delle condizioni atmosferiche diventa bruno-rossastra (simile al colore della ruggine) e si scurisce col tempo. Se usato correttamente, l&#8217;acciaio Cor-Ten \u00e8 espressivo, durevole e non richiede manutenzione e pu\u00f2 resistere al tempo in un modo tutto suo.<\/p>\n<p>La parola &#8220;Alta&#8221; significa infatti &#8220;chiara&#8221; o &#8220;leggera&#8221;. Fai entrare la luce nel tuo giardino e trasforma una serata buia in un piacevole incontro! <\/p>\n","protected":false},"featured_media":27297,"comment_status":"open","ping_status":"closed","template":"","meta":{"footnotes":""},"class_list":["post-27296","product","type-product","status-publish","has-post-thumbnail","hentry","product_cat-focolari-in-acciaio-corten"],"_links":{"self":[{"href":"https:\/\/www.grillsymbol.com\/it\/wp-json\/wp\/v2\/product\/27296","targetHints":{"allow":["GET"]}}],"collection":[{"href":"https:\/\/www.grillsymbol.com\/it\/wp-json\/wp\/v2\/product"}],"about":[{"href":"https:\/\/www.grillsymbol.com\/it\/wp-json\/wp\/v2\/types\/product"}],"replies":[{"embeddable":true,"href":"https:\/\/www.grillsymbol.com\/it\/wp-json\/wp\/v2\/comments?post=27296"}],"version-history":[{"count":1,"href":"https:\/\/www.grillsymbol.com\/it\/wp-json\/wp\/v2\/product\/27296\/revisions"}],"predecessor-version":[{"id":27321,"href":"https:\/\/www.grillsymbol.com\/it\/wp-json\/wp\/v2\/product\/27296\/revisions\/27321"}],"wp:featuredmedia":[{"embeddable":true,"href":"https:\/\/www.grillsymbol.com\/it\/wp-json\/wp\/v2\/media\/27297"}],"wp:attachment":[{"href":"https:\/\/www.grillsymbol.com\/it\/wp-json\/wp\/v2\/media?parent=27296"}],"curies":[{"name":"wp","href":"https:\/\/api.w.org\/{rel}","templated":true}]}}