{"id":27395,"date":"2017-12-11T18:49:32","date_gmt":"2025-12-22T11:47:53","guid":{"rendered":"https:\/\/www.grillsymbol.com\/shop\/uncategorized\/grillsymbol-focolare-elegante-in-acciaio-corten-o-72-cm\/"},"modified":"2025-12-22T11:47:53","modified_gmt":"2025-12-22T11:47:53","slug":"grillymbol-corten-acciaio-camino-elegante-o-72-cm","status":"publish","type":"product","link":"https:\/\/www.grillsymbol.com\/it\/shop\/focolari-in-acciaio-corten\/grillymbol-corten-acciaio-camino-elegante-o-72-cm\/","title":{"rendered":"GrillSymbol Focolare Elegante in acciaio corten, \u00f8 72 cm"},"content":{"rendered":"<p>&nbsp;<\/p>\n<ul>\n<li>Materiale: Acciaio Cor-Ten da 4 mm<\/li>\n<li>Diametro: 72 cm<\/li>\n<li>Altezza da terra: 35 cm<\/li>\n<li>Peso: 17 kg<\/li>\n<li>Si adatta perfettamente al tuo giardino!<\/li>\n<\/ul>\n<p>&nbsp;<\/p>\n<p>Il prodotto non deve essere installato su una superficie di legno, poich\u00e9 il focolare si surriscalda sul fondo durante il fuoco. Sul fondo del focolare ci sono dei fori da cui possono uscire piccoli pezzi di carbone. I fori sul fondo fungono da drenaggio per evitare che l&#8217;acqua stagnante si accumuli all&#8217;interno del focolare.<\/p>\n<p>Opzioni di installazione delle gambe: Hai la possibilit\u00e0 di installare le gambe in due posizioni diverse: dall&#8217;esterno verso l&#8217;interno o segnando il bordo esterno. Scegli semplicemente il metodo che preferisci. I fori rimanenti servono a drenare l&#8217;acqua piovana.  <\/p>\n<p>&nbsp;<\/p>\n<p>NB! I prodotti in acciaio Cor-Ten vengono forniti non trattati. Quando \u00e8 nuovo, l&#8217;acciaio COR-TEN\u00ae \u00e8 di colore grigio come il solito acciaio laminato a caldo. Puoi trovare le istruzioni per il condimento sul nostro sito web o scansionarle direttamente dal prodotto. I prodotti in acciaio Cor-Ten possono essere conservati all&#8217;aperto tutto l&#8217;anno. Non necessita di stoccaggio.<\/p>\n<p>&nbsp;<\/p>\n<p>&nbsp;<\/p>\n<h5><a href=\"https:\/\/www.grillsymbol.com\/instructions\/cor-ten-steel-products-seasoning-instructions\/\" target=\"_blank\" rel=\"noopener\">Guarda qui: Istruzioni per la stagionatura dei prodotti in acciaio Cor-Ten<\/a><\/h5>\n","protected":false},"excerpt":{"rendered":"<p>La parola chiave del caminetto a legna da esterno Elegante \u00e8 semplicit\u00e0. Le linee semplici e chiare e la praticit\u00e0 d&#8217;uso sono racchiuse in un materiale speciale e duraturo, creato per gli ambienti esterni. <\/p>\n<p>Camino a legna da esterno di medie dimensioni.<\/p>\n<p><strong>Design: Petteri Wiimaa<\/strong><\/p>\n<p>Realizzato in acciaio Cor-Ten, che \u00e8 un acciaio al carbonio quasi puro ma lavorato in modo da avere uno strato protettivo sulla superficie per renderlo resistente alle intemperie. La superficie \u00e8 originariamente grigiastra, ma a causa delle condizioni atmosferiche diventa bruno-rossastra (simile al colore della ruggine) e si scurisce col tempo. Se usato correttamente, l&#8217;acciaio Cor-Ten \u00e8 espressivo, durevole e non richiede manutenzione e pu\u00f2 resistere al tempo in un modo tutto suo.<\/p>\n<p>&nbsp;<\/p>\n","protected":false},"featured_media":27396,"comment_status":"open","ping_status":"closed","template":"","meta":{"footnotes":""},"class_list":["post-27395","product","type-product","status-publish","has-post-thumbnail","hentry","product_cat-focolari-in-acciaio-corten"],"_links":{"self":[{"href":"https:\/\/www.grillsymbol.com\/it\/wp-json\/wp\/v2\/product\/27395","targetHints":{"allow":["GET"]}}],"collection":[{"href":"https:\/\/www.grillsymbol.com\/it\/wp-json\/wp\/v2\/product"}],"about":[{"href":"https:\/\/www.grillsymbol.com\/it\/wp-json\/wp\/v2\/types\/product"}],"replies":[{"embeddable":true,"href":"https:\/\/www.grillsymbol.com\/it\/wp-json\/wp\/v2\/comments?post=27395"}],"version-history":[{"count":0,"href":"https:\/\/www.grillsymbol.com\/it\/wp-json\/wp\/v2\/product\/27395\/revisions"}],"wp:featuredmedia":[{"embeddable":true,"href":"https:\/\/www.grillsymbol.com\/it\/wp-json\/wp\/v2\/media\/27396"}],"wp:attachment":[{"href":"https:\/\/www.grillsymbol.com\/it\/wp-json\/wp\/v2\/media?parent=27395"}],"curies":[{"name":"wp","href":"https:\/\/api.w.org\/{rel}","templated":true}]}}