{"id":27437,"date":"2017-12-07T12:17:15","date_gmt":"2025-12-22T11:50:06","guid":{"rendered":"https:\/\/www.grillsymbol.com\/shop\/uncategorized\/grillsymbol-focolare-elegante-xl-in-acciaio-al-cor-ten\/"},"modified":"2026-03-31T04:42:52","modified_gmt":"2026-03-31T04:42:52","slug":"grillsymbol-cor-ten-steel-fire-pit-elegante-xl","status":"publish","type":"product","link":"https:\/\/www.grillsymbol.com\/it\/shop\/focolari-in-acciaio-corten\/grillsymbol-cor-ten-steel-fire-pit-elegante-xl\/","title":{"rendered":"GrillSymbol focolare Elegante XL in acciaio al cor-ten"},"content":{"rendered":"<p>&nbsp;<\/p>\n<ul>\n<li>Materiale: Acciaio Cor-Ten da 4 mm<\/li>\n<li>Diametro: 95 cm<\/li>\n<li>Altezza da terra: 35 cm<\/li>\n<li>Peso: 30 kg<\/li>\n<li>Si adatta perfettamente al tuo giardino!<\/li>\n<\/ul>\n<p>&nbsp;<\/p>\n<p>Il prodotto non deve essere installato su una superficie di legno, poich\u00e9 il focolare si surriscalda sul fondo durante il fuoco. Sul fondo del focolare ci sono dei fori da cui possono uscire piccoli pezzi di carbone. I fori sul fondo fungono da drenaggio per evitare che l&#8217;acqua stagnante si accumuli all&#8217;interno del focolare.<\/p>\n<p>I prodotti COR-TEN\u00ae possono essere conservati all&#8217;aperto tutto l&#8217;anno. Non necessita di stoccaggio.<\/p>\n<p>Istruzioni per la stagionatura dei prodotti COR-TEN\u00ae Steel:<\/p>\n<p>&nbsp;<\/p>\n<blockquote class=\"wp-embedded-content\" data-secret=\"y5I1bkEi9D\"><p><a href=\"https:\/\/www.grillsymbol.com\/instructions\/cor-ten-steel-products-seasoning-instructions\/\">Cor-Ten Steel products seasoning instructions<\/a><\/p><\/blockquote>\n<p><iframe loading=\"lazy\" class=\"wp-embedded-content\" sandbox=\"allow-scripts\" security=\"restricted\" style=\"position: absolute; visibility: hidden;\" title=\"\u00abCor-Ten Steel products seasoning instructions\u00bb \u2014 GrillSymbol\" src=\"https:\/\/www.grillsymbol.com\/instructions\/cor-ten-steel-products-seasoning-instructions\/embed\/#?secret=VCr5wEoGvC#?secret=y5I1bkEi9D\" data-secret=\"y5I1bkEi9D\" width=\"600\" height=\"338\" frameborder=\"0\" marginwidth=\"0\" marginheight=\"0\" scrolling=\"no\"><\/iframe><\/p>\n","protected":false},"excerpt":{"rendered":"<p>La parola chiave del caminetto a legna da esterno \u00e8 semplicit\u00e0. Linee semplici e chiare e praticit\u00e0 d&#8217;uso sono racchiuse in un materiale speciale e duraturo, creato per gli ambienti esterni. <\/p>\n<p>Uno dei focolari pi\u00f9 grandi della nostra gamma di prodotti.<\/p>\n<p><strong>Design: Petteri Wiimaa<\/strong><\/p>\n<p>Realizzato in acciaio Cor-Ten, che \u00e8 un acciaio al carbonio quasi puro ma lavorato in modo da avere uno strato protettivo sulla superficie per renderlo resistente alle intemperie. La superficie \u00e8 originariamente grigiastra, ma a causa delle condizioni atmosferiche diventa bruno-rossastra (simile al colore della ruggine) e si scurisce col tempo. Se usato correttamente, l&#8217;acciaio Cor-Ten \u00e8 espressivo, durevole e non richiede manutenzione e pu\u00f2 resistere al tempo in un modo tutto suo.<\/p>\n","protected":false},"featured_media":27438,"comment_status":"open","ping_status":"closed","template":"","meta":{"footnotes":""},"class_list":["post-27437","product","type-product","status-publish","has-post-thumbnail","hentry","product_cat-focolari-in-acciaio-corten"],"_links":{"self":[{"href":"https:\/\/www.grillsymbol.com\/it\/wp-json\/wp\/v2\/product\/27437","targetHints":{"allow":["GET"]}}],"collection":[{"href":"https:\/\/www.grillsymbol.com\/it\/wp-json\/wp\/v2\/product"}],"about":[{"href":"https:\/\/www.grillsymbol.com\/it\/wp-json\/wp\/v2\/types\/product"}],"replies":[{"embeddable":true,"href":"https:\/\/www.grillsymbol.com\/it\/wp-json\/wp\/v2\/comments?post=27437"}],"version-history":[{"count":1,"href":"https:\/\/www.grillsymbol.com\/it\/wp-json\/wp\/v2\/product\/27437\/revisions"}],"predecessor-version":[{"id":27482,"href":"https:\/\/www.grillsymbol.com\/it\/wp-json\/wp\/v2\/product\/27437\/revisions\/27482"}],"wp:featuredmedia":[{"embeddable":true,"href":"https:\/\/www.grillsymbol.com\/it\/wp-json\/wp\/v2\/media\/27438"}],"wp:attachment":[{"href":"https:\/\/www.grillsymbol.com\/it\/wp-json\/wp\/v2\/media?parent=27437"}],"curies":[{"name":"wp","href":"https:\/\/api.w.org\/{rel}","templated":true}]}}