{"id":27737,"date":"2025-05-22T10:33:31","date_gmt":"2026-01-06T08:22:42","guid":{"rendered":"https:\/\/www.grillsymbol.com\/shop\/uncategorized\/modulo-grillsymbol-argentina-asado-48-x-68-cm-arg-xxl\/"},"modified":"2026-01-06T08:22:42","modified_gmt":"2026-01-06T08:22:42","slug":"grillymbol-argentina-grill-48-x-68-cm","status":"publish","type":"product","link":"https:\/\/www.grillsymbol.com\/it\/shop\/accessori-per-barbecue\/grillymbol-argentina-grill-48-x-68-cm\/","title":{"rendered":"Modulo GrillSymbol Argentina Asado 48 x 68 cm ARG-XXL"},"content":{"rendered":"<ul>\n<li style=\"font-weight: 400\"><span style=\"font-weight: 400\">In acciaio inox (304)<\/span><\/li>\n<li style=\"font-weight: 400\"><span style=\"font-weight: 400\">Dimensioni della teglia 68 x 49 cm<\/span><\/li>\n<li style=\"font-weight: 400\"><span style=\"font-weight: 400\">Con raccoglitore di grasso e cornice: 69 x 52 cm<\/span><\/li>\n<li style=\"font-weight: 400\"><span style=\"font-weight: 400\">Peso circa 15 kg   <\/span><\/li>\n<li style=\"font-weight: 400\"><span style=\"font-weight: 400\">L&#8217;altezza della scaffalatura pu\u00f2 essere regolata tramite un meccanismo di sollevamento (soluzione tecnica: manovella e piastra filettata).<\/span><\/li>\n<li style=\"font-weight: 400\"><span style=\"font-weight: 400\">Il raccoglitore di grasso \u00e8 facile da svuotare (NON durante la cottura alla griglia!)<\/span><\/li>\n<li style=\"font-weight: 400\"><span style=\"font-weight: 400\">Adatto a Chef-XXL e Chef-NXXL (entrambi i modelli Cor-Ten e Silver)<\/span><\/li>\n<li style=\"font-weight: 400\">Grazie al raccoglitore di grasso e alle griglie a V, il risultato della grigliata sulla griglia argentina \u00e8 pi\u00f9 uniforme e il sapore di bruciato \u00e8 ridotto.<\/li>\n<li style=\"font-weight: 400\">Goditi le migliori bistecche, costolette, salsicce o verdure con il GrillSymbol Argentine XXL!<\/li>\n<\/ul>\n<p>&nbsp;<\/p>\n<p><span style=\"font-weight: 400\">NB! Il prodotto \u00e8 stato  <\/span><span style=\"font-weight: 400\">passivato<\/span><span style=\"font-weight: 400\">cio\u00e8 \u00e8 stato sottoposto a un processo chimico che rimuove lo strato di ossido, i residui di saldatura e i segni di lavorazione dalla superficie del pezzo. Di conseguenza, l&#8217;acciaio inossidabile \u00e8 pi\u00f9 resistente alla corrosione e ha un colore grigiastro uniforme. <\/span><\/p>\n","protected":false},"excerpt":{"rendered":"<p><span style=\"font-weight: 400\">Grill rack Argentino in acciaio inox con meccanismo di sollevamento e raccoglitore di grassi. Il raccoglitore di grassi garantisce un risultato migliore riducendo le fiamme durante la cottura. I profili a V sono leggermente inclinati e guidano il vassoio di raccolta dei grassi. Tutto questo si traduce in una grigliata pi\u00f9 uniforme e in un sapore meno bruciato. Goditi le migliori bistecche, costolette, salsicce o verdure con la griglia GrillSymbol Argentina XXL!    <\/span><\/p>\n","protected":false},"featured_media":27738,"comment_status":"open","ping_status":"closed","template":"","meta":{"footnotes":""},"class_list":["post-27737","product","type-product","status-publish","has-post-thumbnail","hentry","product_cat-set-di-bruciatori-wok","product_cat-accessori-per-barbecue"],"_links":{"self":[{"href":"https:\/\/www.grillsymbol.com\/it\/wp-json\/wp\/v2\/product\/27737","targetHints":{"allow":["GET"]}}],"collection":[{"href":"https:\/\/www.grillsymbol.com\/it\/wp-json\/wp\/v2\/product"}],"about":[{"href":"https:\/\/www.grillsymbol.com\/it\/wp-json\/wp\/v2\/types\/product"}],"replies":[{"embeddable":true,"href":"https:\/\/www.grillsymbol.com\/it\/wp-json\/wp\/v2\/comments?post=27737"}],"version-history":[{"count":0,"href":"https:\/\/www.grillsymbol.com\/it\/wp-json\/wp\/v2\/product\/27737\/revisions"}],"wp:featuredmedia":[{"embeddable":true,"href":"https:\/\/www.grillsymbol.com\/it\/wp-json\/wp\/v2\/media\/27738"}],"wp:attachment":[{"href":"https:\/\/www.grillsymbol.com\/it\/wp-json\/wp\/v2\/media?parent=27737"}],"curies":[{"name":"wp","href":"https:\/\/api.w.org\/{rel}","templated":true}]}}