{"id":27739,"date":"2024-01-11T17:01:53","date_gmt":"2026-01-06T08:24:55","guid":{"rendered":"https:\/\/www.grillsymbol.com\/shop\/uncategorized\/spiedini-grillsymbol-3-pezzi-x-77-cm\/"},"modified":"2026-01-06T08:24:55","modified_gmt":"2026-01-06T08:24:55","slug":"griglie-simbolo-skewers-3-pz-x-77-cm","status":"publish","type":"product","link":"https:\/\/www.grillsymbol.com\/it\/shop\/accessori-per-barbecue\/griglie-simbolo-skewers-3-pz-x-77-cm\/","title":{"rendered":"Spiedini GrillSymbol 3 pezzi x 77 cm"},"content":{"rendered":"<ul>\n<li>3 pezzi nel set<\/li>\n<li>Realizzato in acciaio inox da 3 mm<\/li>\n<li>Lunghezza 77 cm (parte dritta 70 cm)<\/li>\n<li>All&#8217;estremit\u00e0 \u00e8 affusolata: \u00e8 facile rimuovere la carne dal bastoncino.<\/li>\n<li>Sono compatibili con le griglie GrillSymbol Naked Chef XXL.<\/li>\n<\/ul>\n<p>&nbsp;<\/p>\n<p>&nbsp;<\/p>\n","protected":false},"excerpt":{"rendered":"<p>Gli spiedini sono realizzati in acciaio inox spesso.<\/p>\n<p>Sono compatibili con le griglie GrillSymbol Naked Chef XXL. 3 pezzi nel set. <\/p>\n<p>&nbsp;<\/p>\n<p>&nbsp;<\/p>\n<p>&nbsp;<\/p>\n<p>&nbsp;<\/p>\n","protected":false},"featured_media":27740,"comment_status":"open","ping_status":"closed","template":"","meta":{"footnotes":""},"class_list":["post-27739","product","type-product","status-publish","has-post-thumbnail","hentry","product_cat-set-di-bruciatori-wok","product_cat-accessori-per-barbecue"],"_links":{"self":[{"href":"https:\/\/www.grillsymbol.com\/it\/wp-json\/wp\/v2\/product\/27739","targetHints":{"allow":["GET"]}}],"collection":[{"href":"https:\/\/www.grillsymbol.com\/it\/wp-json\/wp\/v2\/product"}],"about":[{"href":"https:\/\/www.grillsymbol.com\/it\/wp-json\/wp\/v2\/types\/product"}],"replies":[{"embeddable":true,"href":"https:\/\/www.grillsymbol.com\/it\/wp-json\/wp\/v2\/comments?post=27739"}],"version-history":[{"count":0,"href":"https:\/\/www.grillsymbol.com\/it\/wp-json\/wp\/v2\/product\/27739\/revisions"}],"wp:featuredmedia":[{"embeddable":true,"href":"https:\/\/www.grillsymbol.com\/it\/wp-json\/wp\/v2\/media\/27740"}],"wp:attachment":[{"href":"https:\/\/www.grillsymbol.com\/it\/wp-json\/wp\/v2\/media?parent=27739"}],"curies":[{"name":"wp","href":"https:\/\/api.w.org\/{rel}","templated":true}]}}