{"id":27807,"date":"2021-11-30T05:27:04","date_gmt":"2026-01-06T08:50:28","guid":{"rendered":"https:\/\/www.grillsymbol.com\/shop\/uncategorized\/grillsymbol-grill-a-carbonella-naked-chef-xxl-silver\/"},"modified":"2026-04-05T11:49:22","modified_gmt":"2026-04-05T11:49:22","slug":"grillsymbol-charcoal-grill-naked-chef-xxl-silver-2","status":"publish","type":"product","link":"https:\/\/www.grillsymbol.com\/it\/shop\/affumicatori-per-barbecue-e-griglie-a-carbone\/grillsymbol-charcoal-grill-naked-chef-xxl-silver-2\/","title":{"rendered":"GrillSymbol Grill a carbonella Naked Chef XXL Silver"},"content":{"rendered":"<p><strong>Informazioni tecniche:<\/strong><\/p>\n<ul>\n<li>Dimensioni: 116 x 65 x 90 cm (larghezza * profondit\u00e0 * altezza)<\/li>\n<li>Peso: 70 kg<\/li>\n<li>Tutte le parti dell barbecue portatile a carbonella sono in acciaio inox<\/li>\n<li>Area di cottura: 115 x 62 cm<\/li>\n<li>Dimensioni della griglia di cottura 62 x 38 cm (set di 2 griglie)<\/li>\n<li>La parte inferiore della griglia \u00e8 dotata di prese d&#8217;aria regolabili<\/li>\n<li>Le gambe sono fissate con bulloni a farfalla<\/li>\n<li>Le gambe sono dotate di suole che aumentano la stabilit\u00e0<\/li>\n<li>Materiale della padella per la preparazione della carbonella: acciaio inox da 2 mm.<\/li>\n<li>Vassoio per carbonella per barbecue: Base in acciaio inox da 1,2 mm e cornice da 3 mm<\/li>\n<li>La griglia \u00e8 dotata di protezione dal vento e dagli schizzi 116 x 15 cm (larghezza * altezza)<\/li>\n<\/ul>\n<p>&nbsp;<\/p>\n<p><strong>Accessori per la griglia a carbone Chef XXL:<\/strong> (non inclusi nel prezzo)<\/p>\n<ul>\n<li>Coperchio della griglia in acciaio inox (copre 2\/3 dell&#8217;area di cottura, 62 x 76 cm)<\/li>\n<li>Griglia di cottura classica, acciaio rotondo \u00f8 8 mm (copre 1\/3 della superficie della griglia, 62 x 38 cm)<\/li>\n<li>Griglia argentina (copre i 2\/3 della superficie della griglia, 62 x 76 cm)<\/li>\n<li>Padella in acciaio inox da 5 mm (copre 1\/3 dell&#8217;area della griglia, 62 x 38 cm)<\/li>\n<li>Ripiani laterali della griglia, acciaio inox 2 pezzi<\/li>\n<li>Ripiano per griglia di cottura (contiene 3 griglie di cottura)<\/li>\n<li>Adattatore per vassoio GN 1\/1 (copre 1\/3 della superficie della griglia, 62 x 38 cm)<\/li>\n<\/ul>\n<p>&nbsp;<\/p>\n<p><strong>NB!<\/strong> Quando viene grigliato ed esposto al calore, il corpo in acciaio inox del barbecue a volte diventa viola. Tieni presente che l&#8217;esterno del barbecue portatile a carbonella cambier\u00e0 colore nel tempo.<\/p>\n<p><strong>NB!<\/strong> Il prodotto non deve essere installato su una base di legno, in quanto la griglia presenta delle piccole aperture da cui potrebbe fuoriuscire una piccola quantit\u00e0 di cenere o scintille.<\/p>\n","protected":false},"excerpt":{"rendered":"<p><strong>Naked Chef XXL Silver<\/strong> \u00e8 una griglia a carbone grande, performante, affidabile e solida. Facile da montare e smontare, occupa poco spazio e svolge perfettamente il suo lavoro. Le dimensioni dell&#8217;area della griglia sono 115 x 62 cm. Il set comprende 2 griglie di cottura in acciaio inox per i 2\/3 dell&#8217;area della griglia, una padella per la preparazione della carbonella e un tegame per la carbonella. La griglia \u00e8 dotata di una protezione antivento e antispruzzo larga 15 cm, che pu\u00f2 essere utilizzata come zona di raffreddamento quando si griglia nella posizione inferiore.    <\/p>\n<p>Le griglie a carbone Chef sono una combinazione di vecchi classici e materiali moderni. Una forma antica e classica, dettagli pratici e materiali moderni. Anche il materiale \u00e8 stato utilizzato come ai vecchi tempi e in quantit\u00e0 generosa! Il corpo della griglia \u00e8 realizzato in<strong> acciaio inox<\/strong> da 3 mm, che mantiene stabile la temperatura durante la cottura alla griglia.   <\/p>\n","protected":false},"featured_media":27808,"comment_status":"open","ping_status":"closed","template":"","meta":{"footnotes":""},"class_list":["post-27807","product","type-product","status-publish","has-post-thumbnail","hentry","product_cat-affumicatori-per-barbecue-e-griglie-a-carbone"],"_links":{"self":[{"href":"https:\/\/www.grillsymbol.com\/it\/wp-json\/wp\/v2\/product\/27807","targetHints":{"allow":["GET"]}}],"collection":[{"href":"https:\/\/www.grillsymbol.com\/it\/wp-json\/wp\/v2\/product"}],"about":[{"href":"https:\/\/www.grillsymbol.com\/it\/wp-json\/wp\/v2\/types\/product"}],"replies":[{"embeddable":true,"href":"https:\/\/www.grillsymbol.com\/it\/wp-json\/wp\/v2\/comments?post=27807"}],"version-history":[{"count":1,"href":"https:\/\/www.grillsymbol.com\/it\/wp-json\/wp\/v2\/product\/27807\/revisions"}],"predecessor-version":[{"id":35230,"href":"https:\/\/www.grillsymbol.com\/it\/wp-json\/wp\/v2\/product\/27807\/revisions\/35230"}],"wp:featuredmedia":[{"embeddable":true,"href":"https:\/\/www.grillsymbol.com\/it\/wp-json\/wp\/v2\/media\/27808"}],"wp:attachment":[{"href":"https:\/\/www.grillsymbol.com\/it\/wp-json\/wp\/v2\/media?parent=27807"}],"curies":[{"name":"wp","href":"https:\/\/api.w.org\/{rel}","templated":true}]}}