{"id":27932,"date":"2021-12-03T10:27:18","date_gmt":"2026-01-06T09:09:53","guid":{"rendered":"https:\/\/www.grillsymbol.com\/shop\/uncategorized\/grillsymbol-affumicatore-bbq-smoky-beast-silver\/"},"modified":"2026-04-05T11:20:53","modified_gmt":"2026-04-05T11:20:53","slug":"grillsymbol-bbq-smoker-smoky-beast-silver","status":"publish","type":"product","link":"https:\/\/www.grillsymbol.com\/it\/shop\/affumicatori-per-barbecue-e-griglie-a-carbone\/grillsymbol-bbq-smoker-smoky-beast-silver\/","title":{"rendered":"GrillSymbol Affumicatore BBQ Smoky Beast Silver"},"content":{"rendered":"<p><strong>Smoky Beast<\/strong> <strong>Silver<\/strong> ha una capacit\u00e0 maggiore rispetto ai modelli pi\u00f9 grandi di affumicatori Kamado in ceramica (designati come XL, Big Joe \/ Pro Joe). L&#8217;area totale delle due griglie \u00e8 di 5865 cm2. <\/p>\n<p>Il BBQ-Smoker non ha bisogno di essere conservato all&#8217;interno o coperto per l&#8217;inverno, perch\u00e9 l&#8217;acciaio Corten e l&#8217;acciaio inossidabile possono resistere a qualsiasi condizione atmosferica. L&#8217;acciaio \u00e8 anche in grado di resistere agli sbalzi di temperatura: non c&#8217;\u00e8 bisogno di temere che l&#8217;affumicatore si rompa o si incrini. <\/p>\n<p>Se vuoi spostare il tuo affumicatore da un luogo all&#8217;altro, prestarlo a un amico o a un vicino, \u00e8 molto semplice: l&#8217;affumicatore per barbecue pu\u00f2 essere trasportato anche nel pianale di un camion. L&#8217;affumicatore <strong>non \u00e8 <\/strong>un prodotto delicato che deve essere maneggiato con estrema cautela. <\/p>\n<p><strong>Specifiche tecniche del BBQ-Affumicatore:<\/strong><\/p>\n<p><em>Il prezzo include<\/em>: vasca per il carbone, modulo per il bricchetto della griglia, tre ripiani.  <strong><br \/>\n<\/strong><\/p>\n<p>&nbsp;<\/p>\n<ul>\n<li>La camera di cottura \u00e8 realizzata in acciaio inox da 3 mm.<\/li>\n<li>Il camino \u00e8 realizzato in acciaio Corten da 3 mm.<\/li>\n<li>Il vano cottura e il camino sono separabili, le pile sono separabili.<\/li>\n<li>Il BBQ-Smoker non \u00e8 colorato.<\/li>\n<li>Cerniere infrangibili (in acciaio inox da 5 mm).<\/li>\n<li>Spazio di cottura 70 x 50 cm.<\/li>\n<li>Due griglie su piani diversi con le seguenti dimensioni: 69\u00d749 cm e 69\u00d736 cm. Il materiale \u00e8 acciaio inossidabile. <\/li>\n<li>Capacit\u00e0: due vassoi con circa 20 kg di costine culinarie possono essere montati contemporaneamente sulle due griglie.<\/li>\n<li>Le pile su ogni lato assicurano una distribuzione uniforme del calore.<\/li>\n<li>L&#8217;acqua viene aggiunta al bagno d&#8217;acqua attraverso un tubo speciale e non \u00e8 necessario aprire l&#8217;affumicatore.<\/li>\n<li>Il grasso fuoriesce dall&#8217;affumicatore attraverso uno scarico e gocciola in un apposito secchio.<\/li>\n<li>In cima ai camini ci sono delle serrande che possono essere utilizzate per regolare la temperatura del forno.<\/li>\n<li>L&#8217;affumicatore per barbecue \u00e8 dotato di un termometro esterno (su una scala di 0-300 C).<\/li>\n<li>La profondit\u00e0 del camino \u00e8 di 48 cm, il fondo \u00e8 costituito da una griglia in ghisa.<\/li>\n<li>Nella parte anteriore del camino c&#8217;\u00e8 un piano di cottura di 20\u00d720 cm per riscaldare le salse.<\/li>\n<li>La porta pu\u00f2 essere bloccata in due posizioni: questo \u00e8 un buon modo per regolare la temperatura.<\/li>\n<li>La porta del caminetto ha una doppia parete ed \u00e8 quindi pi\u00f9 resistente al calore.<\/li>\n<li>Peso: 101 kg<\/li>\n<\/ul>\n","protected":false},"excerpt":{"rendered":"<p>Il <strong>classico affumicatore BBQ a due ripiani Smoky Beast Silver<\/strong> ti permette di assaporare le migliori esperienze di gusto. L&#8217;affumicatore \u00e8 realizzato a mano in acciaio inossidabile e acciaio Corten. Per arrostire il barbecue, l&#8217;affumicatore pu\u00f2 essere riscaldato con <strong>legna da ardere<\/strong> o <strong>bricchette<\/strong>. Inoltre, hai la possibilit\u00e0 di utilizzare l&#8217;affumicatore come griglia a carbone. Se per l&#8217;affumicatura o la cottura al barbecue il calore proviene dal camino, per la cottura alla griglia avrai a disposizione una speciale vasca per la carbonella che viene installata sotto le griglie.    <\/p>\n<p>Il corpo in acciaio inox e il colore rosso-marrone del focolare in acciaio Cor-Ten si abbinano in modo unico. Lo Smoky Beast Silver si distingue chiaramente dalla concorrenza per il suo aspetto imponente. <\/p>\n","protected":false},"featured_media":27933,"comment_status":"open","ping_status":"closed","template":"","meta":{"footnotes":""},"class_list":["post-27932","product","type-product","status-publish","has-post-thumbnail","hentry","product_cat-affumicatori-per-barbecue-e-griglie-a-carbone"],"_links":{"self":[{"href":"https:\/\/www.grillsymbol.com\/it\/wp-json\/wp\/v2\/product\/27932","targetHints":{"allow":["GET"]}}],"collection":[{"href":"https:\/\/www.grillsymbol.com\/it\/wp-json\/wp\/v2\/product"}],"about":[{"href":"https:\/\/www.grillsymbol.com\/it\/wp-json\/wp\/v2\/types\/product"}],"replies":[{"embeddable":true,"href":"https:\/\/www.grillsymbol.com\/it\/wp-json\/wp\/v2\/comments?post=27932"}],"version-history":[{"count":1,"href":"https:\/\/www.grillsymbol.com\/it\/wp-json\/wp\/v2\/product\/27932\/revisions"}],"predecessor-version":[{"id":28024,"href":"https:\/\/www.grillsymbol.com\/it\/wp-json\/wp\/v2\/product\/27932\/revisions\/28024"}],"wp:featuredmedia":[{"embeddable":true,"href":"https:\/\/www.grillsymbol.com\/it\/wp-json\/wp\/v2\/media\/27933"}],"wp:attachment":[{"href":"https:\/\/www.grillsymbol.com\/it\/wp-json\/wp\/v2\/media?parent=27932"}],"curies":[{"name":"wp","href":"https:\/\/api.w.org\/{rel}","templated":true}]}}