{"id":28034,"date":"2017-04-11T06:59:59","date_gmt":"2026-01-06T09:11:14","guid":{"rendered":"https:\/\/www.grillsymbol.com\/shop\/uncategorized\/cassetto-carbone-smoky-beast\/"},"modified":"2026-03-26T15:19:46","modified_gmt":"2026-03-26T15:19:46","slug":"cassetto-carbone-bestia-fumosa","status":"publish","type":"product","link":"https:\/\/www.grillsymbol.com\/it\/shop\/ricambi-e-componenti\/cassetto-carbone-bestia-fumosa\/","title":{"rendered":"Cassetto carbone Smoky Beast"},"content":{"rendered":"<ul>\n<li>Realizzato in acciaio inox da 1,5 mm<\/li>\n<li>Peso: 2,2 kg<\/li>\n<li>Dimensioni: 44 x 40 x 8 cm<\/li>\n<\/ul>\n<p>Oltre al barbecue, \u00e8 possibile grigliare negli affumicatori; a tale scopo abbiamo sviluppato una speciale vasca per il carbone. La vasca del carbone deve essere posizionata sul fondo del cassetto del fumo e le vaschette del grasso devono essere rimosse. La forma specifica e la perforazione del materiale della vasca del carbone garantiscono una sufficiente circolazione dell&#8217;aria, in modo che il carbone rimanga &#8220;vivo&#8221;. L&#8217;intensit\u00e0 della circolazione dell&#8217;aria pu\u00f2 essere regolata con le serrande che si trovano alle estremit\u00e0 dei camini e con la porta del vano di riscaldamento.   <\/p>\n<p>\u00c8 possibile grigliare utilizzando carbone per grigliate o bricchette per grigliate. Il carbone per grigliate pu\u00f2 essere &#8220;prodotto&#8221; prima della grigliata nel vano di riscaldamento bruciando legna da ardere, in modo da generare il carbone. <\/p>\n<p>&nbsp;<\/p>\n","protected":false},"excerpt":{"rendered":"<p>Cassetto per la carbonella SBCH. Adatto ai BBQ Smoky Beast e Smoky Beast XL. <\/p>\n<p>I cassetti per la carbonella possono essere inseriti nel grill:<\/p>\n<p>Smoky Beast = 1 pezzo<br \/>\nSmoky Beast XL= 2 pezzi<\/p>\n<p>NB! \u00c8 un pezzo di ricambio. Quando acquisti un affumicatore per barbecue, il cassetto per la carbonella \u00e8 incluso nel set e non \u00e8 necessario acquistarlo separatamente. <\/p>\n<p>Materiale: acciaio inox<\/p>\n","protected":false},"featured_media":28035,"comment_status":"open","ping_status":"closed","template":"","meta":{"footnotes":""},"class_list":["post-28034","product","type-product","status-publish","has-post-thumbnail","hentry","product_cat-ricambi-e-componenti"],"_links":{"self":[{"href":"https:\/\/www.grillsymbol.com\/it\/wp-json\/wp\/v2\/product\/28034","targetHints":{"allow":["GET"]}}],"collection":[{"href":"https:\/\/www.grillsymbol.com\/it\/wp-json\/wp\/v2\/product"}],"about":[{"href":"https:\/\/www.grillsymbol.com\/it\/wp-json\/wp\/v2\/types\/product"}],"replies":[{"embeddable":true,"href":"https:\/\/www.grillsymbol.com\/it\/wp-json\/wp\/v2\/comments?post=28034"}],"version-history":[{"count":0,"href":"https:\/\/www.grillsymbol.com\/it\/wp-json\/wp\/v2\/product\/28034\/revisions"}],"wp:featuredmedia":[{"embeddable":true,"href":"https:\/\/www.grillsymbol.com\/it\/wp-json\/wp\/v2\/media\/28035"}],"wp:attachment":[{"href":"https:\/\/www.grillsymbol.com\/it\/wp-json\/wp\/v2\/media?parent=28034"}],"curies":[{"name":"wp","href":"https:\/\/api.w.org\/{rel}","templated":true}]}}