{"id":28167,"date":"2025-01-13T10:45:24","date_gmt":"2026-01-06T09:39:55","guid":{"rendered":"https:\/\/www.grillsymbol.com\/shop\/uncategorized\/grillsymbol-charcoal-grill-chef-xl-silver\/"},"modified":"2026-04-08T15:07:58","modified_gmt":"2026-04-08T15:07:58","slug":"grillsymbol-charcoal-grill-chef-xl-silver","status":"publish","type":"product","link":"https:\/\/www.grillsymbol.com\/it\/shop\/affumicatori-per-barbecue-e-griglie-a-carbone\/grillsymbol-charcoal-grill-chef-xl-silver\/","title":{"rendered":"GrillSymbol Charcoal Grill Chef XL Silver"},"content":{"rendered":"<ul>\n<li>Misure: 151 x 35 x 95 cm (larghezza* profondit\u00e0* altezza)<\/li>\n<li>Peso: 70 kg<\/li>\n<li>Area di cottura: 109 x 34 cm, 1 griglia di cottura \u00e8 inclusa nel set.<\/li>\n<li><span class=\"VIiyi\" lang=\"en\"><span class=\"JLqJ4b ChMk0b\" data-language-for-alternatives=\"en\" data-language-to-translate-into=\"sv\" data-phrase-index=\"0\" data-number-of-phrases=\"1\"><span class=\"Q4iAWc\">Altezza: dal fondo alla superficie della griglia 80 cm, dal fondo al coperchio 95 cm<\/span><\/span><\/span><\/li>\n<li>Le dimensioni della griglia di cottura sono 50 x 33 cm, la versione XL include 2 griglie (a scelta: ZZG, CG-1, VG, MG o FTG &#8211; <strong>al momento dell&#8217;ordine, scrivi la tua preferenza nella casella delle informazioni aggiuntive, altrimenti ZZG \u00e8 inclusa<\/strong>)<\/li>\n<li>Capacit\u00e0 della griglia: 1,5-2,5 kg di carne o salsicce<\/li>\n<li>Per le grigliate, usa carbonella, bricchette o brucia tu stesso la carbonella.<\/li>\n<li>Per la carbonella, la griglia dispone di 2 vaschette <strong>in acciaio inox<\/strong>, facili da svuotare.<\/li>\n<li>Sui lati della griglia sono presenti dei fori di ventilazione che garantiscono un buon ricambio d&#8217;aria.<\/li>\n<li>Ci sono delle tacche nell&#8217;involucro della griglia, che possono essere utilizzate per fissare la posizione degli spiedini.<\/li>\n<li>Sul coperchio \u00e8 presente una valvola di ventilazione che pu\u00f2 essere utilizzata per regolare la ventilazione.<\/li>\n<li>La griglia \u00e8 dotata di un termometro esterno con scala da 0 a 300 \u00b0C.<\/li>\n<li>La cappa, i pannelli laterali e il ripiano inferiore sono in acciaio inox.<\/li>\n<li>Consegnato come parti, tempo di montaggio approssimativo 30 min.<\/li>\n<\/ul>\n<p>&nbsp;<\/p>\n<p><strong>NB! Informazioni importanti:<\/strong><\/p>\n<ul>\n<li>Il prodotto non deve essere installato su una base di legno, in quanto la griglia presenta delle piccole aperture da cui potrebbe fuoriuscire una piccola quantit\u00e0 di cenere o scintille.<\/li>\n<li>Sebbene in caso di forti piogge possa penetrare un po&#8217; d&#8217;acqua all&#8217;interno del barbecue portatile a carbonella dalla microfessura tra il coperchio e l&#8217;involucro del barbecue portatile a carbonella, non succede nulla: l&#8217;acqua in eccesso fuoriesce dal foro di ventilazione sul fondo e non danneggia il materiale, poich\u00e9 l&#8217;acciaio inossidabile \u00e8 un materiale durevole.<\/li>\n<li>Quando viene grigliato ed esposto al calore, il corpo in acciaio inox del barbecue a volte diventa viola. Tieni presente che l&#8217;esterno del barbecue portatile a carbonella cambier\u00e0 colore nel tempo.<\/li>\n<\/ul>\n<h5><\/h5>\n","protected":false},"excerpt":{"rendered":"<p>Le <strong>griglie a carbone Chef-XL<\/strong> rappresentano una combinazione di classici e materiali contemporanei. Forma familiare e classica, dettagli pratici e materiali moderni. Nel 2024 abbiamo lanciato un nuovo modello pi\u00f9 funzionale rispetto al suo predecessore: la griglia ha un migliore scambio d&#8217;aria, vassoi per la carbonella pi\u00f9 grandi, un ampio ripiano in acciaio inox e fori per il fissaggio degli spiedini. Grazie all&#8217;ampia superficie di cottura, \u00e8 possibile utilizzare due griglie contemporaneamente. Oppure una griglia con altri accessori.    <\/p>\n<p>I materiali sono stati utilizzati come ai vecchi tempi e non si \u00e8 badato a spese! L&#8217;involucro della griglia \u00e8 stato realizzato in acciaio inox da 3 mm che mantiene una temperatura stabile durante la cottura. La cosa pi\u00f9 impressionante, tuttavia, \u00e8 la griglia in acciaio da 5 mm: il tutto per un&#8217;esperienza di grigliata perfetta. <\/p>\n<p>Le gambe della griglia e i dettagli pi\u00f9 piccoli sono stati progettati in modo da poter essere prodotti con i residui di produzione di altri prodotti. Vogliamo utilizzare il materiale nel modo pi\u00f9 efficiente possibile e ridurre cos\u00ec l&#8217;impatto ambientale. <\/p>\n<p>L&#8217;acciaio inossidabile \u00e8 un materiale resistente alle intemperie: il grill Chef ti aspetta 365 giorni all&#8217;anno, all&#8217;aperto e con ogni tempo immaginabile.<\/p>\n<p>&nbsp;<\/p>\n","protected":false},"featured_media":28168,"comment_status":"open","ping_status":"closed","template":"","meta":{"footnotes":""},"class_list":["post-28167","product","type-product","status-publish","has-post-thumbnail","hentry","product_cat-affumicatori-per-barbecue-e-griglie-a-carbone"],"_links":{"self":[{"href":"https:\/\/www.grillsymbol.com\/it\/wp-json\/wp\/v2\/product\/28167","targetHints":{"allow":["GET"]}}],"collection":[{"href":"https:\/\/www.grillsymbol.com\/it\/wp-json\/wp\/v2\/product"}],"about":[{"href":"https:\/\/www.grillsymbol.com\/it\/wp-json\/wp\/v2\/types\/product"}],"replies":[{"embeddable":true,"href":"https:\/\/www.grillsymbol.com\/it\/wp-json\/wp\/v2\/comments?post=28167"}],"version-history":[{"count":1,"href":"https:\/\/www.grillsymbol.com\/it\/wp-json\/wp\/v2\/product\/28167\/revisions"}],"predecessor-version":[{"id":28200,"href":"https:\/\/www.grillsymbol.com\/it\/wp-json\/wp\/v2\/product\/28167\/revisions\/28200"}],"wp:featuredmedia":[{"embeddable":true,"href":"https:\/\/www.grillsymbol.com\/it\/wp-json\/wp\/v2\/media\/28168"}],"wp:attachment":[{"href":"https:\/\/www.grillsymbol.com\/it\/wp-json\/wp\/v2\/media?parent=28167"}],"curies":[{"name":"wp","href":"https:\/\/api.w.org\/{rel}","templated":true}]}}